{"id":5254,"date":"2026-04-19T13:33:28","date_gmt":"2026-04-19T13:33:28","guid":{"rendered":"https:\/\/stasadesign.com\/?post_type=product&#038;p=5254"},"modified":"2026-04-19T13:36:20","modified_gmt":"2026-04-19T13:36:20","slug":"top-s-volanima-copy-copy-copy","status":"publish","type":"product","link":"https:\/\/stasadesign.com\/hr\/proizvod\/top-s-volanima-copy-copy-copy\/","title":{"rendered":"TOP S VOLANIMA (Copy) (Copy) (Copy)"},"content":{"rendered":"<p class=\"\" data-start=\"104\" data-end=\"118\"><strong data-start=\"104\" data-end=\"118\">Top s volanima<\/strong><\/p>\n<p class=\"\" data-start=\"120\" data-end=\"291\"> <strong data-start=\"120\" data-end=\"136\">Opis:<\/strong><br data-start=\"136\" data-end=\"139\" \/> Top bez rukava, \u0161irokog kroja s mekim volanima na rubu za razigran, \u017eenstven dodir. Lagan i lepr\u0161av &#8211; savr\u0161en za tople dane ili jednostavno slojevito obla\u010denje.<\/p>\n<p class=\"\" data-start=\"293\" data-end=\"312\"> <strong data-start=\"293\" data-end=\"310\">Klju\u010dne zna\u010dajke:<\/strong><\/p>\n<ul>\n<li data-start=\"315\" data-end=\"462\"> <strong data-start=\"315\" data-end=\"328\">Materijal:<\/strong> 85% viskoza, 15% poliester \u2013 glatko, prozra\u010dno i lagano. Certificirano prema Oeko-Tex Standard 100 (klasa 2) za sigurno i ko\u017ei ugodno no\u0161enje.<\/li>\n<li data-start=\"465\" data-end=\"547\"> <strong data-start=\"465\" data-end=\"476\">Dizajn:<\/strong> Opu\u0161tena silueta s nabranim donjim rubom za pokret i \u0161arm.<\/li>\n<li data-start=\"550\" data-end=\"593\"> <strong data-start=\"550\" data-end=\"569\">Opcije boja:<\/strong> terakota i crna.<\/li>\n<\/ul>\n<p class=\"\" data-start=\"595\" data-end=\"712\"> <strong data-start=\"595\" data-end=\"618\">Za\u0161to \u0107ete ga voljeti:<\/strong><br data-start=\"618\" data-end=\"621\" \/> Udobnost susre\u0107e le\u017eerni stil &#8211; ovaj top je svestran, le\u017eeran i jednostavan za odijevanje ili spu\u0161tanje.<\/p>\n<p class=\"\" data-start=\"714\" data-end=\"845\"> <strong data-start=\"714\" data-end=\"736\">Upute za njegu:<\/strong><br data-start=\"736\" data-end=\"739\" \/> Prati u perilici rublja u hladnoj vodi na 30\u00b0C sa sli\u010dnim bojama. Pa\u017eljivo rukujte kako biste odr\u017eali meko\u0107u i oblik tkanine.<\/p>\n<p class=\"\" data-start=\"847\" data-end=\"889\"> <strong data-start=\"847\" data-end=\"862\">Informacije o modelu:<\/strong><br data-start=\"862\" data-end=\"865\" \/> Model nosi veli\u010dinu S.<\/p>\n","protected":false},"excerpt":{"rendered":"<p>Top s volanima Opis: Top bez rukava, \u0161irokog kroja s mekim volanima na rubu za razigran, \u017eenstven dodir. Lagan i lepr\u0161av &#8211; savr\u0161en za tople dane ili jednostavno slojevito obla\u010denje. Klju\u010dne zna\u010dajke: Materijal: 85% viskoza, 15% poliester \u2013 glatko, prozra\u010dno i lagano. Certificirano prema Oeko-Tex Standard 100 (klasa 2) za sigurno i ko\u017ei ugodno no\u0161enje. [&hellip;]<\/p>\n","protected":false},"featured_media":5261,"template":"","meta":{"_acf_changed":false},"product_brand":[],"product_cat":[33],"product_tag":[],"class_list":{"0":"post-5254","1":"product","2":"type-product","3":"status-publish","4":"has-post-thumbnail","6":"product_cat-aw-25-26","7":"pa_size-l","8":"pa_size-m","9":"pa_size-s","11":"first","12":"instock","13":"shipping-taxable","14":"purchasable","15":"product-type-variable"},"acf":[],"_links":{"self":[{"href":"https:\/\/stasadesign.com\/hr\/wp-json\/wp\/v2\/product\/5254","targetHints":{"allow":["GET"]}}],"collection":[{"href":"https:\/\/stasadesign.com\/hr\/wp-json\/wp\/v2\/product"}],"about":[{"href":"https:\/\/stasadesign.com\/hr\/wp-json\/wp\/v2\/types\/product"}],"wp:featuredmedia":[{"embeddable":true,"href":"https:\/\/stasadesign.com\/hr\/wp-json\/wp\/v2\/media\/5261"}],"wp:attachment":[{"href":"https:\/\/stasadesign.com\/hr\/wp-json\/wp\/v2\/media?parent=5254"}],"wp:term":[{"taxonomy":"product_brand","embeddable":true,"href":"https:\/\/stasadesign.com\/hr\/wp-json\/wp\/v2\/product_brand?post=5254"},{"taxonomy":"product_cat","embeddable":true,"href":"https:\/\/stasadesign.com\/hr\/wp-json\/wp\/v2\/product_cat?post=5254"},{"taxonomy":"product_tag","embeddable":true,"href":"https:\/\/stasadesign.com\/hr\/wp-json\/wp\/v2\/product_tag?post=5254"}],"curies":[{"name":"wp","href":"https:\/\/api.w.org\/{rel}","templated":true}]}}