{"id":5200,"date":"2026-04-19T13:14:36","date_gmt":"2026-04-19T13:14:36","guid":{"rendered":"https:\/\/stasadesign.com\/?post_type=product&#038;p=5200"},"modified":"2026-04-19T13:19:18","modified_gmt":"2026-04-19T13:19:18","slug":"skracene-hlace-copy-copy-copy","status":"publish","type":"product","link":"https:\/\/stasadesign.com\/hr\/proizvod\/skracene-hlace-copy-copy-copy\/","title":{"rendered":"SKRA\u0106ENE HLA\u010cE (Copy) (Copy) (Copy)"},"content":{"rendered":"<p class=\"\" data-start=\"109\" data-end=\"125\"><strong>Kratke hla\u010de<\/strong><\/p>\n<p class=\"\" data-start=\"127\" data-end=\"408\"> <strong data-start=\"127\" data-end=\"143\">Opis:<\/strong><br data-start=\"143\" data-end=\"146\" \/> Bez napora elegantne i udobne, ove skra\u0107ene hla\u010de imaju prednje nabore, opu\u0161teni ravni kroj i elasti\u010dni pojas za lako pristajanje. Zavr\u0161ene bo\u010dnim d\u017eepovima i skra\u0107ene odmah iznad gle\u017enja, savr\u0161ene su za svakodnevno no\u0161enje u toplijim godi\u0161njim dobima.<\/p>\n<p class=\"\" data-start=\"410\" data-end=\"429\"> <strong data-start=\"410\" data-end=\"427\">Klju\u010dne zna\u010dajke:<\/strong> <\/p>\n<ul data-start=\"430\" data-end=\"754\">\n<li class=\"\" data-start=\"430\" data-end=\"585\">\n<p class=\"\" data-start=\"432\" data-end=\"585\"> <strong data-start=\"432\" data-end=\"445\">Materijal:<\/strong> 85% viskoza, 15% poliester \u2013 glatko, prozra\u010dno i lagano. Certificirano prema Oeko-Tex Standard 100 (klasa 2) za sigurno i ko\u017ei ugodno no\u0161enje.<\/p>\n<\/li>\n<li class=\"\" data-start=\"586\" data-end=\"708\">\n<p class=\"\" data-start=\"588\" data-end=\"708\"> <strong data-start=\"588\" data-end=\"599\">Dizajn:<\/strong> Skra\u0107ena duljina (do sredine teleta), ravna nogavica, prednji nabori, bo\u010dni d\u017eepovi i elasti\u010dni pojas za udobnost.<\/p>\n<\/li>\n<li class=\"\" data-start=\"709\" data-end=\"754\">\n<p class=\"\" data-start=\"711\" data-end=\"754\"> <strong data-start=\"711\" data-end=\"730\">Opcije boja:<\/strong> terakota i crna.<\/p>\n<\/li>\n<\/ul>\n<p class=\"\" data-start=\"756\" data-end=\"935\"> <strong data-start=\"756\" data-end=\"779\">Za\u0161to \u0107ete ga voljeti:<\/strong><br data-start=\"779\" data-end=\"782\" \/> Ove hla\u010de kombiniraju udobnost s \u010distim, minimalisti\u010dkim dizajnom. Lako se stiliziraju sa strukturiranim i opu\u0161tenim gornjim dijelom za izgled koji je profinjen, a opet lagan.<\/p>\n<p class=\"\" data-start=\"937\" data-end=\"1068\"> <strong data-start=\"937\" data-end=\"959\">Upute za njegu:<\/strong><br data-start=\"959\" data-end=\"962\" \/> Prati u perilici rublja u hladnoj vodi na 30\u00b0C sa sli\u010dnim bojama. Pa\u017eljivo rukujte kako biste odr\u017eali meko\u0107u i oblik tkanine.<\/p>\n<p class=\"\" data-start=\"1070\" data-end=\"1112\"> <strong data-start=\"1070\" data-end=\"1085\">Informacije o modelu:<\/strong><br data-start=\"1085\" data-end=\"1088\" \/> Model nosi veli\u010dinu S.<\/p>\n","protected":false},"excerpt":{"rendered":"<p>Kratke hla\u010de Opis: Bez napora elegantne i udobne, ove skra\u0107ene hla\u010de imaju prednje nabore, opu\u0161teni ravni kroj i elasti\u010dni pojas za lako pristajanje. Zavr\u0161ene bo\u010dnim d\u017eepovima i skra\u0107ene odmah iznad gle\u017enja, savr\u0161ene su za svakodnevno no\u0161enje u toplijim godi\u0161njim dobima. Klju\u010dne zna\u010dajke: Materijal: 85% viskoza, 15% poliester \u2013 glatko, prozra\u010dno i lagano. Certificirano prema Oeko-Tex [&hellip;]<\/p>\n","protected":false},"featured_media":5207,"template":"","meta":{"_acf_changed":false},"product_brand":[],"product_cat":[33],"product_tag":[],"class_list":{"0":"post-5200","1":"product","2":"type-product","3":"status-publish","4":"has-post-thumbnail","6":"product_cat-aw-25-26","7":"pa_size-l","8":"pa_size-m","9":"pa_size-s","11":"first","12":"instock","13":"shipping-taxable","14":"purchasable","15":"product-type-variable"},"acf":[],"_links":{"self":[{"href":"https:\/\/stasadesign.com\/hr\/wp-json\/wp\/v2\/product\/5200","targetHints":{"allow":["GET"]}}],"collection":[{"href":"https:\/\/stasadesign.com\/hr\/wp-json\/wp\/v2\/product"}],"about":[{"href":"https:\/\/stasadesign.com\/hr\/wp-json\/wp\/v2\/types\/product"}],"wp:featuredmedia":[{"embeddable":true,"href":"https:\/\/stasadesign.com\/hr\/wp-json\/wp\/v2\/media\/5207"}],"wp:attachment":[{"href":"https:\/\/stasadesign.com\/hr\/wp-json\/wp\/v2\/media?parent=5200"}],"wp:term":[{"taxonomy":"product_brand","embeddable":true,"href":"https:\/\/stasadesign.com\/hr\/wp-json\/wp\/v2\/product_brand?post=5200"},{"taxonomy":"product_cat","embeddable":true,"href":"https:\/\/stasadesign.com\/hr\/wp-json\/wp\/v2\/product_cat?post=5200"},{"taxonomy":"product_tag","embeddable":true,"href":"https:\/\/stasadesign.com\/hr\/wp-json\/wp\/v2\/product_tag?post=5200"}],"curies":[{"name":"wp","href":"https:\/\/api.w.org\/{rel}","templated":true}]}}