{"id":5152,"date":"2026-04-19T12:55:49","date_gmt":"2026-04-19T12:55:49","guid":{"rendered":"https:\/\/stasadesign.com\/?post_type=product&#038;p=5152"},"modified":"2026-04-19T13:02:46","modified_gmt":"2026-04-19T13:02:46","slug":"mia-haljina-copy","status":"publish","type":"product","link":"https:\/\/stasadesign.com\/hr\/proizvod\/mia-haljina-copy\/","title":{"rendered":"MIA HALJINA (Copy)"},"content":{"rendered":"<p><strong>MIA HALJINA<\/strong><\/p>\n<p data-start=\"170\" data-end=\"192\"> <strong>Opis:<\/strong> Prekrasno svestrana haljina koja se lako pretvara iz elegantnog u le\u017eerno. S uskim gornjim dijelom i dramati\u010dno pro\u0161irenom suknjom izra\u0111enom od gotovo 5 metara tkanine za prekrasno padanje. Uklju\u010duje bo\u010dne d\u017eepove, otvorena le\u0111a u obliku slova V, skriveni patentni zatvara\u010d i blago spu\u0161tena ramena.<\/p>\n<p data-start=\"170\" data-end=\"192\"> <strong>Materijal:<\/strong> Izra\u0111eno od 73% poliestera, 23% viskoze, 4% elastina. Svi na\u0161i odjevni predmeti izra\u0111eni su isklju\u010divo od materijala certificiranih od strane <strong data-start=\"66\" data-end=\"107\"><span class=\"text-token-text-primary font-semibold\">OEKO-TEX<\/span><\/strong> klase 2, \u0161to osigurava da su sigurni i nje\u017eni za izravan kontakt s ko\u017eom.<\/p>\n<p data-start=\"1017\" data-end=\"1033\"> <strong>Boja:<\/strong> Siva, crna, mornarsko plava<\/p>\n<p data-start=\"1249\" data-end=\"1277\"> <strong>Upute za njegu:<\/strong> Prati na 30* (hladno pranje), gla\u010dati na niskoj temperaturi ili na pari.<\/p>\n<p data-start=\"411\" data-end=\"434\"> <strong>Klju\u010dne zna\u010dajke:<\/strong><\/p>\n<p data-start=\"554\" data-end=\"591\"> Zra\u010dena suknja s iznimnom drapacijom<\/p>\n<p data-start=\"594\" data-end=\"637\"> Uski steznik za laskavu siluetu<\/p>\n<p data-start=\"640\" data-end=\"660\"> Otvorena le\u0111a u obliku slova V<\/p>\n<p data-start=\"663\" data-end=\"686\"> Skriveni patentni zatvara\u010d na stra\u017enjoj strani<\/p>\n<p data-start=\"689\" data-end=\"708\"> Bo\u010dni d\u017eepovi<\/p>\n<p data-start=\"711\" data-end=\"728\"> Spu\u0161tena ramena<\/p>\n<p data-start=\"657\" data-end=\"674\"> <strong>Dizajn:<\/strong> Moderni klasik s elegantnim linijama i voluminoznom suknjom za graciozno kretanje.<\/p>\n<p data-start=\"657\" data-end=\"674\"> <strong>Prilago\u0111eno:<\/strong><\/p>\n<p data-start=\"657\" data-end=\"674\"> Pri vrhu ima \u0161iroku suknju.<\/p>\n<p data-start=\"990\" data-end=\"1015\"> Model nosi veli\u010dinu S.<\/p>\n","protected":false},"excerpt":{"rendered":"<p>MIA HALJINA Opis: Prekrasno svestrana haljina koja se lako pretvara iz elegantnog u le\u017eerno. S uskim gornjim dijelom i dramati\u010dno pro\u0161irenom suknjom izra\u0111enom od gotovo 5 metara tkanine za prekrasno padanje. Uklju\u010duje bo\u010dne d\u017eepove, otvorena le\u0111a u obliku slova V, skriveni patentni zatvara\u010d i blago spu\u0161tena ramena. Materijal: Izra\u0111eno od 73% poliestera, 23% viskoze, 4% [&hellip;]<\/p>\n","protected":false},"featured_media":5171,"template":"","meta":{"_acf_changed":false},"product_brand":[],"product_cat":[],"product_tag":[],"class_list":{"0":"post-5152","1":"product","2":"type-product","3":"status-publish","4":"has-post-thumbnail","6":"pa_size-l","7":"pa_size-m","8":"pa_size-s","10":"first","11":"instock","12":"shipping-taxable","13":"purchasable","14":"product-type-variable"},"acf":[],"_links":{"self":[{"href":"https:\/\/stasadesign.com\/hr\/wp-json\/wp\/v2\/product\/5152","targetHints":{"allow":["GET"]}}],"collection":[{"href":"https:\/\/stasadesign.com\/hr\/wp-json\/wp\/v2\/product"}],"about":[{"href":"https:\/\/stasadesign.com\/hr\/wp-json\/wp\/v2\/types\/product"}],"wp:featuredmedia":[{"embeddable":true,"href":"https:\/\/stasadesign.com\/hr\/wp-json\/wp\/v2\/media\/5171"}],"wp:attachment":[{"href":"https:\/\/stasadesign.com\/hr\/wp-json\/wp\/v2\/media?parent=5152"}],"wp:term":[{"taxonomy":"product_brand","embeddable":true,"href":"https:\/\/stasadesign.com\/hr\/wp-json\/wp\/v2\/product_brand?post=5152"},{"taxonomy":"product_cat","embeddable":true,"href":"https:\/\/stasadesign.com\/hr\/wp-json\/wp\/v2\/product_cat?post=5152"},{"taxonomy":"product_tag","embeddable":true,"href":"https:\/\/stasadesign.com\/hr\/wp-json\/wp\/v2\/product_tag?post=5152"}],"curies":[{"name":"wp","href":"https:\/\/api.w.org\/{rel}","templated":true}]}}