{"id":5128,"date":"2026-04-19T12:50:17","date_gmt":"2026-04-19T12:50:17","guid":{"rendered":"https:\/\/stasadesign.com\/?post_type=product&#038;p=5128"},"modified":"2026-04-19T12:54:48","modified_gmt":"2026-04-19T12:54:48","slug":"kratke-hlace-copy","status":"publish","type":"product","link":"https:\/\/stasadesign.com\/hr\/proizvod\/kratke-hlace-copy\/","title":{"rendered":"KRATKE HLA\u010cE (Copy)"},"content":{"rendered":"<p data-start=\"76\" data-end=\"364\"><strong>Kratke hla\u010de<\/strong><\/p>\n<p class=\"\" data-start=\"76\" data-end=\"364\"> <strong data-start=\"76\" data-end=\"92\">Opis:<\/strong><br data-start=\"92\" data-end=\"95\" \/> Dizajnirane za vrhunsku udobnost u toplom vremenu, ove mekane, lagane kratke hla\u010de imaju opu\u0161ten kroj s pripijenim osje\u0107ajem. Imaju elasti\u010dni pojas za lako\u0107u no\u0161enja, prednje nabore za dodatni oblik, prakti\u010dne d\u017eepove i ravan kroj za \u010distu, modernu siluetu.<\/p>\n<p class=\"\" data-start=\"366\" data-end=\"385\"> <strong data-start=\"366\" data-end=\"383\">Klju\u010dne zna\u010dajke:<\/strong><\/p>\n<ul>\n<li data-start=\"388\" data-end=\"534\"> <strong data-start=\"388\" data-end=\"401\">Materijal:<\/strong> 97% pamuk, 3% elastan \u2013 prozra\u010dan, mekan i lagano fleksibilan. Certificirano prema Oeko-Tex Standard 100 (klasa 2) za sigurnost i udobnost.<\/li>\n<li data-start=\"537\" data-end=\"660\"> <strong data-start=\"537\" data-end=\"548\">Dizajn:<\/strong> Udoban, a opet profinjen, s prednjim naborima i ravnim krojem nogavica koji odgovara le\u017eernom ili elegantnom stilu.<\/li>\n<li data-start=\"663\" data-end=\"699\"> <strong data-start=\"663\" data-end=\"682\">Opcije boja:<\/strong> Klasi\u010dna crna.<\/li>\n<\/ul>\n<p class=\"\" data-start=\"701\" data-end=\"912\"> <strong data-start=\"701\" data-end=\"724\">Za\u0161to \u0107ete ga voljeti:<\/strong><br data-start=\"724\" data-end=\"727\" \/> Ove kratke hla\u010de savr\u0161eno spajaju udobnost i strukturu, \u0161to ih \u010dini idealnim za sve, od \u0161etnji gradom do vikend izleta. Njihov minimalisti\u010dki dizajn omogu\u0107uje jednostavno kombiniranje s bilo kojim ljetnim topom.<\/p>\n<p class=\"\" data-start=\"914\" data-end=\"1049\"> <strong data-start=\"914\" data-end=\"936\">Upute za njegu:<\/strong><br data-start=\"936\" data-end=\"939\" \/> Prati u perilici rublja u hladnoj vodi na 30\u00b0C sa sli\u010dnim bojama. Pa\u017eljivo rukujte kako biste sa\u010duvali meko\u0107u i cjelovitost tkanine.<\/p>\n<p class=\"\" data-start=\"1051\" data-end=\"1093\"> <strong data-start=\"1051\" data-end=\"1066\">Informacije o modelu:<\/strong><br data-start=\"1066\" data-end=\"1069\" \/> Model nosi veli\u010dinu S.<\/p>\n","protected":false},"excerpt":{"rendered":"<p>Kratke hla\u010de Opis: Dizajnirane za vrhunsku udobnost u toplom vremenu, ove mekane, lagane kratke hla\u010de imaju opu\u0161ten kroj s pripijenim osje\u0107ajem. Imaju elasti\u010dni pojas za lako\u0107u no\u0161enja, prednje nabore za dodatni oblik, prakti\u010dne d\u017eepove i ravan kroj za \u010distu, modernu siluetu. Klju\u010dne zna\u010dajke: Materijal: 97% pamuk, 3% elastan \u2013 prozra\u010dan, mekan i lagano fleksibilan. Certificirano [&hellip;]<\/p>\n","protected":false},"featured_media":5141,"template":"","meta":{"_acf_changed":false},"product_brand":[],"product_cat":[33],"product_tag":[],"class_list":{"0":"post-5128","1":"product","2":"type-product","3":"status-publish","4":"has-post-thumbnail","6":"product_cat-aw-25-26","7":"pa_size-l","8":"pa_size-m","9":"pa_size-s","11":"first","12":"instock","13":"shipping-taxable","14":"purchasable","15":"product-type-variable"},"acf":[],"_links":{"self":[{"href":"https:\/\/stasadesign.com\/hr\/wp-json\/wp\/v2\/product\/5128","targetHints":{"allow":["GET"]}}],"collection":[{"href":"https:\/\/stasadesign.com\/hr\/wp-json\/wp\/v2\/product"}],"about":[{"href":"https:\/\/stasadesign.com\/hr\/wp-json\/wp\/v2\/types\/product"}],"wp:featuredmedia":[{"embeddable":true,"href":"https:\/\/stasadesign.com\/hr\/wp-json\/wp\/v2\/media\/5141"}],"wp:attachment":[{"href":"https:\/\/stasadesign.com\/hr\/wp-json\/wp\/v2\/media?parent=5128"}],"wp:term":[{"taxonomy":"product_brand","embeddable":true,"href":"https:\/\/stasadesign.com\/hr\/wp-json\/wp\/v2\/product_brand?post=5128"},{"taxonomy":"product_cat","embeddable":true,"href":"https:\/\/stasadesign.com\/hr\/wp-json\/wp\/v2\/product_cat?post=5128"},{"taxonomy":"product_tag","embeddable":true,"href":"https:\/\/stasadesign.com\/hr\/wp-json\/wp\/v2\/product_tag?post=5128"}],"curies":[{"name":"wp","href":"https:\/\/api.w.org\/{rel}","templated":true}]}}