{"id":5093,"date":"2026-04-19T12:33:40","date_gmt":"2026-04-19T12:33:40","guid":{"rendered":"https:\/\/stasadesign.com\/?post_type=product&#038;p=5093"},"modified":"2026-04-19T12:44:04","modified_gmt":"2026-04-19T12:44:04","slug":"peplum-prsluk-copy-copy-copy-2","status":"publish","type":"product","link":"https:\/\/stasadesign.com\/hr\/proizvod\/peplum-prsluk-copy-copy-copy-2\/","title":{"rendered":"PEPLUM PRSLUK (Copy) (Copy) (Copy)"},"content":{"rendered":"<p><strong>PEPLUM PRSLUK<\/strong><\/p>\n<p> <b>Opis:<\/b> Strukturirani, ali \u017eenstveni tamnoplavi pamu\u010dni prsluk s peplum rubom, dubokim V izrezom i skrivenim prednjim kop\u010danjem. Njegov \u0161iroki kroj \u010dini ga savr\u0161enim za no\u0161enje preko ko\u0161ulja ili haljina, dodaju\u0107i profinjenu i modernu siluetu.<\/p>\n<p data-start=\"303\" data-end=\"651\"> <strong data-start=\"303\" data-end=\"316\">Materijal:<\/strong> 96% pamuk, 4% elastin<\/p>\n<p data-start=\"303\" data-end=\"651\"> <strong data-start=\"358\" data-end=\"376\">Certifikacija:<\/strong> Sva na\u0161a odje\u0107a izra\u0111ena je isklju\u010divo od materijala certificiranih od strane <strong data-start=\"443\" data-end=\"484\"><span class=\"text-token-text-primary font-semibold\">OEKO-TEX<\/span><\/strong> klase 2, \u0161to osigurava da su sigurni i nje\u017eni za izravan kontakt s ko\u017eom.<\/p>\n<p data-start=\"303\" data-end=\"651\"> <strong data-start=\"564\" data-end=\"574\">Boja:<\/strong> Tamnoplava<\/p>\n<p data-start=\"303\" data-end=\"651\"> <strong data-start=\"583\" data-end=\"605\">Upute za njegu:<\/strong> Prati na 30\u00b0C (hladno pranje), gla\u010dati na niskoj temperaturi ili na pari.<\/p>\n<p data-start=\"653\" data-end=\"672\"> <strong data-start=\"653\" data-end=\"670\">Klju\u010dne zna\u010dajke:<\/strong><\/p>\n<p data-start=\"660\" data-end=\"683\"> Elegantni detalj pepluma<\/p>\n<p data-start=\"686\" data-end=\"703\"> Duboki V dekolte<\/p>\n<p data-start=\"706\" data-end=\"728\"> Skriveno prednje zatvaranje<\/p>\n<p data-start=\"731\" data-end=\"751\"> Idealan komad za slojevito zatvaranje<\/p>\n<p data-start=\"825\" data-end=\"890\"> <strong data-start=\"825\" data-end=\"836\">Dizajn:<\/strong> Klasi\u010dni kroj susre\u0107e \u017eenstvenu siluetu za profinjeno svakodnevno no\u0161enje.<\/p>\n<p data-start=\"892\" data-end=\"979\"> <strong data-start=\"892\" data-end=\"900\">Prilago\u0111eno:<\/strong><br data-start=\"900\" data-end=\"903\" \/> Opu\u0161teni kroj sa strukturiranim strukom.<br data-start=\"887\" data-end=\"890\" \/> Model nosi veli\u010dinu S.<\/p>\n<p data-start=\"981\" data-end=\"1113\" data-is-last-node=\"\" data-is-only-node=\"\">\n","protected":false},"excerpt":{"rendered":"<p>PEPLUM PRSLUK Opis: Strukturirani, ali \u017eenstveni tamnoplavi pamu\u010dni prsluk s peplum rubom, dubokim V izrezom i skrivenim prednjim kop\u010danjem. Njegov \u0161iroki kroj \u010dini ga savr\u0161enim za no\u0161enje preko ko\u0161ulja ili haljina, dodaju\u0107i profinjenu i modernu siluetu. Materijal: 96% pamuk, 4% elastin Certifikacija: Sva na\u0161a odje\u0107a izra\u0111ena je isklju\u010divo od materijala certificiranih od strane OEKO-TEX klase [&hellip;]<\/p>\n","protected":false},"featured_media":5118,"template":"","meta":{"_acf_changed":false},"product_brand":[],"product_cat":[33],"product_tag":[],"class_list":{"0":"post-5093","1":"product","2":"type-product","3":"status-publish","4":"has-post-thumbnail","6":"product_cat-aw-25-26","7":"pa_size-l","8":"pa_size-m","9":"pa_size-s","11":"first","12":"instock","13":"shipping-taxable","14":"purchasable","15":"product-type-variable"},"acf":[],"_links":{"self":[{"href":"https:\/\/stasadesign.com\/hr\/wp-json\/wp\/v2\/product\/5093","targetHints":{"allow":["GET"]}}],"collection":[{"href":"https:\/\/stasadesign.com\/hr\/wp-json\/wp\/v2\/product"}],"about":[{"href":"https:\/\/stasadesign.com\/hr\/wp-json\/wp\/v2\/types\/product"}],"wp:featuredmedia":[{"embeddable":true,"href":"https:\/\/stasadesign.com\/hr\/wp-json\/wp\/v2\/media\/5118"}],"wp:attachment":[{"href":"https:\/\/stasadesign.com\/hr\/wp-json\/wp\/v2\/media?parent=5093"}],"wp:term":[{"taxonomy":"product_brand","embeddable":true,"href":"https:\/\/stasadesign.com\/hr\/wp-json\/wp\/v2\/product_brand?post=5093"},{"taxonomy":"product_cat","embeddable":true,"href":"https:\/\/stasadesign.com\/hr\/wp-json\/wp\/v2\/product_cat?post=5093"},{"taxonomy":"product_tag","embeddable":true,"href":"https:\/\/stasadesign.com\/hr\/wp-json\/wp\/v2\/product_tag?post=5093"}],"curies":[{"name":"wp","href":"https:\/\/api.w.org\/{rel}","templated":true}]}}