{"id":5079,"date":"2026-04-19T12:28:50","date_gmt":"2026-04-19T12:28:50","guid":{"rendered":"https:\/\/stasadesign.com\/?post_type=product&#038;p=5079"},"modified":"2026-04-19T12:32:47","modified_gmt":"2026-04-19T12:32:47","slug":"kosulja-s-naborima-copy","status":"publish","type":"product","link":"https:\/\/stasadesign.com\/hr\/proizvod\/kosulja-s-naborima-copy\/","title":{"rendered":"KO\u0160ULJA S NABORIMA (Copy)"},"content":{"rendered":"<p class=\"\" data-start=\"113\" data-end=\"134\"><strong data-start=\"113\" data-end=\"134\">Ko\u0161ulja s naborima<\/strong><\/p>\n<p class=\"\" data-start=\"136\" data-end=\"438\"> <strong data-start=\"136\" data-end=\"152\">Opis:<\/strong><br data-start=\"152\" data-end=\"155\" \/> Mekana, prozra\u010dna ko\u0161ulja dizajnirana s elegantnim volumenom i lako\u0107om. S velikodu\u0161nim naborima na stra\u017enjoj strani za fluidno kretanje, opu\u0161tenim krojem i blago zaobljenim rubom koji je kra\u0107i sprijeda. Opu\u0161teni ovratnik, kop\u010danje na gumbe i dramati\u010dni prorezi na man\u017eetama upotpunjuju le\u017eeran izgled.<\/p>\n<p class=\"\" data-start=\"440\" data-end=\"459\"> <strong data-start=\"440\" data-end=\"457\">Klju\u010dne zna\u010dajke:<\/strong><\/p>\n<ul>\n<li data-start=\"462\" data-end=\"616\"> <strong data-start=\"462\" data-end=\"475\">Materijal:<\/strong> 63% pamuk, 33% najlon, 4% elastan \u2013 lagan, prozra\u010dan i mekan s da\u0161kom rastezljivosti. Certificirano prema Oeko-Tex standardu 100 (klasa 2).<\/li>\n<li data-start=\"619\" data-end=\"733\"> <strong data-start=\"619\" data-end=\"630\">Dizajn:<\/strong> Predimenzionirani nabori straga, visoki-niski rub, velike man\u017eete s razdjelnicima, zakop\u010davanje na gumbe i opu\u0161teni ovratnik.<\/li>\n<li data-start=\"736\" data-end=\"788\"> <strong data-start=\"736\" data-end=\"755\">Opcije boja:<\/strong> klasi\u010dna crna i svje\u017ea bijela.<\/li>\n<\/ul>\n<p class=\"\" data-start=\"790\" data-end=\"975\"> <strong data-start=\"790\" data-end=\"813\">Za\u0161to \u0107ete ga voljeti:<\/strong><br data-start=\"813\" data-end=\"816\" \/> Kombiniraju\u0107i strukturu i meko\u0107u, ova ko\u0161ulja unosi pokret i suptilnu dramu u va\u0161u garderobu. Savr\u0161ena je mje\u0161avina bezvremenskog kroja i modernih detalja.<\/p>\n<p class=\"\" data-start=\"977\" data-end=\"1108\"> <strong data-start=\"977\" data-end=\"999\">Upute za njegu:<\/strong><br data-start=\"999\" data-end=\"1002\" \/> Prati u perilici rublja u hladnoj vodi na 30\u00b0C sa sli\u010dnim bojama. Pa\u017eljivo rukujte kako biste odr\u017eali meko\u0107u i oblik tkanine.<\/p>\n<p class=\"\" data-start=\"1110\" data-end=\"1152\"> <strong data-start=\"1110\" data-end=\"1125\">Informacije o modelu:<\/strong><br data-start=\"1125\" data-end=\"1128\" \/> Model nosi veli\u010dinu S\/M.<\/p>\n","protected":false},"excerpt":{"rendered":"<p>Ko\u0161ulja s naborima Opis: Mekana, prozra\u010dna ko\u0161ulja dizajnirana s elegantnim volumenom i lako\u0107om. S velikodu\u0161nim naborima na stra\u017enjoj strani za fluidno kretanje, opu\u0161tenim krojem i blago zaobljenim rubom koji je kra\u0107i sprijeda. Opu\u0161teni ovratnik, kop\u010danje na gumbe i dramati\u010dni prorezi na man\u017eetama upotpunjuju le\u017eeran izgled. Klju\u010dne zna\u010dajke: Materijal: 63% pamuk, 33% najlon, 4% elastan \u2013 [&hellip;]<\/p>\n","protected":false},"featured_media":5088,"template":"","meta":{"_acf_changed":false},"product_brand":[],"product_cat":[33],"product_tag":[],"class_list":{"0":"post-5079","1":"product","2":"type-product","3":"status-publish","4":"has-post-thumbnail","6":"product_cat-aw-25-26","8":"first","9":"instock","10":"shipping-taxable","11":"purchasable","12":"product-type-variable"},"acf":[],"_links":{"self":[{"href":"https:\/\/stasadesign.com\/hr\/wp-json\/wp\/v2\/product\/5079","targetHints":{"allow":["GET"]}}],"collection":[{"href":"https:\/\/stasadesign.com\/hr\/wp-json\/wp\/v2\/product"}],"about":[{"href":"https:\/\/stasadesign.com\/hr\/wp-json\/wp\/v2\/types\/product"}],"wp:featuredmedia":[{"embeddable":true,"href":"https:\/\/stasadesign.com\/hr\/wp-json\/wp\/v2\/media\/5088"}],"wp:attachment":[{"href":"https:\/\/stasadesign.com\/hr\/wp-json\/wp\/v2\/media?parent=5079"}],"wp:term":[{"taxonomy":"product_brand","embeddable":true,"href":"https:\/\/stasadesign.com\/hr\/wp-json\/wp\/v2\/product_brand?post=5079"},{"taxonomy":"product_cat","embeddable":true,"href":"https:\/\/stasadesign.com\/hr\/wp-json\/wp\/v2\/product_cat?post=5079"},{"taxonomy":"product_tag","embeddable":true,"href":"https:\/\/stasadesign.com\/hr\/wp-json\/wp\/v2\/product_tag?post=5079"}],"curies":[{"name":"wp","href":"https:\/\/api.w.org\/{rel}","templated":true}]}}