{"id":5058,"date":"2026-04-19T12:21:35","date_gmt":"2026-04-19T12:21:35","guid":{"rendered":"https:\/\/stasadesign.com\/?post_type=product&#038;p=5058"},"modified":"2026-04-19T12:26:22","modified_gmt":"2026-04-19T12:26:22","slug":"lori-hlace-aw-25-26-copy","status":"publish","type":"product","link":"https:\/\/stasadesign.com\/hr\/proizvod\/lori-hlace-aw-25-26-copy\/","title":{"rendered":"LORI HLA\u010cE AW 25\/26 (Copy)"},"content":{"rendered":"<p><strong>LORI HLA\u010cE AW 25\/26<\/strong><\/p>\n<p data-start=\"170\" data-end=\"192\"> <strong>Opis:<\/strong> Klasi\u010dne crne hla\u010de od mje\u0161avine viskoze ravnog kroja, s prednjim naborima i bo\u010dnim d\u017eepovima, nude \u010distu siluetu i cjelodnevnu udobnost. Savr\u0161eno svestrane za le\u017eeran i otmjen izgled.<\/p>\n<p data-start=\"170\" data-end=\"192\"> <strong>Materijal:<\/strong> Izra\u0111eno od 76% viskoze, 20% poliamida, 4% elastina. Svi na\u0161i odjevni predmeti izra\u0111eni su isklju\u010divo od materijala certificiranih od strane <strong data-start=\"66\" data-end=\"107\"><span class=\"text-token-text-primary font-semibold\">OEKO-TEX<\/span><\/strong> klase 2, \u0161to osigurava da su sigurni i nje\u017eni za izravan kontakt s ko\u017eom.<\/p>\n<p data-start=\"1017\" data-end=\"1033\"> <strong>Boja:<\/strong> Crna<\/p>\n<p data-start=\"1249\" data-end=\"1277\"> <strong>Upute za njegu:<\/strong> Prati na 30* (hladno pranje), gla\u010dati na niskoj temperaturi ili na pari.<\/p>\n<p data-start=\"411\" data-end=\"434\"> <strong>Klju\u010dne zna\u010dajke:<\/strong><\/p>\n<p data-start=\"644\" data-end=\"665\"> Dizajn ravnih nogu<\/p>\n<p data-start=\"668\" data-end=\"682\"> Prednji nabori<\/p>\n<p data-start=\"685\" data-end=\"704\"> Bo\u010dni d\u017eepovi<\/p>\n<p data-start=\"707\" data-end=\"743\"> Mekano s rastezljivom tkaninom za udobnost<\/p>\n<p data-start=\"657\" data-end=\"674\"> <strong>Dizajn:<\/strong> Minimalisti\u010dki i bezvremenski kroj za stiliziranje bez napora.<\/p>\n<p data-start=\"657\" data-end=\"674\"> <strong>Prilago\u0111eno:<\/strong><\/p>\n<p data-start=\"990\" data-end=\"1015\"> Ravni kroj, opu\u0161ten.<\/p>\n<p data-start=\"990\" data-end=\"1015\"> Model nosi veli\u010dinu S<\/p>\n","protected":false},"excerpt":{"rendered":"<p>LORI HLA\u010cE AW 25\/26 Opis: Klasi\u010dne crne hla\u010de od mje\u0161avine viskoze ravnog kroja, s prednjim naborima i bo\u010dnim d\u017eepovima, nude \u010distu siluetu i cjelodnevnu udobnost. Savr\u0161eno svestrane za le\u017eeran i otmjen izgled. Materijal: Izra\u0111eno od 76% viskoze, 20% poliamida, 4% elastina. Svi na\u0161i odjevni predmeti izra\u0111eni su isklju\u010divo od materijala certificiranih od strane OEKO-TEX klase [&hellip;]<\/p>\n","protected":false},"featured_media":4950,"template":"","meta":{"_acf_changed":false},"product_brand":[],"product_cat":[],"product_tag":[],"class_list":{"0":"post-5058","1":"product","2":"type-product","3":"status-publish","4":"has-post-thumbnail","6":"pa_size-l","7":"pa_size-m","8":"pa_size-s","10":"first","11":"instock","12":"shipping-taxable","13":"purchasable","14":"product-type-variable"},"acf":[],"_links":{"self":[{"href":"https:\/\/stasadesign.com\/hr\/wp-json\/wp\/v2\/product\/5058","targetHints":{"allow":["GET"]}}],"collection":[{"href":"https:\/\/stasadesign.com\/hr\/wp-json\/wp\/v2\/product"}],"about":[{"href":"https:\/\/stasadesign.com\/hr\/wp-json\/wp\/v2\/types\/product"}],"wp:featuredmedia":[{"embeddable":true,"href":"https:\/\/stasadesign.com\/hr\/wp-json\/wp\/v2\/media\/4950"}],"wp:attachment":[{"href":"https:\/\/stasadesign.com\/hr\/wp-json\/wp\/v2\/media?parent=5058"}],"wp:term":[{"taxonomy":"product_brand","embeddable":true,"href":"https:\/\/stasadesign.com\/hr\/wp-json\/wp\/v2\/product_brand?post=5058"},{"taxonomy":"product_cat","embeddable":true,"href":"https:\/\/stasadesign.com\/hr\/wp-json\/wp\/v2\/product_cat?post=5058"},{"taxonomy":"product_tag","embeddable":true,"href":"https:\/\/stasadesign.com\/hr\/wp-json\/wp\/v2\/product_tag?post=5058"}],"curies":[{"name":"wp","href":"https:\/\/api.w.org\/{rel}","templated":true}]}}