{"id":4990,"date":"2026-04-19T08:07:44","date_gmt":"2026-04-19T08:07:44","guid":{"rendered":"https:\/\/stasadesign.com\/?post_type=product&#038;p=4990"},"modified":"2026-04-19T08:14:17","modified_gmt":"2026-04-19T08:14:17","slug":"suknja-aw-25-26-copy","status":"publish","type":"product","link":"https:\/\/stasadesign.com\/hr\/proizvod\/suknja-aw-25-26-copy\/","title":{"rendered":"SUKNJA AW 25\/26 (Copy)"},"content":{"rendered":"<p><b>SUKNJA AW 25\/26<\/b><\/p>\n<p data-start=\"170\" data-end=\"192\"> <strong>Opis:<\/strong> Bezvremenska suknja devine boje dizajnirana je s dijagonalnim krojem za prekrasan, fluidan pad. Ima prakti\u010dne bo\u010dne d\u017eepove i skriveni patentni zatvara\u010d na stra\u017enjoj strani, nude\u0107i eleganciju i funkcionalnost. Srednje duljine za profinjen i svestran izgled.<\/p>\n<p data-start=\"170\" data-end=\"192\"> <strong>Materijal:<\/strong> Izra\u0111eno od 100% vune, Podstava: 50% viskoza, 50% poliester. Svi na\u0161i odjevni predmeti izra\u0111eni su isklju\u010divo od materijala certificiranih od strane <strong data-start=\"66\" data-end=\"107\"><span class=\"text-token-text-primary font-semibold\">OEKO-TEX<\/span><\/strong> klase 2, \u0161to osigurava da su sigurni i nje\u017eni za izravan kontakt s ko\u017eom.<\/p>\n<p data-start=\"1017\" data-end=\"1033\"> <strong>Boja:<\/strong> Deva<\/p>\n<p data-start=\"1249\" data-end=\"1277\"> <strong>Upute za njegu:<\/strong> Samo kemijsko \u010di\u0161\u0107enje<\/p>\n<p data-start=\"411\" data-end=\"434\"> <strong>Klju\u010dne zna\u010dajke:<\/strong><\/p>\n<p data-start=\"462\" data-end=\"510\"> Elegantni dijagonalni rez za gracioznu siluetu<\/p>\n<p data-start=\"513\" data-end=\"550\"> Bo\u010dni d\u017eepovi za funkcionalnost<\/p>\n<p data-start=\"553\" data-end=\"595\"> Skriveni patentni zatvara\u010d na stra\u017enjoj strani za \u010dist zavr\u0161etak<\/p>\n<p data-start=\"598\" data-end=\"637\"> Potpuno podstavljena za udobnost i strukturu<\/p>\n<p data-start=\"657\" data-end=\"674\"> <strong>Dizajn:<\/strong> Klasi\u010dni A-kroj s mekim pokretima i krojenim detaljima. Savr\u0161eno za svakodnevnu eleganciju i posebne prigode.<\/p>\n<p data-start=\"887\" data-end=\"901\"> <strong>Prilago\u0111eno:<\/strong><\/p>\n<p data-start=\"887\" data-end=\"901\"> Srednje duljine, udobno sjedi u struku s laskavim, lepr\u0161avim oblikom.<\/p>\n<p data-start=\"973\" data-end=\"987\"> Odgovara veli\u010dini<\/p>\n<p data-start=\"990\" data-end=\"1015\"> Model nosi veli\u010dinu S<\/p>\n","protected":false},"excerpt":{"rendered":"<p>SUKNJA AW 25\/26 Opis: Bezvremenska suknja devine boje dizajnirana je s dijagonalnim krojem za prekrasan, fluidan pad. Ima prakti\u010dne bo\u010dne d\u017eepove i skriveni patentni zatvara\u010d na stra\u017enjoj strani, nude\u0107i eleganciju i funkcionalnost. Srednje duljine za profinjen i svestran izgled. Materijal: Izra\u0111eno od 100% vune, Podstava: 50% viskoza, 50% poliester. Svi na\u0161i odjevni predmeti izra\u0111eni su [&hellip;]<\/p>\n","protected":false},"featured_media":4866,"template":"","meta":{"_acf_changed":false},"product_brand":[],"product_cat":[],"product_tag":[],"class_list":{"0":"post-4990","1":"product","2":"type-product","3":"status-publish","4":"has-post-thumbnail","6":"pa_size-l","7":"pa_size-m","8":"pa_size-s","10":"first","11":"instock","12":"shipping-taxable","13":"purchasable","14":"product-type-variable"},"acf":[],"_links":{"self":[{"href":"https:\/\/stasadesign.com\/hr\/wp-json\/wp\/v2\/product\/4990","targetHints":{"allow":["GET"]}}],"collection":[{"href":"https:\/\/stasadesign.com\/hr\/wp-json\/wp\/v2\/product"}],"about":[{"href":"https:\/\/stasadesign.com\/hr\/wp-json\/wp\/v2\/types\/product"}],"wp:featuredmedia":[{"embeddable":true,"href":"https:\/\/stasadesign.com\/hr\/wp-json\/wp\/v2\/media\/4866"}],"wp:attachment":[{"href":"https:\/\/stasadesign.com\/hr\/wp-json\/wp\/v2\/media?parent=4990"}],"wp:term":[{"taxonomy":"product_brand","embeddable":true,"href":"https:\/\/stasadesign.com\/hr\/wp-json\/wp\/v2\/product_brand?post=4990"},{"taxonomy":"product_cat","embeddable":true,"href":"https:\/\/stasadesign.com\/hr\/wp-json\/wp\/v2\/product_cat?post=4990"},{"taxonomy":"product_tag","embeddable":true,"href":"https:\/\/stasadesign.com\/hr\/wp-json\/wp\/v2\/product_tag?post=4990"}],"curies":[{"name":"wp","href":"https:\/\/api.w.org\/{rel}","templated":true}]}}