{"id":4933,"date":"2026-04-19T07:33:21","date_gmt":"2026-04-19T07:33:21","guid":{"rendered":"https:\/\/stasadesign.com\/?post_type=product&#038;p=4933"},"modified":"2026-04-19T07:47:54","modified_gmt":"2026-04-19T07:47:54","slug":"mornaricki-rov-copy","status":"publish","type":"product","link":"https:\/\/stasadesign.com\/hr\/proizvod\/mornaricki-rov-copy\/","title":{"rendered":"Mornari\u010dki rov (Copy)"},"content":{"rendered":"<p><strong>Mornari\u010dki rov<\/strong><\/p>\n<p data-start=\"170\" data-end=\"192\"> <strong>Opis:<\/strong> Sofisticirani tamnoplavi trench kaput izra\u0111en od pamuka s mekom podstavom, dizajniran s produ\u017eenim integriranim \u0161alom za dodatnu eleganciju. Ima duge rukave s podesivim naramenicama, remen oko struka za definiranu siluetu i kop\u010danje sprijeda na gumbe, d\u017eepove sprijeda. Bezvremenski komad za prijelazno vrijeme.<\/p>\n<p data-start=\"170\" data-end=\"192\"> <strong>Materijal:<\/strong> Izra\u0111eno od 100% pamuka, Podstava: 50% viskoza, 50% poliester. Svi na\u0161i odjevni predmeti izra\u0111eni su isklju\u010divo od materijala certificiranih od strane <strong data-start=\"568\" data-end=\"609\"><span class=\"text-token-text-primary font-semibold\">OEKO-TEX<\/span><\/strong> klase 2, \u0161to osigurava da su sigurni i nje\u017eni za izravan kontakt s ko\u017eom.<\/p>\n<p data-start=\"1017\" data-end=\"1033\"> <strong>Boja:<\/strong> Tamnoplava<\/p>\n<p data-start=\"1249\" data-end=\"1277\"> <strong>Upute za njegu:<\/strong> Prati hladnom vodom na 30 \u00b0C, gla\u010dati na niskoj temperaturi ili na pari.<\/p>\n<p data-start=\"411\" data-end=\"434\"> <strong>Klju\u010dne zna\u010dajke:<\/strong><\/p>\n<p data-start=\"754\" data-end=\"799\"> Integrirani produ\u017eeni \u0161al za \u0161ik izgled<\/p>\n<p data-start=\"802\" data-end=\"843\"> Podesive naramenice za rukave i remen za struk<\/p>\n<p data-start=\"846\" data-end=\"876\"> Dvostruko kop\u010danje na gumbe sprijeda<\/p>\n<p data-start=\"879\" data-end=\"902\"> Funkcionalni d\u017eepovi<\/p>\n<p data-start=\"657\" data-end=\"674\"> <strong>Dizajn:<\/strong> Klasi\u010dna silueta tren\u010da s modernim prizvukom kroz detalj \u0161ala.<\/p>\n<p data-start=\"887\" data-end=\"901\"> <strong>Prilago\u0111eno:<br data-start=\"1066\" data-end=\"1069\" \/><\/strong><\/p>\n<p data-start=\"887\" data-end=\"901\"> Opu\u0161teni kroj s podesivim remenom za laskavu figuru.<\/p>\n<p data-start=\"990\" data-end=\"1015\"> Model nosi veli\u010dinu S\/M.<\/p>\n","protected":false},"excerpt":{"rendered":"<p>Mornari\u010dki rov Opis: Sofisticirani tamnoplavi trench kaput izra\u0111en od pamuka s mekom podstavom, dizajniran s produ\u017eenim integriranim \u0161alom za dodatnu eleganciju. Ima duge rukave s podesivim naramenicama, remen oko struka za definiranu siluetu i kop\u010danje sprijeda na gumbe, d\u017eepove sprijeda. Bezvremenski komad za prijelazno vrijeme. Materijal: Izra\u0111eno od 100% pamuka, Podstava: 50% viskoza, 50% poliester. [&hellip;]<\/p>\n","protected":false},"featured_media":4938,"template":"","meta":{"_acf_changed":false},"product_brand":[],"product_cat":[],"product_tag":[],"class_list":{"0":"post-4933","1":"product","2":"type-product","3":"status-publish","4":"has-post-thumbnail","7":"first","8":"instock","9":"shipping-taxable","10":"purchasable","11":"product-type-variable"},"acf":[],"_links":{"self":[{"href":"https:\/\/stasadesign.com\/hr\/wp-json\/wp\/v2\/product\/4933","targetHints":{"allow":["GET"]}}],"collection":[{"href":"https:\/\/stasadesign.com\/hr\/wp-json\/wp\/v2\/product"}],"about":[{"href":"https:\/\/stasadesign.com\/hr\/wp-json\/wp\/v2\/types\/product"}],"wp:featuredmedia":[{"embeddable":true,"href":"https:\/\/stasadesign.com\/hr\/wp-json\/wp\/v2\/media\/4938"}],"wp:attachment":[{"href":"https:\/\/stasadesign.com\/hr\/wp-json\/wp\/v2\/media?parent=4933"}],"wp:term":[{"taxonomy":"product_brand","embeddable":true,"href":"https:\/\/stasadesign.com\/hr\/wp-json\/wp\/v2\/product_brand?post=4933"},{"taxonomy":"product_cat","embeddable":true,"href":"https:\/\/stasadesign.com\/hr\/wp-json\/wp\/v2\/product_cat?post=4933"},{"taxonomy":"product_tag","embeddable":true,"href":"https:\/\/stasadesign.com\/hr\/wp-json\/wp\/v2\/product_tag?post=4933"}],"curies":[{"name":"wp","href":"https:\/\/api.w.org\/{rel}","templated":true}]}}