{"id":3130,"date":"2025-10-23T07:53:57","date_gmt":"2025-10-23T07:53:57","guid":{"rendered":"https:\/\/stasadesign.com\/product\/hlace-od-mrkve\/"},"modified":"2025-10-23T07:53:57","modified_gmt":"2025-10-23T07:53:57","slug":"hlace-od-mrkve","status":"publish","type":"product","link":"https:\/\/stasadesign.com\/hr\/proizvod\/hlace-od-mrkve\/","title":{"rendered":"HLA\u010cE OD MRKVE"},"content":{"rendered":"<p><strong>HLA\u010cE OD MRKVE<\/strong><\/p>\n<p data-start=\"170\" data-end=\"192\"> <strong>Opis:<\/strong> Krojene hla\u010de s naborima na prednjem dijelu, bo\u010dnim d\u017eepovima, stra\u017enjim d\u017eepovima s rupi\u010dastim rubom i preklopljenim rubom. Dizajnirane s \u010distim pojasom i prednjim kop\u010danjem s dva gumba i patentnim zatvara\u010dem, dok elastika na stra\u017enjoj strani osigurava dodatnu udobnost i savr\u0161eno pristajanje.<\/p>\n<p data-start=\"170\" data-end=\"192\"> <strong>Materijal:<\/strong> Izra\u0111eno od 73% poliestera, 23% viskoze, 4% elastina. Svi na\u0161i odjevni predmeti izra\u0111eni su isklju\u010divo od materijala certificiranih od strane <strong data-start=\"66\" data-end=\"107\"><span class=\"text-token-text-primary font-semibold\">OEKO-TEX<\/span><\/strong> klase 2, \u0161to osigurava da su sigurni i nje\u017eni za izravan kontakt s ko\u017eom.<\/p>\n<p data-start=\"1017\" data-end=\"1033\"> <strong>Boja:<\/strong> Siva i crna<\/p>\n<p data-start=\"1249\" data-end=\"1277\"> <strong>Upute za njegu:<\/strong> Prati na 30* (hladno pranje), gla\u010dati na niskoj temperaturi ili na pari.<\/p>\n<p data-start=\"411\" data-end=\"434\"> <strong>Klju\u010dne zna\u010dajke:<\/strong><\/p>\n<p data-start=\"501\" data-end=\"538\"> Silueta mrkve s prednjim naborima<\/p>\n<p data-start=\"541\" data-end=\"574\"> Bo\u010dni \u0161av i stra\u017enji d\u017eepovi s rupicama<\/p>\n<p data-start=\"577\" data-end=\"596\"> Detalj preklopljenog ruba<\/p>\n<p data-start=\"599\" data-end=\"650\"> \u010cisti pojas s prednjim gumbom i zatvara\u010dem<\/p>\n<p data-start=\"653\" data-end=\"687\"> Elasti\u010dna le\u0111a za dodatnu udobnost<\/p>\n<p data-start=\"657\" data-end=\"674\"> <strong>Dizajn:<\/strong> Moderne krojene hla\u010de sa strukturiranim prednjim dijelom i fleksibilnim stra\u017enjim dijelom.<\/p>\n<p data-start=\"657\" data-end=\"674\"> <strong>Prilago\u0111eno:<\/strong><\/p>\n<p data-start=\"657\" data-end=\"674\"> Pripijene preko struka s opu\u0161tenim oblikom nogavice u obliku mrkve.<\/p>\n<p data-start=\"990\" data-end=\"1015\"> Model nosi veli\u010dinu S<\/p>\n","protected":false},"excerpt":{"rendered":"<p>HLA\u010cE OD MRKVE Opis: Krojene hla\u010de s naborima na prednjem dijelu, bo\u010dnim d\u017eepovima, stra\u017enjim d\u017eepovima s rupi\u010dastim rubom i preklopljenim rubom. Dizajnirane s \u010distim pojasom i prednjim kop\u010danjem s dva gumba i patentnim zatvara\u010dem, dok elastika na stra\u017enjoj strani osigurava dodatnu udobnost i savr\u0161eno pristajanje. Materijal: Izra\u0111eno od 73% poliestera, 23% viskoze, 4% elastina. Svi [&hellip;]<\/p>\n","protected":false},"featured_media":2939,"template":"","meta":{"_acf_changed":false},"product_brand":[],"product_cat":[90],"product_tag":[],"class_list":{"0":"post-3130","1":"product","2":"type-product","3":"status-publish","4":"has-post-thumbnail","6":"product_cat-aw-25-26","7":"pa_size-l","8":"pa_size-m","9":"pa_size-s","11":"first","12":"instock","13":"sale","14":"featured","15":"shipping-taxable","16":"purchasable","17":"product-type-variable"},"acf":[],"_links":{"self":[{"href":"https:\/\/stasadesign.com\/hr\/wp-json\/wp\/v2\/product\/3130","targetHints":{"allow":["GET"]}}],"collection":[{"href":"https:\/\/stasadesign.com\/hr\/wp-json\/wp\/v2\/product"}],"about":[{"href":"https:\/\/stasadesign.com\/hr\/wp-json\/wp\/v2\/types\/product"}],"wp:featuredmedia":[{"embeddable":true,"href":"https:\/\/stasadesign.com\/hr\/wp-json\/wp\/v2\/media\/2939"}],"wp:attachment":[{"href":"https:\/\/stasadesign.com\/hr\/wp-json\/wp\/v2\/media?parent=3130"}],"wp:term":[{"taxonomy":"product_brand","embeddable":true,"href":"https:\/\/stasadesign.com\/hr\/wp-json\/wp\/v2\/product_brand?post=3130"},{"taxonomy":"product_cat","embeddable":true,"href":"https:\/\/stasadesign.com\/hr\/wp-json\/wp\/v2\/product_cat?post=3130"},{"taxonomy":"product_tag","embeddable":true,"href":"https:\/\/stasadesign.com\/hr\/wp-json\/wp\/v2\/product_tag?post=3130"}],"curies":[{"name":"wp","href":"https:\/\/api.w.org\/{rel}","templated":true}]}}