{"id":3123,"date":"2024-09-26T13:38:23","date_gmt":"2024-09-26T13:38:23","guid":{"rendered":"https:\/\/stasadesign.com\/product\/crna-haljina-senja\/"},"modified":"2026-04-01T15:44:02","modified_gmt":"2026-04-01T15:44:02","slug":"crna-haljina-senja","status":"publish","type":"product","link":"https:\/\/stasadesign.com\/hr\/proizvod\/crna-haljina-senja\/","title":{"rendered":"Crna haljina Senja"},"content":{"rendered":"<p>Naziv: SENJA DRESS<\/p>\n<p> Veli\u010dina: S\/M, L\/XL<\/p>\n<p> Boja: Crna<\/p>\n<p> O artiklu:<br \/> Savr\u0161ena ljetna haljina, izra\u0111ena od viskoze. Haljina ima d\u017eepove u bo\u010dnom \u0161avu. Haljina na jedno rame i A kroj.<\/p>\n<p> Sastav: 90% viskoza, 10% poliester &#8211; OekoTex2<\/p>\n<p> Upute za njegu:<br \/> Mo\u017ee se prati u perilici rublja na 30* ili ru\u010dno, peglati srednje jako, bez izbjeljiva\u010da.<\/p>\n<p> Proizvedeno u: Hrvatskoj<\/p>\n<p> Model nosi veli\u010dinu S\/M.<\/p>\n","protected":false},"excerpt":{"rendered":"<p>Naziv: SENJA DRESS Veli\u010dina: S\/M, L\/XL Boja: Crna O artiklu: Savr\u0161ena ljetna haljina, izra\u0111ena od viskoze. Haljina ima d\u017eepove u bo\u010dnom \u0161avu. Haljina na jedno rame i A kroj. Sastav: 90% viskoza, 10% poliester &#8211; OekoTex2 Upute za njegu: Mo\u017ee se prati u perilici rublja na 30* ili ru\u010dno, peglati srednje jako, bez izbjeljiva\u010da. Proizvedeno [&hellip;]<\/p>\n","protected":false},"featured_media":5120,"template":"","meta":{"_acf_changed":false},"product_brand":[],"product_cat":[90],"product_tag":[],"class_list":{"0":"post-3123","1":"product","2":"type-product","3":"status-publish","4":"has-post-thumbnail","6":"product_cat-aw-25-26","8":"first","9":"instock","10":"featured","11":"shipping-taxable","12":"purchasable","13":"product-type-variable"},"acf":[],"_links":{"self":[{"href":"https:\/\/stasadesign.com\/hr\/wp-json\/wp\/v2\/product\/3123","targetHints":{"allow":["GET"]}}],"collection":[{"href":"https:\/\/stasadesign.com\/hr\/wp-json\/wp\/v2\/product"}],"about":[{"href":"https:\/\/stasadesign.com\/hr\/wp-json\/wp\/v2\/types\/product"}],"wp:featuredmedia":[{"embeddable":true,"href":"https:\/\/stasadesign.com\/hr\/wp-json\/wp\/v2\/media\/5120"}],"wp:attachment":[{"href":"https:\/\/stasadesign.com\/hr\/wp-json\/wp\/v2\/media?parent=3123"}],"wp:term":[{"taxonomy":"product_brand","embeddable":true,"href":"https:\/\/stasadesign.com\/hr\/wp-json\/wp\/v2\/product_brand?post=3123"},{"taxonomy":"product_cat","embeddable":true,"href":"https:\/\/stasadesign.com\/hr\/wp-json\/wp\/v2\/product_cat?post=3123"},{"taxonomy":"product_tag","embeddable":true,"href":"https:\/\/stasadesign.com\/hr\/wp-json\/wp\/v2\/product_tag?post=3123"}],"curies":[{"name":"wp","href":"https:\/\/api.w.org\/{rel}","templated":true}]}}