{"id":3112,"date":"2024-11-18T20:22:12","date_gmt":"2024-11-18T20:22:12","guid":{"rendered":"https:\/\/stasadesign.com\/product\/pia-haljina-2\/"},"modified":"2026-04-01T15:43:57","modified_gmt":"2026-04-01T15:43:57","slug":"pia-haljina-2","status":"publish","type":"product","link":"https:\/\/stasadesign.com\/hr\/proizvod\/pia-haljina-2\/","title":{"rendered":"Pia haljina"},"content":{"rendered":"<p>Naziv: PIA HALJINA<\/p>\n<p> Pia haljina je pripijena haljina s gornjim dijelom. Donji dio haljine je lijepo drapiran jer ima puno tkanine i odli\u010dno se kre\u0107e tijekom hodanja. Haljina ima d\u017eepove u bo\u010dnom \u0161avu. Haljina je srednje duljine. Gornji dio je lijepo pripijen i prati tijelo zbog princeza kroja, a rukavi su 3\/4 duljine. Na stra\u017enjoj strani haljina ima skriveni patentni zatvara\u010d.<br \/> Tkanina je super mekana s elastanom za udobnost tijekom no\u0161enja.<\/p>\n<p> Veli\u010dina: S, M, L<\/p>\n<p> Boja: Crna<\/p>\n<p> Sastav: 73% poliester, 23% viskoza, 4% EA &#8211; Oekotex certifikat klase 2.<\/p>\n<p> Upute za njegu: Mo\u017ee se prati u perilici rublja na 30* ili ru\u010dno, s niskim udjelom gla\u010dala, bez izbjeljiva\u010da.<\/p>\n<p> Proizvedeno u: Hrvatskoj.<\/p>\n<p> Model je visok 175 cm i nosi veli\u010dinu S.<\/p>\n","protected":false},"excerpt":{"rendered":"<p>Naziv: PIA HALJINA Pia haljina je pripijena haljina s gornjim dijelom. Donji dio haljine je lijepo drapiran jer ima puno tkanine i odli\u010dno se kre\u0107e tijekom hodanja. Haljina ima d\u017eepove u bo\u010dnom \u0161avu. Haljina je srednje duljine. Gornji dio je lijepo pripijen i prati tijelo zbog princeza kroja, a rukavi su 3\/4 duljine. Na stra\u017enjoj [&hellip;]<\/p>\n","protected":false},"featured_media":3113,"template":"","meta":{"_acf_changed":false},"product_brand":[],"product_cat":[90],"product_tag":[],"class_list":{"0":"post-3112","1":"product","2":"type-product","3":"status-publish","4":"has-post-thumbnail","6":"product_cat-aw-25-26","7":"pa_size-l","8":"pa_size-m","9":"pa_size-s","11":"first","12":"instock","13":"shipping-taxable","14":"purchasable","15":"product-type-variable"},"acf":[],"_links":{"self":[{"href":"https:\/\/stasadesign.com\/hr\/wp-json\/wp\/v2\/product\/3112","targetHints":{"allow":["GET"]}}],"collection":[{"href":"https:\/\/stasadesign.com\/hr\/wp-json\/wp\/v2\/product"}],"about":[{"href":"https:\/\/stasadesign.com\/hr\/wp-json\/wp\/v2\/types\/product"}],"wp:featuredmedia":[{"embeddable":true,"href":"https:\/\/stasadesign.com\/hr\/wp-json\/wp\/v2\/media\/3113"}],"wp:attachment":[{"href":"https:\/\/stasadesign.com\/hr\/wp-json\/wp\/v2\/media?parent=3112"}],"wp:term":[{"taxonomy":"product_brand","embeddable":true,"href":"https:\/\/stasadesign.com\/hr\/wp-json\/wp\/v2\/product_brand?post=3112"},{"taxonomy":"product_cat","embeddable":true,"href":"https:\/\/stasadesign.com\/hr\/wp-json\/wp\/v2\/product_cat?post=3112"},{"taxonomy":"product_tag","embeddable":true,"href":"https:\/\/stasadesign.com\/hr\/wp-json\/wp\/v2\/product_tag?post=3112"}],"curies":[{"name":"wp","href":"https:\/\/api.w.org\/{rel}","templated":true}]}}