{"id":3103,"date":"2024-11-17T18:14:36","date_gmt":"2024-11-17T18:14:36","guid":{"rendered":"https:\/\/stasadesign.com\/product\/gina-vunena-haljina\/"},"modified":"2026-04-01T15:43:55","modified_gmt":"2026-04-01T15:43:55","slug":"gina-vunena-haljina","status":"publish","type":"product","link":"https:\/\/stasadesign.com\/hr\/proizvod\/gina-vunena-haljina\/","title":{"rendered":"Gina vunena haljina"},"content":{"rendered":"<p><strong>VUNENA HALJINA GINA<\/strong><\/p>\n<p> <strong>Opis:<\/strong><\/p>\n<p> Vunena haljina Gina \u0161ik je i svestrani osnovni komad garderobe, dizajniran da spoji suvremenu eleganciju s prakti\u010dnom udobno\u0161\u0107u. Savr\u0161ena za profesionalne prilike i le\u017eerne izlaske, ova haljina kombinira bezvremenski dizajn s vrhunskim materijalima kako bi ponudila profinjen, a opet udoban kroj. Dodatak puf rukava, prednjih \u0161avova s \u200b\u200b\u200b\u200burezima za laskavu siluetu i skrivenog patentnog zatvara\u010da na stra\u017enjoj strani osigurava profinjen i moderan izgled.<\/p>\n<p> <strong>Klju\u010dne zna\u010dajke:<\/strong><\/p>\n<p> <strong>Materijal<\/strong> : Izra\u0111eno od vrhunske 100% vune za luksuznu teksturu i prirodnu izolaciju. Podstava je izra\u0111ena od 50% viskoze i 50% poliestera, certificirana OEKO TEX 2, \u0161to osigurava odr\u017eivost i udobnost na ko\u017ei.<\/p>\n<p> <strong>Dizajn<\/strong> : Minimalisti\u010dka, a opet sofisticirana, haljina ima \u010distu siluetu s blago pro\u0161irenim rukavima koji dodaju moderan \u0161tih. Krojeni zavr\u0161etak pobolj\u0161ava cjelokupnu estetiku, \u010dine\u0107i je prikladnom i za formalni i za le\u017eerni stil.<\/p>\n<p> <strong>Kroj<\/strong> : Dizajnirana za laskavi A-kroj, haljina nudi udobno pristajanje uz zadr\u017eavanje strukture. Rub pada iznad koljena, \u0161to je \u010dini savr\u0161enom za kombiniranje s tajicama ili \u010dizmama.<\/p>\n<p> <strong>Boja<\/strong> : Predstavljena u bezvremenskoj devinoj nijansi, vunena haljina Gina vrlo je svestrana i bez napora \u0107e nadopuniti svaku garderobu.<\/p>\n<p> <strong>Za\u0161to \u0107ete ga voljeti:<\/strong><\/p>\n<p> Vunena haljina Gina pru\u017ea laganu ravnote\u017eu izme\u0111u sofisticiranosti i udobnosti. Njena vrhunska vunena konstrukcija osigurava toplinu tijekom hladnijih mjeseci, a istovremeno ostaje prozra\u010dna.<\/p>\n<p> <strong>Upute za njegu:<\/strong><br \/> Samo kemijsko \u010di\u0161\u0107enje radi odr\u017eavanja kvalitete i dugotrajnosti. Kako bi jakna ostala svje\u017ea, preporu\u010duje se povremeno je prozra\u010diti ostavljaju\u0107i je na suncu vani.<\/p>\n<p> Model nosi veli\u010dinu S\/M.<\/p>\n","protected":false},"excerpt":{"rendered":"<p>VUNENA HALJINA GINA Opis: Vunena haljina Gina \u0161ik je i svestrani osnovni komad garderobe, dizajniran da spoji suvremenu eleganciju s prakti\u010dnom udobno\u0161\u0107u. Savr\u0161ena za profesionalne prilike i le\u017eerne izlaske, ova haljina kombinira bezvremenski dizajn s vrhunskim materijalima kako bi ponudila profinjen, a opet udoban kroj. Dodatak puf rukava, prednjih \u0161avova s \u200b\u200b\u200b\u200burezima za laskavu siluetu [&hellip;]<\/p>\n","protected":false},"featured_media":3104,"template":"","meta":{"_acf_changed":false},"product_brand":[],"product_cat":[90],"product_tag":[],"class_list":{"0":"post-3103","1":"product","2":"type-product","3":"status-publish","4":"has-post-thumbnail","6":"product_cat-aw-25-26","7":"pa_size-l","8":"pa_size-m","9":"pa_size-s","11":"first","12":"instock","13":"sale","14":"shipping-taxable","15":"purchasable","16":"product-type-variable"},"acf":[],"_links":{"self":[{"href":"https:\/\/stasadesign.com\/hr\/wp-json\/wp\/v2\/product\/3103","targetHints":{"allow":["GET"]}}],"collection":[{"href":"https:\/\/stasadesign.com\/hr\/wp-json\/wp\/v2\/product"}],"about":[{"href":"https:\/\/stasadesign.com\/hr\/wp-json\/wp\/v2\/types\/product"}],"wp:featuredmedia":[{"embeddable":true,"href":"https:\/\/stasadesign.com\/hr\/wp-json\/wp\/v2\/media\/3104"}],"wp:attachment":[{"href":"https:\/\/stasadesign.com\/hr\/wp-json\/wp\/v2\/media?parent=3103"}],"wp:term":[{"taxonomy":"product_brand","embeddable":true,"href":"https:\/\/stasadesign.com\/hr\/wp-json\/wp\/v2\/product_brand?post=3103"},{"taxonomy":"product_cat","embeddable":true,"href":"https:\/\/stasadesign.com\/hr\/wp-json\/wp\/v2\/product_cat?post=3103"},{"taxonomy":"product_tag","embeddable":true,"href":"https:\/\/stasadesign.com\/hr\/wp-json\/wp\/v2\/product_tag?post=3103"}],"curies":[{"name":"wp","href":"https:\/\/api.w.org\/{rel}","templated":true}]}}