{"id":3096,"date":"2024-11-19T15:23:11","date_gmt":"2024-11-19T15:23:11","guid":{"rendered":"https:\/\/stasadesign.com\/product\/majica-s-logotipom\/"},"modified":"2026-04-01T15:43:58","modified_gmt":"2026-04-01T15:43:58","slug":"majica-s-logotipom","status":"publish","type":"product","link":"https:\/\/stasadesign.com\/hr\/proizvod\/majica-s-logotipom\/","title":{"rendered":"Majica s logotipom"},"content":{"rendered":"<p><strong>MAJICA S LOGOM<\/strong><\/p>\n<p> <strong>Opis:<\/strong><\/p>\n<p> Majica s logom jednostavan je, ali elegantan osnovni komad garderobe, izra\u0111ena od 100% vrhunskog pamuka za cjelodnevnu udobnost. S opu\u0161tenim krojem i dizajnom logotipa brenda, svestran je komad savr\u0161en za svaki le\u017eeran izgled.<\/p>\n<p> <strong>Klju\u010dne zna\u010dajke:<\/strong><\/p>\n<ul>\n<li> <strong>Materijal:<\/strong> Izra\u0111en od 100% visokokvalitetnog pamuka, koji nudi prozra\u010dnost i mekan osje\u0107aj na ko\u017ei.<\/li>\n<li> <strong>Dizajn:<\/strong> \u010cist i minimalisti\u010dki s logotipom brenda otisnutim na prednjoj strani, \u0161to dodaje suptilan dojam.<\/li>\n<li> <strong>Kroj:<\/strong> Opu\u0161teni kroj za le\u017eerni stil i udobno no\u0161enje.<\/li>\n<li> <strong>Boja:<\/strong> Klasi\u010dna bijela, idealna za kombiniranje s raznim odjevnim kombinacijama.<\/li>\n<\/ul>\n<p> <strong>Za\u0161to \u0107ete ga voljeti:<\/strong><br \/> Majica s logom kombinira udobnost i jednostavnost s da\u0161kom brendiranja, \u0161to je \u010dini svestranim i neizostavnim dijelom svake garderobe. Savr\u0161ena je za slojevito ili samostalno no\u0161enje, a odli\u010dan je izbor za opu\u0161ten, svakodnevni izgled.<\/p>\n<p> <strong>Upute za njegu:<\/strong><\/p>\n<p> Perite u hladnoj vodi na 30\u00b0C sa sli\u010dnim bojama i pa\u017eljivo rukujte kako biste o\u010duvali kvalitetu tiska i tkanine.<\/p>\n<p> Model nosi veli\u010dinu S.<\/p>\n","protected":false},"excerpt":{"rendered":"<p>MAJICA S LOGOM Opis: Majica s logom jednostavan je, ali elegantan osnovni komad garderobe, izra\u0111ena od 100% vrhunskog pamuka za cjelodnevnu udobnost. S opu\u0161tenim krojem i dizajnom logotipa brenda, svestran je komad savr\u0161en za svaki le\u017eeran izgled. Klju\u010dne zna\u010dajke: Materijal: Izra\u0111en od 100% visokokvalitetnog pamuka, koji nudi prozra\u010dnost i mekan osje\u0107aj na ko\u017ei. Dizajn: \u010cist [&hellip;]<\/p>\n","protected":false},"featured_media":3097,"template":"","meta":{"_acf_changed":false},"product_brand":[],"product_cat":[90],"product_tag":[],"class_list":{"0":"post-3096","1":"product","2":"type-product","3":"status-publish","4":"has-post-thumbnail","6":"product_cat-aw-25-26","7":"pa_size-l","8":"pa_size-m","9":"pa_size-s","11":"first","12":"instock","13":"shipping-taxable","14":"purchasable","15":"product-type-variable"},"acf":[],"_links":{"self":[{"href":"https:\/\/stasadesign.com\/hr\/wp-json\/wp\/v2\/product\/3096","targetHints":{"allow":["GET"]}}],"collection":[{"href":"https:\/\/stasadesign.com\/hr\/wp-json\/wp\/v2\/product"}],"about":[{"href":"https:\/\/stasadesign.com\/hr\/wp-json\/wp\/v2\/types\/product"}],"wp:featuredmedia":[{"embeddable":true,"href":"https:\/\/stasadesign.com\/hr\/wp-json\/wp\/v2\/media\/3097"}],"wp:attachment":[{"href":"https:\/\/stasadesign.com\/hr\/wp-json\/wp\/v2\/media?parent=3096"}],"wp:term":[{"taxonomy":"product_brand","embeddable":true,"href":"https:\/\/stasadesign.com\/hr\/wp-json\/wp\/v2\/product_brand?post=3096"},{"taxonomy":"product_cat","embeddable":true,"href":"https:\/\/stasadesign.com\/hr\/wp-json\/wp\/v2\/product_cat?post=3096"},{"taxonomy":"product_tag","embeddable":true,"href":"https:\/\/stasadesign.com\/hr\/wp-json\/wp\/v2\/product_tag?post=3096"}],"curies":[{"name":"wp","href":"https:\/\/api.w.org\/{rel}","templated":true}]}}