{"id":3084,"date":"2025-05-03T16:09:56","date_gmt":"2025-05-03T16:09:56","guid":{"rendered":"https:\/\/stasadesign.com\/product\/jednostavna-haljina-broj-5\/"},"modified":"2026-04-01T15:43:53","modified_gmt":"2026-04-01T15:43:53","slug":"jednostavna-haljina-broj-5","status":"publish","type":"product","link":"https:\/\/stasadesign.com\/hr\/proizvod\/jednostavna-haljina-broj-5\/","title":{"rendered":"JEDNOSTAVNA HALJINA BROJ 5"},"content":{"rendered":"<p><b>JEDNOSTAVNA HALJINA BROJ 5<\/b><\/p>\n<p> <b>Opis:<\/b><span style=\"font-weight: 400;\"><br \/><\/span> <span style=\"font-weight: 400;\">Prekrasna haljina bez napora s prakti\u010dnim d\u017eepovima, dugom i \u0161irokom siluetom, odva\u017enim naborima na le\u0111ima i suptilnim bo\u010dnim prorezom za lako kretanje. Odgovaraju\u0107i remen omogu\u0107uje vam da prilagodite kroj svom stilu, kombiniraju\u0107i udobnost i eleganciju.<\/span><\/p>\n<p> <b>Klju\u010dne zna\u010dajke:<\/b><\/p>\n<ul>\n<li style=\"font-weight: 400;\" aria-level=\"1\"> <b>Materijal:<\/b> <span style=\"font-weight: 400;\">100% viskoza \u2013 lagana, prozra\u010dna i mekana. Certificirano prema Oeko-Tex Standard 100 (klasa 2).<\/span><\/li>\n<li style=\"font-weight: 400;\" aria-level=\"1\"> <b>Dizajn:<\/b> <span style=\"font-weight: 400;\">Le\u017eeran, \u0161irok kroj s prepoznatljivim stra\u017enjim naborima i bo\u010dnim prorezom za dodatnu pokretljivost.<\/span><\/li>\n<li style=\"font-weight: 400;\" aria-level=\"1\"> <b>Podesivost<\/b> <span style=\"font-weight: 400;\">: Remen oko struka za prilagodljivo pristajanje i laskavu siluetu.<\/span><\/li>\n<li style=\"font-weight: 400;\" aria-level=\"1\"> <b>Opcije boja:<\/b> <span style=\"font-weight: 400;\">klasi\u010dna crna i avokado zelena.<\/span><\/li>\n<\/ul>\n<p> <b>Za\u0161to \u0107ete ga voljeti:<\/b><span style=\"font-weight: 400;\"><br \/><\/span> <span style=\"font-weight: 400;\">Savr\u0161en spoj opu\u0161tene elegancije i funkcionalnog dizajna. Bilo da se odijevate za doga\u0111aj ili \u017eelite biti le\u017eerni, SIMPLE DRESS NO5 nudi le\u017eerni stil i svestranost.<\/span><\/p>\n<p> <b>Upute za njegu:<\/b><span style=\"font-weight: 400;\"><br \/><\/span> <span style=\"font-weight: 400;\">Perite hladno na 30\u00b0C sa sli\u010dnim bojama. Pa\u017eljivo rukujte kako biste odr\u017eali prirodnu meko\u0107u i rasprostranjenost tkanine.<\/span><\/p>\n<p> <b>Informacije o modelu:<\/b><span style=\"font-weight: 400;\"><br \/><\/span> <span style=\"font-weight: 400;\">Model nosi veli\u010dinu S\/M.<\/span><\/p>\n","protected":false},"excerpt":{"rendered":"<p>JEDNOSTAVNA HALJINA BROJ 5 Opis: Prekrasna haljina bez napora s prakti\u010dnim d\u017eepovima, dugom i \u0161irokom siluetom, odva\u017enim naborima na le\u0111ima i suptilnim bo\u010dnim prorezom za lako kretanje. Odgovaraju\u0107i remen omogu\u0107uje vam da prilagodite kroj svom stilu, kombiniraju\u0107i udobnost i eleganciju. Klju\u010dne zna\u010dajke: Materijal: 100% viskoza \u2013 lagana, prozra\u010dna i mekana. Certificirano prema Oeko-Tex Standard 100 [&hellip;]<\/p>\n","protected":false},"featured_media":3085,"template":"","meta":{"_acf_changed":false},"product_brand":[],"product_cat":[90],"product_tag":[],"class_list":{"0":"post-3084","1":"product","2":"type-product","3":"status-publish","4":"has-post-thumbnail","6":"product_cat-aw-25-26","8":"first","9":"instock","10":"shipping-taxable","11":"purchasable","12":"product-type-variable"},"acf":[],"_links":{"self":[{"href":"https:\/\/stasadesign.com\/hr\/wp-json\/wp\/v2\/product\/3084","targetHints":{"allow":["GET"]}}],"collection":[{"href":"https:\/\/stasadesign.com\/hr\/wp-json\/wp\/v2\/product"}],"about":[{"href":"https:\/\/stasadesign.com\/hr\/wp-json\/wp\/v2\/types\/product"}],"wp:featuredmedia":[{"embeddable":true,"href":"https:\/\/stasadesign.com\/hr\/wp-json\/wp\/v2\/media\/3085"}],"wp:attachment":[{"href":"https:\/\/stasadesign.com\/hr\/wp-json\/wp\/v2\/media?parent=3084"}],"wp:term":[{"taxonomy":"product_brand","embeddable":true,"href":"https:\/\/stasadesign.com\/hr\/wp-json\/wp\/v2\/product_brand?post=3084"},{"taxonomy":"product_cat","embeddable":true,"href":"https:\/\/stasadesign.com\/hr\/wp-json\/wp\/v2\/product_cat?post=3084"},{"taxonomy":"product_tag","embeddable":true,"href":"https:\/\/stasadesign.com\/hr\/wp-json\/wp\/v2\/product_tag?post=3084"}],"curies":[{"name":"wp","href":"https:\/\/api.w.org\/{rel}","templated":true}]}}