{"id":3075,"date":"2025-05-03T16:18:48","date_gmt":"2025-05-03T16:18:48","guid":{"rendered":"https:\/\/stasadesign.com\/product\/jolie-suknja\/"},"modified":"2026-04-01T15:43:51","modified_gmt":"2026-04-01T15:43:51","slug":"jolie-suknja","status":"publish","type":"product","link":"https:\/\/stasadesign.com\/hr\/proizvod\/jolie-suknja\/","title":{"rendered":"JOLIE SUKNJA"},"content":{"rendered":"<p class=\"\" data-start=\"174\" data-end=\"452\"><strong data-start=\"174\" data-end=\"189\">JOLIE SUKNJA<\/strong><\/p>\n<p class=\"\" data-start=\"174\" data-end=\"452\"> <strong data-start=\"205\" data-end=\"221\">Opis:<\/strong><br data-start=\"221\" data-end=\"224\" \/> Moderna verzija svakodnevne suknje, Jolie suknja ima nje\u017eno nabrane dijelove na bokovima za meku, lepr\u0161avu siluetu. Izra\u0111ena od prozra\u010dne mje\u0161avine pamuka s da\u0161kom rastezljivosti, nudi lako\u0107u kretanja i cjelodnevnu udobnost. <span style=\"font-weight: 400;\">Dizajnirana je sa skrivenim patentnim zatvara\u010dem na stra\u017enjoj strani.<\/span><\/p>\n<p> <strong data-start=\"454\" data-end=\"471\">Klju\u010dne zna\u010dajke:<\/strong><\/p>\n<ul>\n<li data-start=\"476\" data-end=\"601\"> <strong data-start=\"476\" data-end=\"489\">Materijal:<\/strong> 97% pamuk, 3% elastan \u2013 mekan, prozra\u010dan i blago fleksibilan. Certificirano prema Oeko-Tex Standard 100 (klasa 2).<\/li>\n<li data-start=\"604\" data-end=\"720\"> <strong data-start=\"604\" data-end=\"615\">Dizajn:<\/strong> Opu\u0161teni kroj s elasti\u010dnim nabranim strukom, midi duljina za svestran stil i \u010dist zavr\u0161etak.<\/li>\n<li data-start=\"723\" data-end=\"773\"> <strong data-start=\"723\" data-end=\"742\">Opcije boja:<\/strong> Klasi\u010dna crna.<\/li>\n<\/ul>\n<p class=\"\" data-start=\"775\" data-end=\"981\"> <strong data-start=\"775\" data-end=\"798\">Za\u0161to \u0107ete ga voljeti:<\/strong><br data-start=\"798\" data-end=\"801\" \/> Jolie suknja kombinira decentnu eleganciju s udobno\u0161\u0107u, \u0161to je \u010dini neizostavnom u garderobi. Njen lepr\u0161avi oblik i lagana tkanina savr\u0161eni su za opu\u0161ten i profinjen izgled.<\/p>\n<p class=\"\" data-start=\"983\" data-end=\"1113\"> <strong data-start=\"983\" data-end=\"1005\">Upute za njegu:<\/strong><br data-start=\"1005\" data-end=\"1008\" \/> Perite hladno na 30\u00b0C sa sli\u010dnim bojama. Pa\u017eljivo rukujte kako biste odr\u017eali prirodnu meko\u0107u i rasprostranjenost tkanine.<\/p>\n<p class=\"\" data-start=\"1115\" data-end=\"1157\"> <strong data-start=\"1115\" data-end=\"1130\">Informacije o modelu:<\/strong><br data-start=\"1130\" data-end=\"1133\" \/> Model nosi veli\u010dinu S.<\/p>\n","protected":false},"excerpt":{"rendered":"<p>JOLIE SUKNJA Opis: Moderna verzija svakodnevne suknje, Jolie suknja ima nje\u017eno nabrane dijelove na bokovima za meku, lepr\u0161avu siluetu. Izra\u0111ena od prozra\u010dne mje\u0161avine pamuka s da\u0161kom rastezljivosti, nudi lako\u0107u kretanja i cjelodnevnu udobnost. Dizajnirana je sa skrivenim patentnim zatvara\u010dem na stra\u017enjoj strani. Klju\u010dne zna\u010dajke: Materijal: 97% pamuk, 3% elastan \u2013 mekan, prozra\u010dan i blago fleksibilan. [&hellip;]<\/p>\n","protected":false},"featured_media":3078,"template":"","meta":{"_acf_changed":false},"product_brand":[],"product_cat":[90],"product_tag":[],"class_list":{"0":"post-3075","1":"product","2":"type-product","3":"status-publish","4":"has-post-thumbnail","6":"product_cat-aw-25-26","7":"pa_size-l","8":"pa_size-m","9":"pa_size-s","11":"first","12":"instock","13":"sale","14":"shipping-taxable","15":"purchasable","16":"product-type-variable"},"acf":[],"_links":{"self":[{"href":"https:\/\/stasadesign.com\/hr\/wp-json\/wp\/v2\/product\/3075","targetHints":{"allow":["GET"]}}],"collection":[{"href":"https:\/\/stasadesign.com\/hr\/wp-json\/wp\/v2\/product"}],"about":[{"href":"https:\/\/stasadesign.com\/hr\/wp-json\/wp\/v2\/types\/product"}],"wp:featuredmedia":[{"embeddable":true,"href":"https:\/\/stasadesign.com\/hr\/wp-json\/wp\/v2\/media\/3078"}],"wp:attachment":[{"href":"https:\/\/stasadesign.com\/hr\/wp-json\/wp\/v2\/media?parent=3075"}],"wp:term":[{"taxonomy":"product_brand","embeddable":true,"href":"https:\/\/stasadesign.com\/hr\/wp-json\/wp\/v2\/product_brand?post=3075"},{"taxonomy":"product_cat","embeddable":true,"href":"https:\/\/stasadesign.com\/hr\/wp-json\/wp\/v2\/product_cat?post=3075"},{"taxonomy":"product_tag","embeddable":true,"href":"https:\/\/stasadesign.com\/hr\/wp-json\/wp\/v2\/product_tag?post=3075"}],"curies":[{"name":"wp","href":"https:\/\/api.w.org\/{rel}","templated":true}]}}