{"id":3069,"date":"2025-05-03T16:46:11","date_gmt":"2025-05-03T16:46:11","guid":{"rendered":"https:\/\/stasadesign.com\/product\/top-br-5\/"},"modified":"2026-04-01T15:43:50","modified_gmt":"2026-04-01T15:43:50","slug":"top-br-5","status":"publish","type":"product","link":"https:\/\/stasadesign.com\/hr\/proizvod\/top-br-5\/","title":{"rendered":"TOP br. 5"},"content":{"rendered":"<p class=\"\" data-start=\"120\" data-end=\"133\"><strong data-start=\"120\" data-end=\"133\">TOP br. 5<\/strong><\/p>\n<p class=\"\" data-start=\"135\" data-end=\"363\"> <strong data-start=\"135\" data-end=\"151\">Opis:<\/strong><br data-start=\"151\" data-end=\"154\" \/> Suvremeni top linijskog oblika s kra\u0107im prednjim dijelom i du\u017eim stra\u017enjim dijelom, dizajniran za dodavanje laskave, asimetri\u010dne siluete. Rukavi imaju suptilan otvoreni detalj sprijeda za dodatni dodir elegancije.<\/p>\n<p class=\"\" data-start=\"365\" data-end=\"384\"> <strong data-start=\"365\" data-end=\"382\">Klju\u010dne zna\u010dajke:<\/strong> <\/p>\n<ul data-start=\"385\" data-end=\"683\">\n<li class=\"\" data-start=\"385\" data-end=\"563\">\n<p class=\"\" data-start=\"387\" data-end=\"563\"> <strong data-start=\"387\" data-end=\"400\">Materijal:<\/strong> 97% pamuk, 3% elastan za mekan, prozra\u010dan osje\u0107aj s pravom koli\u010dinom rastezljivosti. Oeko-Tex certifikat osigurava da tkanina ne sadr\u017ei \u0161tetne kemikalije.<\/p>\n<\/li>\n<li class=\"\" data-start=\"564\" data-end=\"628\">\n<p class=\"\" data-start=\"566\" data-end=\"628\"> <strong data-start=\"566\" data-end=\"577\">Dizajn:<\/strong> Moderan, \u010distih linija s opu\u0161tenim, a opet elegantnim krojem.<\/p>\n<\/li>\n<li class=\"\" data-start=\"629\" data-end=\"683\">\n<p class=\"\" data-start=\"631\" data-end=\"683\"> <strong data-start=\"631\" data-end=\"650\">Opcije boja:<\/strong> klasi\u010dna crna i maslinasto zelena.<\/p>\n<\/li>\n<\/ul>\n<p class=\"\" data-start=\"685\" data-end=\"927\"> <strong data-start=\"685\" data-end=\"708\">Za\u0161to \u0107ete ga voljeti:<\/strong><br data-start=\"708\" data-end=\"711\" \/> Ovaj top dizajniran je za vrhunsku udobnost i stil, savr\u0161en za slojevito ili samostalno no\u0161enje. Njegova svestranost \u010dini ga neizostavnim dodatkom svakoj garderobi, nude\u0107i jednostavne mogu\u0107nosti stiliziranja za le\u017eerne ili elegantne izglede.<\/p>\n<p class=\"\" data-start=\"929\" data-end=\"1126\"> <strong data-start=\"929\" data-end=\"951\">Upute za njegu:<\/strong><br data-start=\"951\" data-end=\"954\" \/> Prati u perilici rublja u hladnoj vodi na 30\u00b0C sa sli\u010dnim bojama. Pa\u017eljivo rukujte kako biste odr\u017eali meko\u0107u i lepr\u0161avost tkanine. Izbjegavajte gla\u010danje preko otvorenih detalja kako biste sa\u010duvali nje\u017eni dizajn.<\/p>\n<p class=\"\" data-start=\"1128\" data-end=\"1172\"> <strong data-start=\"1128\" data-end=\"1143\">Informacije o modelu:<\/strong><br data-start=\"1143\" data-end=\"1146\" \/> Model nosi veli\u010dinu S.<\/p>\n","protected":false},"excerpt":{"rendered":"<p>TOP br. 5 Opis: Suvremeni top linijskog oblika s kra\u0107im prednjim dijelom i du\u017eim stra\u017enjim dijelom, dizajniran za dodavanje laskave, asimetri\u010dne siluete. Rukavi imaju suptilan otvoreni detalj sprijeda za dodatni dodir elegancije. Klju\u010dne zna\u010dajke: Materijal: 97% pamuk, 3% elastan za mekan, prozra\u010dan osje\u0107aj s pravom koli\u010dinom rastezljivosti. Oeko-Tex certifikat osigurava da tkanina ne sadr\u017ei \u0161tetne [&hellip;]<\/p>\n","protected":false},"featured_media":5021,"template":"","meta":{"_acf_changed":false},"product_brand":[],"product_cat":[90],"product_tag":[],"class_list":{"0":"post-3069","1":"product","2":"type-product","3":"status-publish","4":"has-post-thumbnail","6":"product_cat-aw-25-26","7":"pa_size-l","8":"pa_size-m","9":"pa_size-s","11":"first","12":"instock","13":"shipping-taxable","14":"purchasable","15":"product-type-variable"},"acf":[],"_links":{"self":[{"href":"https:\/\/stasadesign.com\/hr\/wp-json\/wp\/v2\/product\/3069","targetHints":{"allow":["GET"]}}],"collection":[{"href":"https:\/\/stasadesign.com\/hr\/wp-json\/wp\/v2\/product"}],"about":[{"href":"https:\/\/stasadesign.com\/hr\/wp-json\/wp\/v2\/types\/product"}],"wp:featuredmedia":[{"embeddable":true,"href":"https:\/\/stasadesign.com\/hr\/wp-json\/wp\/v2\/media\/5021"}],"wp:attachment":[{"href":"https:\/\/stasadesign.com\/hr\/wp-json\/wp\/v2\/media?parent=3069"}],"wp:term":[{"taxonomy":"product_brand","embeddable":true,"href":"https:\/\/stasadesign.com\/hr\/wp-json\/wp\/v2\/product_brand?post=3069"},{"taxonomy":"product_cat","embeddable":true,"href":"https:\/\/stasadesign.com\/hr\/wp-json\/wp\/v2\/product_cat?post=3069"},{"taxonomy":"product_tag","embeddable":true,"href":"https:\/\/stasadesign.com\/hr\/wp-json\/wp\/v2\/product_tag?post=3069"}],"curies":[{"name":"wp","href":"https:\/\/api.w.org\/{rel}","templated":true}]}}