{"id":3054,"date":"2025-05-03T16:59:52","date_gmt":"2025-05-03T16:59:52","guid":{"rendered":"https:\/\/stasadesign.com\/product\/ruzicasta-haljina\/"},"modified":"2026-04-01T15:43:48","modified_gmt":"2026-04-01T15:43:48","slug":"ruzicasta-haljina","status":"publish","type":"product","link":"https:\/\/stasadesign.com\/hr\/proizvod\/ruzicasta-haljina\/","title":{"rendered":"RU\u017dI\u010cASTA HALJINA"},"content":{"rendered":"<p class=\"\" data-start=\"59\" data-end=\"73\"><strong data-start=\"59\" data-end=\"73\">Ru\u017ei\u010dasta haljina<\/strong><\/p>\n<p class=\"\" data-start=\"75\" data-end=\"423\"> <strong data-start=\"75\" data-end=\"91\">Opis:<\/strong><br data-start=\"91\" data-end=\"94\" \/> Uska haljina s naborima za krojen izgled, ravne siluete koja podsje\u0107a na izrez cigarete. Gornji dio ima nje\u017ene rukave koji nje\u017eno vise s ramena, dok le\u0111a imaju V-otvor i skriveni patentni zatvara\u010d. Otvoreni prorez na lijevoj strani suknje dodaje da\u0161ak kretanja i sofisticiranosti.<\/p>\n<p class=\"\" data-start=\"425\" data-end=\"444\"> <strong data-start=\"425\" data-end=\"442\">Klju\u010dne zna\u010dajke:<\/strong> <\/p>\n<ul data-start=\"445\" data-end=\"713\">\n<li class=\"\" data-start=\"445\" data-end=\"576\">\n<p class=\"\" data-start=\"447\" data-end=\"576\"> <strong data-start=\"447\" data-end=\"460\">Materijal:<\/strong> 73% poliester, 23% viskoza, 4% elastan za mekano, ali strukturirano pristajanje. Oeko-Tex certifikat za sigurnost i kvalitetu.<\/p>\n<\/li>\n<li class=\"\" data-start=\"577\" data-end=\"661\">\n<p class=\"\" data-start=\"579\" data-end=\"661\"> <strong data-start=\"579\" data-end=\"590\">Dizajn:<\/strong> Krojen kroj s elegantnim detaljima, uklju\u010duju\u0107i V-le\u0111a i bo\u010dni prorez.<\/p>\n<\/li>\n<li class=\"\" data-start=\"662\" data-end=\"713\">\n<p class=\"\" data-start=\"664\" data-end=\"713\"> <strong data-start=\"664\" data-end=\"683\">Opcije boja:<\/strong> klasi\u010dna crna i mornarsko plava 600.<\/p>\n<\/li>\n<\/ul>\n<p class=\"\" data-start=\"715\" data-end=\"934\"> <strong data-start=\"715\" data-end=\"738\">Za\u0161to \u0107ete ga voljeti:<\/strong><br data-start=\"738\" data-end=\"741\" \/> Ova haljina kombinira bezvremensku sofisticiranost s modernim, laskavim krojem, savr\u0161enu za formalne i poluformalne prigode. Promi\u0161ljen dizajn osigurava udobnu, a opet elegantnu siluetu.<\/p>\n<p class=\"\" data-start=\"936\" data-end=\"1077\"> <strong data-start=\"936\" data-end=\"958\">Upute za njegu:<\/strong><br data-start=\"958\" data-end=\"961\" \/> Prati u perilici rublja u hladnoj vodi na 30\u00b0C sa sli\u010dnim bojama. Pa\u017eljivo rukujte kako biste sa\u010duvali prirodnu meko\u0107u i rasprostranjenost tkanine.<\/p>\n<p class=\"\" data-start=\"1079\" data-end=\"1121\"> <strong data-start=\"1079\" data-end=\"1094\">Informacije o modelu:<\/strong><br data-start=\"1094\" data-end=\"1097\" \/> Model nosi veli\u010dinu S.<\/p>\n","protected":false},"excerpt":{"rendered":"<p>Ru\u017ei\u010dasta haljina Opis: Uska haljina s naborima za krojen izgled, ravne siluete koja podsje\u0107a na izrez cigarete. Gornji dio ima nje\u017ene rukave koji nje\u017eno vise s ramena, dok le\u0111a imaju V-otvor i skriveni patentni zatvara\u010d. Otvoreni prorez na lijevoj strani suknje dodaje da\u0161ak kretanja i sofisticiranosti. Klju\u010dne zna\u010dajke: Materijal: 73% poliester, 23% viskoza, 4% elastan [&hellip;]<\/p>\n","protected":false},"featured_media":3060,"template":"","meta":{"_acf_changed":false},"product_brand":[],"product_cat":[90],"product_tag":[],"class_list":{"0":"post-3054","1":"product","2":"type-product","3":"status-publish","4":"has-post-thumbnail","6":"product_cat-aw-25-26","7":"pa_size-l","8":"pa_size-m","9":"pa_size-s","11":"first","12":"instock","13":"shipping-taxable","14":"purchasable","15":"product-type-variable"},"acf":[],"_links":{"self":[{"href":"https:\/\/stasadesign.com\/hr\/wp-json\/wp\/v2\/product\/3054","targetHints":{"allow":["GET"]}}],"collection":[{"href":"https:\/\/stasadesign.com\/hr\/wp-json\/wp\/v2\/product"}],"about":[{"href":"https:\/\/stasadesign.com\/hr\/wp-json\/wp\/v2\/types\/product"}],"wp:featuredmedia":[{"embeddable":true,"href":"https:\/\/stasadesign.com\/hr\/wp-json\/wp\/v2\/media\/3060"}],"wp:attachment":[{"href":"https:\/\/stasadesign.com\/hr\/wp-json\/wp\/v2\/media?parent=3054"}],"wp:term":[{"taxonomy":"product_brand","embeddable":true,"href":"https:\/\/stasadesign.com\/hr\/wp-json\/wp\/v2\/product_brand?post=3054"},{"taxonomy":"product_cat","embeddable":true,"href":"https:\/\/stasadesign.com\/hr\/wp-json\/wp\/v2\/product_cat?post=3054"},{"taxonomy":"product_tag","embeddable":true,"href":"https:\/\/stasadesign.com\/hr\/wp-json\/wp\/v2\/product_tag?post=3054"}],"curies":[{"name":"wp","href":"https:\/\/api.w.org\/{rel}","templated":true}]}}