{"id":3050,"date":"2025-05-03T16:50:45","date_gmt":"2025-05-03T16:50:45","guid":{"rendered":"https:\/\/stasadesign.com\/product\/suknja-br-5\/"},"modified":"2026-04-01T15:43:48","modified_gmt":"2026-04-01T15:43:48","slug":"suknja-br-5","status":"publish","type":"product","link":"https:\/\/stasadesign.com\/hr\/proizvod\/suknja-br-5\/","title":{"rendered":"SUKNJA br. 5"},"content":{"rendered":"<p class=\"\" data-start=\"56\" data-end=\"71\"><strong data-start=\"56\" data-end=\"71\">Suknja broj 5<\/strong><\/p>\n<p class=\"\" data-start=\"73\" data-end=\"298\"> <strong data-start=\"73\" data-end=\"89\">Opis:<\/strong><br data-start=\"89\" data-end=\"92\" \/> Laskava suknja srednje duljine s d\u017eepovima i elasti\u010dnim pojasom straga za dodatnu udobnost. Prednji pojas je \u010dist i ravan, s decentnim naborima koji stvaraju lijep, \u017eenstven oblik.<\/p>\n<p class=\"\" data-start=\"300\" data-end=\"319\"> <strong data-start=\"300\" data-end=\"317\">Klju\u010dne zna\u010dajke:<\/strong><\/p>\n<ul>\n<li data-start=\"322\" data-end=\"452\"> <strong data-start=\"322\" data-end=\"335\">Materijal:<\/strong> 97% pamuk, 3% elastan za meko\u0107u, prozra\u010dnost i laganu fleksibilnost. Oeko-Tex certifikat za bezbri\u017enost.<\/li>\n<li data-start=\"455\" data-end=\"549\"> <strong data-start=\"455\" data-end=\"466\">Dizajn:<\/strong> Jednostavan, ali \u0161ik dizajn s nabranim detaljem sprijeda za dodatnu eleganciju.<\/li>\n<li data-start=\"552\" data-end=\"604\"> <strong data-start=\"552\" data-end=\"571\">Opcije boja:<\/strong> klasi\u010dna crna i maslinasto zelena.<\/li>\n<\/ul>\n<p class=\"\" data-start=\"606\" data-end=\"812\"> <strong data-start=\"606\" data-end=\"629\">Za\u0161to \u0107ete ga voljeti:<\/strong><br data-start=\"629\" data-end=\"632\" \/> Ova suknja nudi udobnost i stil sa svojim svestranim dizajnom, savr\u0161enim za svaku prigodu &#8211; le\u017eernu ili elegantnu. Njene \u010diste linije i laskavi oblik \u010dine je jednostavnim osnovnim komadom garderobe.<\/p>\n<p class=\"\" data-start=\"814\" data-end=\"941\"> <strong data-start=\"814\" data-end=\"836\">Upute za njegu:<\/strong><br data-start=\"836\" data-end=\"839\" \/> Prati u perilici rublja u hladnoj vodi na 30\u00b0C sa sli\u010dnim bojama. Pa\u017eljivo rukujte kako biste odr\u017eali meko\u0107u i protok tkanine.<\/p>\n<p class=\"\" data-start=\"943\" data-end=\"985\"> <strong data-start=\"943\" data-end=\"958\">Informacije o modelu:<\/strong><br data-start=\"958\" data-end=\"961\" \/> Model nosi veli\u010dinu S.<\/p>\n","protected":false},"excerpt":{"rendered":"<p>Suknja broj 5 Opis: Laskava suknja srednje duljine s d\u017eepovima i elasti\u010dnim pojasom straga za dodatnu udobnost. Prednji pojas je \u010dist i ravan, s decentnim naborima koji stvaraju lijep, \u017eenstven oblik. Klju\u010dne zna\u010dajke: Materijal: 97% pamuk, 3% elastan za meko\u0107u, prozra\u010dnost i laganu fleksibilnost. Oeko-Tex certifikat za bezbri\u017enost. Dizajn: Jednostavan, ali \u0161ik dizajn s nabranim [&hellip;]<\/p>\n","protected":false},"featured_media":5019,"template":"","meta":{"_acf_changed":false},"product_brand":[],"product_cat":[90],"product_tag":[],"class_list":{"0":"post-3050","1":"product","2":"type-product","3":"status-publish","4":"has-post-thumbnail","6":"product_cat-aw-25-26","7":"pa_size-l","8":"pa_size-m","9":"pa_size-s","11":"first","12":"instock","13":"featured","14":"shipping-taxable","15":"purchasable","16":"product-type-variable"},"acf":[],"_links":{"self":[{"href":"https:\/\/stasadesign.com\/hr\/wp-json\/wp\/v2\/product\/3050","targetHints":{"allow":["GET"]}}],"collection":[{"href":"https:\/\/stasadesign.com\/hr\/wp-json\/wp\/v2\/product"}],"about":[{"href":"https:\/\/stasadesign.com\/hr\/wp-json\/wp\/v2\/types\/product"}],"wp:featuredmedia":[{"embeddable":true,"href":"https:\/\/stasadesign.com\/hr\/wp-json\/wp\/v2\/media\/5019"}],"wp:attachment":[{"href":"https:\/\/stasadesign.com\/hr\/wp-json\/wp\/v2\/media?parent=3050"}],"wp:term":[{"taxonomy":"product_brand","embeddable":true,"href":"https:\/\/stasadesign.com\/hr\/wp-json\/wp\/v2\/product_brand?post=3050"},{"taxonomy":"product_cat","embeddable":true,"href":"https:\/\/stasadesign.com\/hr\/wp-json\/wp\/v2\/product_cat?post=3050"},{"taxonomy":"product_tag","embeddable":true,"href":"https:\/\/stasadesign.com\/hr\/wp-json\/wp\/v2\/product_tag?post=3050"}],"curies":[{"name":"wp","href":"https:\/\/api.w.org\/{rel}","templated":true}]}}