{"id":3025,"date":"2025-05-03T17:38:11","date_gmt":"2025-05-03T17:38:11","guid":{"rendered":"https:\/\/stasadesign.com\/product\/kimono-haljina\/"},"modified":"2026-04-01T15:44:24","modified_gmt":"2026-04-01T15:44:24","slug":"kimono-haljina","status":"publish","type":"product","link":"https:\/\/stasadesign.com\/hr\/proizvod\/kimono-haljina\/","title":{"rendered":"KIMONO HALJINA"},"content":{"rendered":"<p><b>KIMONO HALJINA<\/b><\/p>\n<p> <b>Opis:<\/b><b><br \/><\/b> <span style=\"font-weight: 400;\">Prekrasno lepr\u0161ava haljina u stilu kimona dizajnirana za udobnost i eleganciju. Ima laskavi otvoreni V-izrez, rub srednje duljine i bo\u010dne proreze za dodatnu pokretljivost. Prilo\u017eeni remen za struk omogu\u0107uje pode\u0161avanje oblika, daju\u0107i vam mogu\u0107nost no\u0161enja labavo ili stegnuto za definiraniju siluetu.<\/span><\/p>\n<p> <b>Klju\u010dne zna\u010dajke:<\/b><\/p>\n<ul>\n<li style=\"font-weight: 400;\" aria-level=\"1\"> <b>Materijal:<\/b> <span style=\"font-weight: 400;\">100% viskoza \u2013 lagana, prozra\u010dna i mekana na dodir. Certificirano prema Oeko-Tex Standard 100 (klasa 2) za sigurno i ko\u017ei ugodno no\u0161enje.<\/span><\/li>\n<li style=\"font-weight: 400;\" aria-level=\"1\"> <b>Dizajn:<\/b> <span style=\"font-weight: 400;\">Le\u017eeran i elegantan s prepoznatljivim stra\u017enjim naborima i bo\u010dnim prorezima za lako\u0107u i fluidnost.<\/span><\/li>\n<li style=\"font-weight: 400;\" aria-level=\"1\"> <b>Podesivost:<\/b> <span style=\"font-weight: 400;\">Dolazi s remenom za struk kako biste ga prilagodili svojoj veli\u010dini.<\/span><\/li>\n<li style=\"font-weight: 400;\" aria-level=\"1\"> <b>Opcije boja:<\/b> <span style=\"font-weight: 400;\">klasi\u010dna crna i avokado zelena.<\/span><\/li>\n<\/ul>\n<p> <b>Za\u0161to \u0107ete ga voljeti:<\/b><b><br \/><\/b> <span style=\"font-weight: 400;\">Bilo da se odmarate, putujete ili se elegantno obla\u010dite, ova kimono haljina va\u0161 je izbor za le\u017eernu sofisticiranost. Njezin prozra\u010dan kroj i podesivi struk \u010dine je svestranom i laskavom na svim tipovima tijela.<\/span><\/p>\n<p> <b>Upute za njegu:<\/b><b><br \/><\/b> <span style=\"font-weight: 400;\">Prati u perilici rublja u hladnoj vodi na 30\u00b0C sa sli\u010dnim bojama. Pa\u017eljivo rukujte kako biste odr\u017eali prirodnu meko\u0107u i rasprostranjenost tkanine.<\/span><\/p>\n<p> <b>Informacije o modelu:<\/b><b><br \/><\/b> <span style=\"font-weight: 400;\">Model nosi veli\u010dinu S\/M.<\/span><\/p>\n","protected":false},"excerpt":{"rendered":"<p>KIMONO HALJINA Opis: Prekrasno lepr\u0161ava haljina u stilu kimona dizajnirana za udobnost i eleganciju. Ima laskavi otvoreni V-izrez, rub srednje duljine i bo\u010dne proreze za dodatnu pokretljivost. Prilo\u017eeni remen za struk omogu\u0107uje pode\u0161avanje oblika, daju\u0107i vam mogu\u0107nost no\u0161enja labavo ili stegnuto za definiraniju siluetu. Klju\u010dne zna\u010dajke: Materijal: 100% viskoza \u2013 lagana, prozra\u010dna i mekana na [&hellip;]<\/p>\n","protected":false},"featured_media":3026,"template":"","meta":{"_acf_changed":false},"product_brand":[],"product_cat":[90],"product_tag":[],"class_list":{"0":"post-3025","1":"product","2":"type-product","3":"status-publish","4":"has-post-thumbnail","6":"product_cat-aw-25-26","8":"first","9":"instock","10":"sale","11":"shipping-taxable","12":"purchasable","13":"product-type-variable"},"acf":[],"_links":{"self":[{"href":"https:\/\/stasadesign.com\/hr\/wp-json\/wp\/v2\/product\/3025","targetHints":{"allow":["GET"]}}],"collection":[{"href":"https:\/\/stasadesign.com\/hr\/wp-json\/wp\/v2\/product"}],"about":[{"href":"https:\/\/stasadesign.com\/hr\/wp-json\/wp\/v2\/types\/product"}],"wp:featuredmedia":[{"embeddable":true,"href":"https:\/\/stasadesign.com\/hr\/wp-json\/wp\/v2\/media\/3026"}],"wp:attachment":[{"href":"https:\/\/stasadesign.com\/hr\/wp-json\/wp\/v2\/media?parent=3025"}],"wp:term":[{"taxonomy":"product_brand","embeddable":true,"href":"https:\/\/stasadesign.com\/hr\/wp-json\/wp\/v2\/product_brand?post=3025"},{"taxonomy":"product_cat","embeddable":true,"href":"https:\/\/stasadesign.com\/hr\/wp-json\/wp\/v2\/product_cat?post=3025"},{"taxonomy":"product_tag","embeddable":true,"href":"https:\/\/stasadesign.com\/hr\/wp-json\/wp\/v2\/product_tag?post=3025"}],"curies":[{"name":"wp","href":"https:\/\/api.w.org\/{rel}","templated":true}]}}