{"id":2994,"date":"2025-05-05T09:25:55","date_gmt":"2025-05-05T09:25:55","guid":{"rendered":"https:\/\/stasadesign.com\/product\/plava-haljina\/"},"modified":"2026-04-01T15:43:40","modified_gmt":"2026-04-01T15:43:40","slug":"plava-haljina","status":"publish","type":"product","link":"https:\/\/stasadesign.com\/hr\/proizvod\/plava-haljina\/","title":{"rendered":"PLAVA HALJINA"},"content":{"rendered":"<p class=\"\" data-start=\"73\" data-end=\"88\"><strong data-start=\"73\" data-end=\"88\">Plava haljina<\/strong><\/p>\n<p class=\"\" data-start=\"90\" data-end=\"428\"> <strong data-start=\"90\" data-end=\"106\">Opis:<\/strong><br data-start=\"106\" data-end=\"109\" \/> Ljetna haljina iz snova koja prekrasno pada sa svakim korakom. Plava haljina A-kroja ima laskavi V-izrez, nje\u017ene naramenice i otvorena le\u0111a za da\u0161ak elegancije. D\u017eepovi dodaju prakti\u010dan, ali elegantan detalj ovom laganom i prozra\u010dnom komadu, \u0161to ga \u010dini savr\u0161enim izborom za tople dane.<\/p>\n<p class=\"\" data-start=\"430\" data-end=\"449\"> <strong data-start=\"430\" data-end=\"447\">Klju\u010dne zna\u010dajke:<\/strong><\/p>\n<ul>\n<li data-start=\"452\" data-end=\"605\"> <strong data-start=\"452\" data-end=\"465\">Materijal:<\/strong> 85% viskoza, 15% poliester \u2013 glatko, prozra\u010dno i lagano. Certificirano prema Oeko-Tex Standard 100 (klasa 2) za sigurno i ko\u017ei ugodno no\u0161enje.<\/li>\n<li data-start=\"608\" data-end=\"717\"> <strong data-start=\"608\" data-end=\"619\">Dizajn:<\/strong> A-kroj s drapiranim krojem, V-izrez, otvoreni donji dio le\u0111a i d\u017eepovi za dodatnu prakti\u010dnost.<\/li>\n<li data-start=\"720\" data-end=\"775\"> <strong data-start=\"720\" data-end=\"739\">Opcije boja:<\/strong> terakota i plava<\/li>\n<\/ul>\n<p class=\"\" data-start=\"777\" data-end=\"956\"> <strong data-start=\"777\" data-end=\"800\">Za\u0161to \u0107ete ga voljeti:<\/strong><br data-start=\"800\" data-end=\"803\" \/> Ova haljina kombinira le\u017eeran stil s vrhunskom udobno\u0161\u0107u. Mekani pad i sanjivi lepr\u0161avi pad \u010dine je savr\u0161enom za le\u017eerne izlaske ili opu\u0161tene ljetne ve\u010deri.<\/p>\n<p class=\"\" data-start=\"958\" data-end=\"1089\"> <strong data-start=\"958\" data-end=\"980\">Upute za njegu:<\/strong><br data-start=\"980\" data-end=\"983\" \/> Prati u perilici rublja u hladnoj vodi na 30\u00b0C sa sli\u010dnim bojama. Pa\u017eljivo rukujte kako biste sa\u010duvali meko\u0107u i oblik tkanine.<\/p>\n<p class=\"\" data-start=\"1091\" data-end=\"1133\"> <strong data-start=\"1091\" data-end=\"1106\">Informacije o modelu:<\/strong><br data-start=\"1106\" data-end=\"1109\" \/> Model nosi veli\u010dinu S\/M.<\/p>\n","protected":false},"excerpt":{"rendered":"<p>Plava haljina Opis: Ljetna haljina iz snova koja prekrasno pada sa svakim korakom. Plava haljina A-kroja ima laskavi V-izrez, nje\u017ene naramenice i otvorena le\u0111a za da\u0161ak elegancije. D\u017eepovi dodaju prakti\u010dan, ali elegantan detalj ovom laganom i prozra\u010dnom komadu, \u0161to ga \u010dini savr\u0161enim izborom za tople dane. Klju\u010dne zna\u010dajke: Materijal: 85% viskoza, 15% poliester \u2013 glatko, [&hellip;]<\/p>\n","protected":false},"featured_media":2995,"template":"","meta":{"_acf_changed":false},"product_brand":[],"product_cat":[90],"product_tag":[],"class_list":{"0":"post-2994","1":"product","2":"type-product","3":"status-publish","4":"has-post-thumbnail","6":"product_cat-aw-25-26","8":"first","9":"instock","10":"shipping-taxable","11":"purchasable","12":"product-type-variable"},"acf":[],"_links":{"self":[{"href":"https:\/\/stasadesign.com\/hr\/wp-json\/wp\/v2\/product\/2994","targetHints":{"allow":["GET"]}}],"collection":[{"href":"https:\/\/stasadesign.com\/hr\/wp-json\/wp\/v2\/product"}],"about":[{"href":"https:\/\/stasadesign.com\/hr\/wp-json\/wp\/v2\/types\/product"}],"wp:featuredmedia":[{"embeddable":true,"href":"https:\/\/stasadesign.com\/hr\/wp-json\/wp\/v2\/media\/2995"}],"wp:attachment":[{"href":"https:\/\/stasadesign.com\/hr\/wp-json\/wp\/v2\/media?parent=2994"}],"wp:term":[{"taxonomy":"product_brand","embeddable":true,"href":"https:\/\/stasadesign.com\/hr\/wp-json\/wp\/v2\/product_brand?post=2994"},{"taxonomy":"product_cat","embeddable":true,"href":"https:\/\/stasadesign.com\/hr\/wp-json\/wp\/v2\/product_cat?post=2994"},{"taxonomy":"product_tag","embeddable":true,"href":"https:\/\/stasadesign.com\/hr\/wp-json\/wp\/v2\/product_tag?post=2994"}],"curies":[{"name":"wp","href":"https:\/\/api.w.org\/{rel}","templated":true}]}}