{"id":2989,"date":"2025-05-07T10:34:44","date_gmt":"2025-05-07T10:34:44","guid":{"rendered":"https:\/\/stasadesign.com\/product\/traper-hlace-broj-5\/"},"modified":"2026-04-01T15:43:39","modified_gmt":"2026-04-01T15:43:39","slug":"traper-hlace-broj-5","status":"publish","type":"product","link":"https:\/\/stasadesign.com\/hr\/proizvod\/traper-hlace-broj-5\/","title":{"rendered":"TRAPER HLA\u010cE BROJ 5"},"content":{"rendered":"<p data-start=\"183\" data-end=\"505\"><strong>Traper hla\u010de br. 5<\/strong><\/p>\n<p class=\"\" data-start=\"183\" data-end=\"505\"> <strong data-start=\"183\" data-end=\"199\">Opis:<\/strong><br data-start=\"199\" data-end=\"202\" \/> Le\u017eerne, a opet profinjene, ove lepr\u0161ave hla\u010de \u0161irokih nogavica stvorene su za le\u017eernu, svakodnevnu eleganciju. Dizajnirane s mekim prednjim naborima, udobnim elasti\u010dnim pojasom i prakti\u010dnim bo\u010dnim d\u017eepovima, nude i pokret i strukturu. Le\u017eerna silueta i lepr\u0161ava tkanina u traper plavoj boji \u010dine ih nezaobilaznim ljetnim komadom odje\u0107e.<\/p>\n<p class=\"\" data-start=\"507\" data-end=\"526\"> <strong data-start=\"507\" data-end=\"524\">Klju\u010dne zna\u010dajke:<\/strong><\/p>\n<ul>\n<li data-start=\"529\" data-end=\"674\"> <strong data-start=\"529\" data-end=\"542\">Materijal:<\/strong> 55% viskoza, 45% poliester \u2013 prozra\u010dan, mekan i fluidan. Certificirano prema Oeko-Tex Standard 100 (klasa 2) za sigurno i ko\u017ei ugodno no\u0161enje.<\/li>\n<li data-start=\"677\" data-end=\"766\"> <strong data-start=\"677\" data-end=\"688\">Dizajn:<\/strong> \u0160iroki kroj s prednjim naborima, elasti\u010dnim pojasom i bo\u010dnim d\u017eepovima.<\/li>\n<li data-start=\"769\" data-end=\"800\"> <strong data-start=\"769\" data-end=\"788\">Opcije boja:<\/strong> traper plava.<\/li>\n<\/ul>\n<p class=\"\" data-start=\"802\" data-end=\"928\"> <strong data-start=\"802\" data-end=\"825\">Za\u0161to \u0107ete ga voljeti:<\/strong><br data-start=\"825\" data-end=\"828\" \/> Udobnost susre\u0107e lako\u0107u kretanja &#8211; ove hla\u010de su savr\u0161ene za le\u017eerne dane ili sve\u010dane ve\u010deri.<\/p>\n<p class=\"\" data-start=\"930\" data-end=\"1061\"> <strong data-start=\"930\" data-end=\"952\">Upute za njegu:<\/strong><br data-start=\"952\" data-end=\"955\" \/> Prati u perilici rublja u hladnoj vodi na 30\u00b0C sa sli\u010dnim bojama. Pa\u017eljivo rukujte kako biste odr\u017eali meko\u0107u i oblik tkanine.<\/p>\n<p class=\"\" data-start=\"1063\" data-end=\"1105\"> <strong data-start=\"1063\" data-end=\"1078\">Informacije o modelu:<\/strong><br data-start=\"1078\" data-end=\"1081\" \/> Model nosi veli\u010dinu S.<\/p>\n","protected":false},"excerpt":{"rendered":"<p>Traper hla\u010de br. 5 Opis: Le\u017eerne, a opet profinjene, ove lepr\u0161ave hla\u010de \u0161irokih nogavica stvorene su za le\u017eernu, svakodnevnu eleganciju. Dizajnirane s mekim prednjim naborima, udobnim elasti\u010dnim pojasom i prakti\u010dnim bo\u010dnim d\u017eepovima, nude i pokret i strukturu. Le\u017eerna silueta i lepr\u0161ava tkanina u traper plavoj boji \u010dine ih nezaobilaznim ljetnim komadom odje\u0107e. Klju\u010dne zna\u010dajke: Materijal: [&hellip;]<\/p>\n","protected":false},"featured_media":2990,"template":"","meta":{"_acf_changed":false},"product_brand":[],"product_cat":[90],"product_tag":[],"class_list":{"0":"post-2989","1":"product","2":"type-product","3":"status-publish","4":"has-post-thumbnail","6":"product_cat-aw-25-26","7":"pa_size-l","8":"pa_size-m","9":"pa_size-s","11":"first","12":"instock","13":"sale","14":"shipping-taxable","15":"purchasable","16":"product-type-variable"},"acf":[],"_links":{"self":[{"href":"https:\/\/stasadesign.com\/hr\/wp-json\/wp\/v2\/product\/2989","targetHints":{"allow":["GET"]}}],"collection":[{"href":"https:\/\/stasadesign.com\/hr\/wp-json\/wp\/v2\/product"}],"about":[{"href":"https:\/\/stasadesign.com\/hr\/wp-json\/wp\/v2\/types\/product"}],"wp:featuredmedia":[{"embeddable":true,"href":"https:\/\/stasadesign.com\/hr\/wp-json\/wp\/v2\/media\/2990"}],"wp:attachment":[{"href":"https:\/\/stasadesign.com\/hr\/wp-json\/wp\/v2\/media?parent=2989"}],"wp:term":[{"taxonomy":"product_brand","embeddable":true,"href":"https:\/\/stasadesign.com\/hr\/wp-json\/wp\/v2\/product_brand?post=2989"},{"taxonomy":"product_cat","embeddable":true,"href":"https:\/\/stasadesign.com\/hr\/wp-json\/wp\/v2\/product_cat?post=2989"},{"taxonomy":"product_tag","embeddable":true,"href":"https:\/\/stasadesign.com\/hr\/wp-json\/wp\/v2\/product_tag?post=2989"}],"curies":[{"name":"wp","href":"https:\/\/api.w.org\/{rel}","templated":true}]}}