{"id":2981,"date":"2025-05-09T09:13:14","date_gmt":"2025-05-09T09:13:14","guid":{"rendered":"https:\/\/stasadesign.com\/product\/sako\/"},"modified":"2026-04-01T15:43:39","modified_gmt":"2026-04-01T15:43:39","slug":"sako","status":"publish","type":"product","link":"https:\/\/stasadesign.com\/hr\/proizvod\/sako\/","title":{"rendered":"SAKO"},"content":{"rendered":"<p><strong>Sako<\/strong><\/p>\n<p> <b>Opis:<\/b><b><br \/><\/b> <span style=\"font-weight: 400;\">Mekan i elegantan sako s otvorenim prorezima sprijeda i funkcionalnim gumbima za zakop\u010davanje. Sako dolazi u klasi\u010dnoj crnoj boji, s prorezima na 3\/4 rukavima za dodatne detalje. Dizajniran je s pripijenim krojem i preklopljenim ovratnikom koji mu daje sofisticirani dodir.<\/span><\/p>\n<p> <b>Klju\u010dne zna\u010dajke:<\/b><\/p>\n<ul>\n<li style=\"font-weight: 400;\" aria-level=\"1\"> <b>Materijal:<\/b> <span style=\"font-weight: 400;\">97% pamuk, 3% elastan \u2013 mekan, prozra\u010dan i blago fleksibilan. Oeko-Tex Standard 100 (klasa 2) certificiran za sigurnost i kvalitetu.<\/span><\/li>\n<li style=\"font-weight: 400;\" aria-level=\"1\"> <b>Dizajn:<\/b> <span style=\"font-weight: 400;\">Opu\u0161teni kroj s krojenim strukom, savr\u0161en za svestrano stiliziranje. \u010cist i moderan zavr\u0161ni sloj.<\/span><\/li>\n<li style=\"font-weight: 400;\" aria-level=\"1\"> <b>Opcije boja:<\/b> <span style=\"font-weight: 400;\">Klasi\u010dna crna.<\/span><\/li>\n<\/ul>\n<p> <b>Za\u0161to \u0107ete ga voljeti:<\/b><b><br \/><\/b> <span style=\"font-weight: 400;\">Ovaj sako nudi udobnost i stil zahvaljuju\u0107i mekoj tkanini, laskavom kroju i jedinstvenim dizajnerskim detaljima. Idealan je za profesionalne i le\u017eerne odjevne kombinacije, svestran je dodatak svakoj garderobi.<\/span><\/p>\n<p> <b>Upute za njegu:<\/b><b><br \/><\/b> <span style=\"font-weight: 400;\">Prati u perilici rublja u hladnoj vodi na 30\u00b0C sa sli\u010dnim bojama. Pa\u017eljivo rukujte kako biste odr\u017eali meko\u0107u i prozra\u010dnost tkanine.<\/span><\/p>\n<p> <b>Informacije o modelu:<\/b><b><br \/><\/b> <span style=\"font-weight: 400;\">Model nosi veli\u010dinu S.<\/span><\/p>\n","protected":false},"excerpt":{"rendered":"<p>Sako Opis: Mekan i elegantan sako s otvorenim prorezima sprijeda i funkcionalnim gumbima za zakop\u010davanje. Sako dolazi u klasi\u010dnoj crnoj boji, s prorezima na 3\/4 rukavima za dodatne detalje. Dizajniran je s pripijenim krojem i preklopljenim ovratnikom koji mu daje sofisticirani dodir. Klju\u010dne zna\u010dajke: Materijal: 97% pamuk, 3% elastan \u2013 mekan, prozra\u010dan i blago fleksibilan. [&hellip;]<\/p>\n","protected":false},"featured_media":2982,"template":"","meta":{"_acf_changed":false},"product_brand":[],"product_cat":[90],"product_tag":[],"class_list":{"0":"post-2981","1":"product","2":"type-product","3":"status-publish","4":"has-post-thumbnail","6":"product_cat-aw-25-26","7":"pa_size-l","8":"pa_size-m","9":"pa_size-s","11":"first","12":"instock","13":"sale","14":"shipping-taxable","15":"purchasable","16":"product-type-variable"},"acf":[],"_links":{"self":[{"href":"https:\/\/stasadesign.com\/hr\/wp-json\/wp\/v2\/product\/2981","targetHints":{"allow":["GET"]}}],"collection":[{"href":"https:\/\/stasadesign.com\/hr\/wp-json\/wp\/v2\/product"}],"about":[{"href":"https:\/\/stasadesign.com\/hr\/wp-json\/wp\/v2\/types\/product"}],"wp:featuredmedia":[{"embeddable":true,"href":"https:\/\/stasadesign.com\/hr\/wp-json\/wp\/v2\/media\/2982"}],"wp:attachment":[{"href":"https:\/\/stasadesign.com\/hr\/wp-json\/wp\/v2\/media?parent=2981"}],"wp:term":[{"taxonomy":"product_brand","embeddable":true,"href":"https:\/\/stasadesign.com\/hr\/wp-json\/wp\/v2\/product_brand?post=2981"},{"taxonomy":"product_cat","embeddable":true,"href":"https:\/\/stasadesign.com\/hr\/wp-json\/wp\/v2\/product_cat?post=2981"},{"taxonomy":"product_tag","embeddable":true,"href":"https:\/\/stasadesign.com\/hr\/wp-json\/wp\/v2\/product_tag?post=2981"}],"curies":[{"name":"wp","href":"https:\/\/api.w.org\/{rel}","templated":true}]}}