{"id":2972,"date":"2025-05-09T12:31:02","date_gmt":"2025-05-09T12:31:02","guid":{"rendered":"https:\/\/stasadesign.com\/product\/traper-haljina\/"},"modified":"2026-04-01T15:43:37","modified_gmt":"2026-04-01T15:43:37","slug":"traper-haljina","status":"publish","type":"product","link":"https:\/\/stasadesign.com\/hr\/proizvod\/traper-haljina\/","title":{"rendered":"TRAPER HALJINA"},"content":{"rendered":"<p><b>Traper haljina<\/b><\/p>\n<p> <b>Opis:<\/b><b><br \/><\/b> <span style=\"font-weight: 400;\">\u017denstveni zaokret le\u017eernom traperu &#8211; ova haljina na preklop ima nje\u017eno nabrane kratke rukave, pripijeni torzo i volan\u010dastu suknju s volanima. Dizajnirana da laska, a istovremeno se osje\u0107a lagano i le\u017eerno, savr\u0161ena je za ljetne dane ili le\u017eerne ve\u010dernje izlaske.<\/span><\/p>\n<p> <b>Klju\u010dne zna\u010dajke:<\/b><\/p>\n<ul>\n<li style=\"font-weight: 400;\" aria-level=\"1\"> <b>Materijal:<\/b> <span style=\"font-weight: 400;\">55% viskoza, 45% poliester \u2013 prozra\u010dan, mekan i fluidan. Certificirano prema Oeko-Tex Standard 100 (klasa 2) za sigurno i ko\u017ei ugodno no\u0161enje.<\/span><\/li>\n<li style=\"font-weight: 400;\" aria-level=\"1\"> <b>Dizajn:<\/b> <span style=\"font-weight: 400;\">Silueta koja se omotava s nabranim kapama rukava, pripijenim torzom i nabranim rubom.<\/span><\/li>\n<li style=\"font-weight: 400;\" aria-level=\"1\"> <b>Opcije boja:<\/b> <span style=\"font-weight: 400;\">traper plava.<\/span><\/li>\n<\/ul>\n<p> <b>Za\u0161to \u0107ete ga voljeti:<\/b><b><br \/><\/b> <span style=\"font-weight: 400;\">Laskav kroj, lagana udobnost i \u017eenstveni detalji &#8211; ova haljina sve to radi s lako\u0107om.<\/span><\/p>\n<p> <b>Upute za njegu:<\/b><b><br \/><\/b> <span style=\"font-weight: 400;\">Prati u perilici rublja u hladnoj vodi na 30\u00b0C sa sli\u010dnim bojama. Pa\u017eljivo rukujte kako biste odr\u017eali meko\u0107u i oblik tkanine.<\/span><\/p>\n<p> <b>Informacije o modelu:<\/b><b><br \/><\/b> <span style=\"font-weight: 400;\">Model nosi veli\u010dinu S.<\/span><\/p>\n","protected":false},"excerpt":{"rendered":"<p>Traper haljina Opis: \u017denstveni zaokret le\u017eernom traperu &#8211; ova haljina na preklop ima nje\u017eno nabrane kratke rukave, pripijeni torzo i volan\u010dastu suknju s volanima. Dizajnirana da laska, a istovremeno se osje\u0107a lagano i le\u017eerno, savr\u0161ena je za ljetne dane ili le\u017eerne ve\u010dernje izlaske. Klju\u010dne zna\u010dajke: Materijal: 55% viskoza, 45% poliester \u2013 prozra\u010dan, mekan i fluidan. [&hellip;]<\/p>\n","protected":false},"featured_media":2973,"template":"","meta":{"_acf_changed":false},"product_brand":[],"product_cat":[90],"product_tag":[],"class_list":{"0":"post-2972","1":"product","2":"type-product","3":"status-publish","4":"has-post-thumbnail","6":"product_cat-aw-25-26","7":"pa_size-l","8":"pa_size-m","9":"pa_size-s","11":"first","12":"instock","13":"sale","14":"shipping-taxable","15":"purchasable","16":"product-type-variable"},"acf":[],"_links":{"self":[{"href":"https:\/\/stasadesign.com\/hr\/wp-json\/wp\/v2\/product\/2972","targetHints":{"allow":["GET"]}}],"collection":[{"href":"https:\/\/stasadesign.com\/hr\/wp-json\/wp\/v2\/product"}],"about":[{"href":"https:\/\/stasadesign.com\/hr\/wp-json\/wp\/v2\/types\/product"}],"wp:featuredmedia":[{"embeddable":true,"href":"https:\/\/stasadesign.com\/hr\/wp-json\/wp\/v2\/media\/2973"}],"wp:attachment":[{"href":"https:\/\/stasadesign.com\/hr\/wp-json\/wp\/v2\/media?parent=2972"}],"wp:term":[{"taxonomy":"product_brand","embeddable":true,"href":"https:\/\/stasadesign.com\/hr\/wp-json\/wp\/v2\/product_brand?post=2972"},{"taxonomy":"product_cat","embeddable":true,"href":"https:\/\/stasadesign.com\/hr\/wp-json\/wp\/v2\/product_cat?post=2972"},{"taxonomy":"product_tag","embeddable":true,"href":"https:\/\/stasadesign.com\/hr\/wp-json\/wp\/v2\/product_tag?post=2972"}],"curies":[{"name":"wp","href":"https:\/\/api.w.org\/{rel}","templated":true}]}}