{"id":2964,"date":"2025-10-22T13:26:18","date_gmt":"2025-10-22T13:26:18","guid":{"rendered":"https:\/\/stasadesign.com\/product\/peplum-sako\/"},"modified":"2026-04-01T15:43:36","modified_gmt":"2026-04-01T15:43:36","slug":"peplum-sako","status":"publish","type":"product","link":"https:\/\/stasadesign.com\/hr\/proizvod\/peplum-sako\/","title":{"rendered":"Peplum sako"},"content":{"rendered":"<p><strong>Peplum sako<\/strong><\/p>\n<p data-start=\"170\" data-end=\"192\"> <strong>Opis:<\/strong> Ovaj elegantni peplum sako unosi bezvremensku sofisticiranost u va\u0161u garderobu. Dizajniran da istakne struk strukturiranom, ali \u017eenstvenom siluetom, bez napora spaja klasi\u010dni kroj s modernim dodirom.<\/p>\n<p data-start=\"170\" data-end=\"192\"> <strong>Materijal:<\/strong> Izra\u0111eno od 100% vune, Podstava: 50% viskoza, 50% poliester. Svi na\u0161i odjevni predmeti izra\u0111eni su isklju\u010divo od materijala certificiranih od strane <strong data-start=\"66\" data-end=\"107\"><span class=\"text-token-text-primary font-semibold\">OEKO-TEX<\/span><\/strong> klase 2, \u0161to osigurava da su sigurni i nje\u017eni za izravan kontakt s ko\u017eom.<\/p>\n<p data-start=\"1017\" data-end=\"1033\"> <strong>Boja:<\/strong> Deva<\/p>\n<p data-start=\"1249\" data-end=\"1277\"> <strong>Upute za njegu:<\/strong> Samo kemijsko \u010di\u0161\u0107enje<\/p>\n<p data-start=\"411\" data-end=\"434\"> <strong>Klju\u010dne zna\u010dajke:<\/strong><\/p>\n<p data-start=\"411\" data-end=\"434\"> Elegantni peplum struk za laskavi oblik pje\u0161\u010danog sata<\/p>\n<p data-start=\"411\" data-end=\"434\"> Zatvaranje s jednim gumbom sprijeda<\/p>\n<p data-start=\"411\" data-end=\"434\"> Strukturirana ramena i \u0161iroki reveri<\/p>\n<p data-start=\"569\" data-end=\"611\"> Potpuno podstavljene za glatko pristajanje i udobnost<\/p>\n<p data-start=\"657\" data-end=\"674\"> <strong>Dizajn:<\/strong> Izra\u0111en preciznim krojenjem, sako ima oblikovan struk i peplum rub, stvaraju\u0107i \u0161ik i profinjenu siluetu. Nje\u017ena devina boja dodaje decentan luksuz, \u010dine\u0107i ga svestranim komadom odje\u0107e.<\/p>\n<p data-start=\"887\" data-end=\"901\"> <strong>Prilago\u0111eno:<\/strong><\/p>\n<p data-start=\"887\" data-end=\"901\"> Krojen kroj kroz gornji dio s blagim pro\u0161irenjem u struku<\/p>\n<p data-start=\"973\" data-end=\"987\"> Odgovara veli\u010dini<\/p>\n<p data-start=\"990\" data-end=\"1015\"> Model nosi veli\u010dinu S<\/p>\n","protected":false},"excerpt":{"rendered":"<p>Peplum sako Opis: Ovaj elegantni peplum sako unosi bezvremensku sofisticiranost u va\u0161u garderobu. Dizajniran da istakne struk strukturiranom, ali \u017eenstvenom siluetom, bez napora spaja klasi\u010dni kroj s modernim dodirom. Materijal: Izra\u0111eno od 100% vune, Podstava: 50% viskoza, 50% poliester. Svi na\u0161i odjevni predmeti izra\u0111eni su isklju\u010divo od materijala certificiranih od strane OEKO-TEX klase 2, \u0161to [&hellip;]<\/p>\n","protected":false},"featured_media":2965,"template":"","meta":{"_acf_changed":false},"product_brand":[],"product_cat":[90],"product_tag":[],"class_list":{"0":"post-2964","1":"product","2":"type-product","3":"status-publish","4":"has-post-thumbnail","6":"product_cat-aw-25-26","7":"pa_size-l","8":"pa_size-m","9":"pa_size-s","11":"first","12":"outofstock","13":"sale","14":"featured","15":"shipping-taxable","16":"purchasable","17":"product-type-variable"},"acf":[],"_links":{"self":[{"href":"https:\/\/stasadesign.com\/hr\/wp-json\/wp\/v2\/product\/2964","targetHints":{"allow":["GET"]}}],"collection":[{"href":"https:\/\/stasadesign.com\/hr\/wp-json\/wp\/v2\/product"}],"about":[{"href":"https:\/\/stasadesign.com\/hr\/wp-json\/wp\/v2\/types\/product"}],"wp:featuredmedia":[{"embeddable":true,"href":"https:\/\/stasadesign.com\/hr\/wp-json\/wp\/v2\/media\/2965"}],"wp:attachment":[{"href":"https:\/\/stasadesign.com\/hr\/wp-json\/wp\/v2\/media?parent=2964"}],"wp:term":[{"taxonomy":"product_brand","embeddable":true,"href":"https:\/\/stasadesign.com\/hr\/wp-json\/wp\/v2\/product_brand?post=2964"},{"taxonomy":"product_cat","embeddable":true,"href":"https:\/\/stasadesign.com\/hr\/wp-json\/wp\/v2\/product_cat?post=2964"},{"taxonomy":"product_tag","embeddable":true,"href":"https:\/\/stasadesign.com\/hr\/wp-json\/wp\/v2\/product_tag?post=2964"}],"curies":[{"name":"wp","href":"https:\/\/api.w.org\/{rel}","templated":true}]}}