{"id":2949,"date":"2025-10-22T13:45:58","date_gmt":"2025-10-22T13:45:58","guid":{"rendered":"https:\/\/stasadesign.com\/product\/kaput-od-kamela\/"},"modified":"2026-04-01T15:42:56","modified_gmt":"2026-04-01T15:42:56","slug":"kaput-od-kamela","status":"publish","type":"product","link":"https:\/\/stasadesign.com\/hr\/proizvod\/kaput-od-kamela\/","title":{"rendered":"KAPUT OD KAMELA"},"content":{"rendered":"<p><strong>KAPUT OD KAMELA<\/strong><\/p>\n<p data-start=\"170\" data-end=\"192\"> <strong>Opis:<\/strong> Bezvremenski kaput boje devine ko\u017ee s profinjenim krojenjem i opu\u0161tenom, predimenzioniranom siluetom. S mekanim preklopljenim reverima, urezima u podru\u010dju grudi za oblikovanje i prakti\u010dnim d\u017eepovima sa strane. Bez napora elegantan i svestran, ovaj kaput podi\u017ee svaku odjevnu kombinaciju.<\/p>\n<p data-start=\"170\" data-end=\"192\"> <strong>Materijal:<\/strong> Izra\u0111eno od 100% vune, Podstava: 50% viskoza, 50% poliester.<\/p>\n<p data-start=\"1017\" data-end=\"1033\"> <strong>Boja:<\/strong> Deva<\/p>\n<p data-start=\"1249\" data-end=\"1277\"> <strong>Upute za njegu:<\/strong> Samo kemijsko \u010di\u0161\u0107enje<\/p>\n<p data-start=\"411\" data-end=\"434\"> <strong>Klju\u010dne zna\u010dajke:<\/strong><\/p>\n<p data-start=\"469\" data-end=\"518\"> Predimenzionirana silueta za moderan, opu\u0161ten izgled<\/p>\n<p data-start=\"521\" data-end=\"552\"> Poprsje za suptilno oblikovanje<\/p>\n<p data-start=\"555\" data-end=\"599\"> \u0160iroki preklopljeni ovratnik za besprijekornu eleganciju<\/p>\n<p data-start=\"602\" data-end=\"639\"> Bo\u010dni d\u017eepovi za funkcionalnost<\/p>\n<p data-start=\"642\" data-end=\"684\"> Zatvaranje jednim gumbom za \u010dist zavr\u0161etak<\/p>\n<p data-start=\"657\" data-end=\"674\"> <strong>Dizajn:<\/strong> Minimalan i sofisticiran, kaput prekrasno pada za bezvremenski, profinjen izgled.<\/p>\n<p data-start=\"887\" data-end=\"901\"> <strong>Prilago\u0111eno:<\/strong><\/p>\n<p data-start=\"973\" data-end=\"987\"> Predimenzionirani kroj za udobnost i lako\u0107u slojevitog obla\u010denja.<\/p>\n<p data-start=\"990\" data-end=\"1015\"> Model nosi veli\u010dinu S\/M.<\/p>\n","protected":false},"excerpt":{"rendered":"<p>KAPUT OD KAMELA Opis: Bezvremenski kaput boje devine ko\u017ee s profinjenim krojenjem i opu\u0161tenom, predimenzioniranom siluetom. S mekanim preklopljenim reverima, urezima u podru\u010dju grudi za oblikovanje i prakti\u010dnim d\u017eepovima sa strane. Bez napora elegantan i svestran, ovaj kaput podi\u017ee svaku odjevnu kombinaciju. Materijal: Izra\u0111eno od 100% vune, Podstava: 50% viskoza, 50% poliester. Boja: Deva Upute [&hellip;]<\/p>\n","protected":false},"featured_media":2950,"template":"","meta":{"_acf_changed":false},"product_brand":[],"product_cat":[90],"product_tag":[],"class_list":{"0":"post-2949","1":"product","2":"type-product","3":"status-publish","4":"has-post-thumbnail","6":"product_cat-aw-25-26","8":"first","9":"instock","10":"sale","11":"shipping-taxable","12":"purchasable","13":"product-type-variable"},"acf":[],"_links":{"self":[{"href":"https:\/\/stasadesign.com\/hr\/wp-json\/wp\/v2\/product\/2949","targetHints":{"allow":["GET"]}}],"collection":[{"href":"https:\/\/stasadesign.com\/hr\/wp-json\/wp\/v2\/product"}],"about":[{"href":"https:\/\/stasadesign.com\/hr\/wp-json\/wp\/v2\/types\/product"}],"wp:featuredmedia":[{"embeddable":true,"href":"https:\/\/stasadesign.com\/hr\/wp-json\/wp\/v2\/media\/2950"}],"wp:attachment":[{"href":"https:\/\/stasadesign.com\/hr\/wp-json\/wp\/v2\/media?parent=2949"}],"wp:term":[{"taxonomy":"product_brand","embeddable":true,"href":"https:\/\/stasadesign.com\/hr\/wp-json\/wp\/v2\/product_brand?post=2949"},{"taxonomy":"product_cat","embeddable":true,"href":"https:\/\/stasadesign.com\/hr\/wp-json\/wp\/v2\/product_cat?post=2949"},{"taxonomy":"product_tag","embeddable":true,"href":"https:\/\/stasadesign.com\/hr\/wp-json\/wp\/v2\/product_tag?post=2949"}],"curies":[{"name":"wp","href":"https:\/\/api.w.org\/{rel}","templated":true}]}}