{"id":2937,"date":"2025-10-23T07:32:34","date_gmt":"2025-10-23T07:32:34","guid":{"rendered":"https:\/\/stasadesign.com\/product\/kosulja-s-kravatom\/"},"modified":"2026-04-01T15:42:52","modified_gmt":"2026-04-01T15:42:52","slug":"kosulja-s-kravatom","status":"publish","type":"product","link":"https:\/\/stasadesign.com\/hr\/proizvod\/kosulja-s-kravatom\/","title":{"rendered":"KO\u0160ULJA S KRAVATOM"},"content":{"rendered":"<p><strong>KO\u0160ULJA S KRAVATOM<\/strong><\/p>\n<p data-start=\"170\" data-end=\"192\"> <strong>Opis:<\/strong> Moderna verzija klasi\u010dne ko\u0161ulje s prednjim vezom umjesto ovratnika, dugim rukavima s prorezima na man\u017eetama, urezima na poprsju za oblikovanje i bo\u010dnim prorezima. Njezin opu\u0161teni kroj prati prirodne linije tijela, nude\u0107i moderan i le\u017eeran stil.<\/p>\n<p data-start=\"170\" data-end=\"192\"> <strong>Materijal:<\/strong> Izra\u0111eno od 97% pamuka, 3% elastina. Svi na\u0161i odjevni predmeti izra\u0111eni su isklju\u010divo od materijala certificiranih od strane <strong data-start=\"66\" data-end=\"107\"><span class=\"text-token-text-primary font-semibold\">OEKO-TEX<\/span><\/strong> klase 2, \u0161to osigurava da su sigurni i nje\u017eni za izravan kontakt s ko\u017eom.<\/p>\n<p data-start=\"1017\" data-end=\"1033\"> <strong>Boja:<\/strong> Crna i bijela<\/p>\n<p data-start=\"1249\" data-end=\"1277\"> <strong>Upute za njegu:<\/strong> Prati na 30* (hladno pranje), gla\u010dati na niskoj temperaturi ili na pari.<\/p>\n<p data-start=\"411\" data-end=\"434\"> <strong>Klju\u010dne zna\u010dajke:<\/strong><\/p>\n<p data-start=\"501\" data-end=\"540\"> Ve\u017eite prednji dio umjesto ovratnika, nije ga mogu\u0107e skinuti<\/p>\n<p data-start=\"543\" data-end=\"574\"> Poprsje za suptilno oblikovanje<\/p>\n<p data-start=\"577\" data-end=\"612\"> Dugi rukavi s otvorenim prorezima na man\u017eetama<\/p>\n<p data-start=\"615\" data-end=\"654\"> Bo\u010dni prorezi za lako\u0107u i kretanje<\/p>\n<p data-start=\"657\" data-end=\"679\"> Zatvaranje s gumbima sprijeda<\/p>\n<p data-start=\"657\" data-end=\"674\"> <strong>Dizajn:<\/strong><\/p>\n<p data-start=\"681\" data-end=\"765\"> Moderno i elegantno s minimalisti\u010dkim krojenjem i jedinstvenim detaljima kravate.<\/p>\n<p data-start=\"657\" data-end=\"674\"> <strong>Prilago\u0111eno:<\/strong><\/p>\n<p data-start=\"657\" data-end=\"674\"> Opu\u0161teni kroj, lagano prati tijelo za laskavu siluetu.<\/p>\n<p data-start=\"990\" data-end=\"1015\"> Model nosi veli\u010dinu S.<\/p>\n","protected":false},"excerpt":{"rendered":"<p>KO\u0160ULJA S KRAVATOM Opis: Moderna verzija klasi\u010dne ko\u0161ulje s prednjim vezom umjesto ovratnika, dugim rukavima s prorezima na man\u017eetama, urezima na poprsju za oblikovanje i bo\u010dnim prorezima. Njezin opu\u0161teni kroj prati prirodne linije tijela, nude\u0107i moderan i le\u017eeran stil. Materijal: Izra\u0111eno od 97% pamuka, 3% elastina. Svi na\u0161i odjevni predmeti izra\u0111eni su isklju\u010divo od materijala [&hellip;]<\/p>\n","protected":false},"featured_media":2938,"template":"","meta":{"_acf_changed":false},"product_brand":[],"product_cat":[90],"product_tag":[],"class_list":{"0":"post-2937","1":"product","2":"type-product","3":"status-publish","4":"has-post-thumbnail","6":"product_cat-aw-25-26","7":"pa_size-l","8":"pa_size-m","9":"pa_size-s","11":"first","12":"instock","13":"sale","14":"shipping-taxable","15":"purchasable","16":"product-type-variable"},"acf":[],"_links":{"self":[{"href":"https:\/\/stasadesign.com\/hr\/wp-json\/wp\/v2\/product\/2937","targetHints":{"allow":["GET"]}}],"collection":[{"href":"https:\/\/stasadesign.com\/hr\/wp-json\/wp\/v2\/product"}],"about":[{"href":"https:\/\/stasadesign.com\/hr\/wp-json\/wp\/v2\/types\/product"}],"wp:featuredmedia":[{"embeddable":true,"href":"https:\/\/stasadesign.com\/hr\/wp-json\/wp\/v2\/media\/2938"}],"wp:attachment":[{"href":"https:\/\/stasadesign.com\/hr\/wp-json\/wp\/v2\/media?parent=2937"}],"wp:term":[{"taxonomy":"product_brand","embeddable":true,"href":"https:\/\/stasadesign.com\/hr\/wp-json\/wp\/v2\/product_brand?post=2937"},{"taxonomy":"product_cat","embeddable":true,"href":"https:\/\/stasadesign.com\/hr\/wp-json\/wp\/v2\/product_cat?post=2937"},{"taxonomy":"product_tag","embeddable":true,"href":"https:\/\/stasadesign.com\/hr\/wp-json\/wp\/v2\/product_tag?post=2937"}],"curies":[{"name":"wp","href":"https:\/\/api.w.org\/{rel}","templated":true}]}}