{"id":2919,"date":"2025-10-23T07:41:53","date_gmt":"2025-10-23T07:41:53","guid":{"rendered":"https:\/\/stasadesign.com\/product\/rea-haljina\/"},"modified":"2026-04-01T15:42:49","modified_gmt":"2026-04-01T15:42:49","slug":"rea-haljina","status":"publish","type":"product","link":"https:\/\/stasadesign.com\/hr\/proizvod\/rea-haljina\/","title":{"rendered":"REA HALJINA"},"content":{"rendered":"<p><strong>REA HALJINA<\/strong><\/p>\n<p data-start=\"170\" data-end=\"192\"> <strong>Opis:<\/strong> Prekrasno mekana i rastezljiva haljina koja je nevjerojatno ugodna na ko\u017ei, s pripijenim krojem, rubom do koljena, prednjim nabirima, dugim rukavima, skrivenim patentnim zatvara\u010dem straga i elegantnim otvorenim le\u0111ima.<\/p>\n<p data-start=\"170\" data-end=\"192\"> <strong>Materijal:<\/strong> Izra\u0111eno od 65% viskoze, 30% poliamida, 5% elastina. Svi na\u0161i odjevni predmeti izra\u0111eni su isklju\u010divo od materijala certificiranih od strane <strong data-start=\"66\" data-end=\"107\"><span class=\"text-token-text-primary font-semibold\">OEKO-TEX<\/span><\/strong> klase 2, \u0161to osigurava da su sigurni i nje\u017eni za izravan kontakt s ko\u017eom.<\/p>\n<p data-start=\"1017\" data-end=\"1033\"> <strong>Boja:<\/strong> Crna i bordo<\/p>\n<p data-start=\"1249\" data-end=\"1277\"> <strong>Upute za njegu:<\/strong> Prati na 30* (hladno pranje), gla\u010dati na niskoj temperaturi ili na pari.<\/p>\n<p data-start=\"411\" data-end=\"434\"> <strong>Klju\u010dne zna\u010dajke:<\/strong><\/p>\n<p data-start=\"460\" data-end=\"501\"> Super mekana, rastezljiva tkanina za udobnost<\/p>\n<p data-start=\"504\" data-end=\"550\"> Nabrani prednji detalj za laskav oblik<\/p>\n<p data-start=\"553\" data-end=\"585\"> Dugi rukavi s uskim krojem<\/p>\n<p data-start=\"588\" data-end=\"611\"> Skriveni patentni zatvara\u010d na stra\u017enjoj strani<\/p>\n<p data-start=\"614\" data-end=\"633\"> Elegantna otvorena le\u0111a<\/p>\n<p data-start=\"482\" data-end=\"519\"> <strong>Dizajn:<\/strong> Minimalan i \u017eenstven s mekom drapijom i elegantnom strukturom.<\/p>\n<p data-start=\"482\" data-end=\"519\"> <strong>Prilago\u0111eno:<\/strong><\/p>\n<p data-start=\"627\" data-end=\"663\"> Uska silueta, duljina do koljena.<\/p>\n<p data-start=\"990\" data-end=\"1015\"> Model nosi veli\u010dinu S<\/p>\n","protected":false},"excerpt":{"rendered":"<p>REA HALJINA Opis: Prekrasno mekana i rastezljiva haljina koja je nevjerojatno ugodna na ko\u017ei, s pripijenim krojem, rubom do koljena, prednjim nabirima, dugim rukavima, skrivenim patentnim zatvara\u010dem straga i elegantnim otvorenim le\u0111ima. Materijal: Izra\u0111eno od 65% viskoze, 30% poliamida, 5% elastina. Svi na\u0161i odjevni predmeti izra\u0111eni su isklju\u010divo od materijala certificiranih od strane OEKO-TEX klase [&hellip;]<\/p>\n","protected":false},"featured_media":2920,"template":"","meta":{"_acf_changed":false},"product_brand":[],"product_cat":[90],"product_tag":[],"class_list":{"0":"post-2919","1":"product","2":"type-product","3":"status-publish","4":"has-post-thumbnail","6":"product_cat-aw-25-26","7":"pa_size-l","8":"pa_size-m","9":"pa_size-s","11":"first","12":"instock","13":"sale","14":"featured","15":"shipping-taxable","16":"purchasable","17":"product-type-variable"},"acf":[],"_links":{"self":[{"href":"https:\/\/stasadesign.com\/hr\/wp-json\/wp\/v2\/product\/2919","targetHints":{"allow":["GET"]}}],"collection":[{"href":"https:\/\/stasadesign.com\/hr\/wp-json\/wp\/v2\/product"}],"about":[{"href":"https:\/\/stasadesign.com\/hr\/wp-json\/wp\/v2\/types\/product"}],"wp:featuredmedia":[{"embeddable":true,"href":"https:\/\/stasadesign.com\/hr\/wp-json\/wp\/v2\/media\/2920"}],"wp:attachment":[{"href":"https:\/\/stasadesign.com\/hr\/wp-json\/wp\/v2\/media?parent=2919"}],"wp:term":[{"taxonomy":"product_brand","embeddable":true,"href":"https:\/\/stasadesign.com\/hr\/wp-json\/wp\/v2\/product_brand?post=2919"},{"taxonomy":"product_cat","embeddable":true,"href":"https:\/\/stasadesign.com\/hr\/wp-json\/wp\/v2\/product_cat?post=2919"},{"taxonomy":"product_tag","embeddable":true,"href":"https:\/\/stasadesign.com\/hr\/wp-json\/wp\/v2\/product_tag?post=2919"}],"curies":[{"name":"wp","href":"https:\/\/api.w.org\/{rel}","templated":true}]}}