{"id":2893,"date":"2025-10-23T07:14:05","date_gmt":"2025-10-23T07:14:05","guid":{"rendered":"https:\/\/stasadesign.com\/product\/adri-haljina\/"},"modified":"2026-04-01T15:42:55","modified_gmt":"2026-04-01T15:42:55","slug":"adri-haljina","status":"publish","type":"product","link":"https:\/\/stasadesign.com\/hr\/proizvod\/adri-haljina\/","title":{"rendered":"ADRI HALJINA"},"content":{"rendered":"<p><strong>ADRI HALJINA<\/strong><\/p>\n<p data-start=\"170\" data-end=\"192\"> <strong>Opis:<\/strong> Moderna siva haljina predimenzioniranog kroja i opu\u0161tene siluete, s labavim ovratnikom, prednjim prorezom, otvorenim man\u017eetama i prakti\u010dnim bo\u010dnim d\u017eepovima. Dizajnirana za bezbri\u017enu eleganciju i udobnost.<\/p>\n<p data-start=\"170\" data-end=\"192\"> <strong>Materijal:<\/strong> Izra\u0111eno od 73% poliestera, 23% viskoze, 4% elastina. Svi na\u0161i odjevni predmeti izra\u0111eni su isklju\u010divo od materijala certificiranih od strane <strong data-start=\"66\" data-end=\"107\"><span class=\"text-token-text-primary font-semibold\">OEKO-TEX<\/span><\/strong> klase 2, \u0161to osigurava da su sigurni i nje\u017eni za izravan kontakt s ko\u017eom.<\/p>\n<p data-start=\"1017\" data-end=\"1033\"> <strong>Boja:<\/strong> Siva<\/p>\n<p data-start=\"1249\" data-end=\"1277\"> <strong>Upute za njegu:<\/strong> Prati na 30* (hladno pranje), gla\u010dati na niskoj temperaturi<\/p>\n<p data-start=\"411\" data-end=\"434\"> <strong>Klju\u010dne zna\u010dajke:<\/strong><\/p>\n<p data-start=\"420\" data-end=\"457\"> Predimenzionirani kroj za udobnost i kretanje<\/p>\n<p data-start=\"460\" data-end=\"493\"> Labavi ovratnik za opu\u0161ten izgled<\/p>\n<p data-start=\"496\" data-end=\"540\"> Prednji prorez i otvorene man\u017eete za dodatne detalje<\/p>\n<p data-start=\"543\" data-end=\"580\"> Bo\u010dni d\u017eepovi za funkcionalnost<\/p>\n<p data-start=\"657\" data-end=\"674\"> <strong>Dizajn:<\/strong> Minimalisti\u010dki i moderan s \u010distim linijama, savr\u0161en za le\u017eeran i otmjen stil.<\/p>\n<p data-start=\"887\" data-end=\"901\"> <strong>Prilago\u0111eno:<\/strong><\/p>\n<p data-start=\"973\" data-end=\"987\"> Predimenzionirani kroj za opu\u0161tenu udobnost.<\/p>\n<p data-start=\"990\" data-end=\"1015\"> Model nosi veli\u010dinu S\/M.<\/p>\n","protected":false},"excerpt":{"rendered":"<p>ADRI HALJINA Opis: Moderna siva haljina predimenzioniranog kroja i opu\u0161tene siluete, s labavim ovratnikom, prednjim prorezom, otvorenim man\u017eetama i prakti\u010dnim bo\u010dnim d\u017eepovima. Dizajnirana za bezbri\u017enu eleganciju i udobnost. Materijal: Izra\u0111eno od 73% poliestera, 23% viskoze, 4% elastina. Svi na\u0161i odjevni predmeti izra\u0111eni su isklju\u010divo od materijala certificiranih od strane OEKO-TEX klase 2, \u0161to osigurava da [&hellip;]<\/p>\n","protected":false},"featured_media":2894,"template":"","meta":{"_acf_changed":false},"product_brand":[],"product_cat":[90],"product_tag":[],"class_list":{"0":"post-2893","1":"product","2":"type-product","3":"status-publish","4":"has-post-thumbnail","6":"product_cat-aw-25-26","8":"first","9":"instock","10":"sale","11":"shipping-taxable","12":"purchasable","13":"product-type-variable"},"acf":[],"_links":{"self":[{"href":"https:\/\/stasadesign.com\/hr\/wp-json\/wp\/v2\/product\/2893","targetHints":{"allow":["GET"]}}],"collection":[{"href":"https:\/\/stasadesign.com\/hr\/wp-json\/wp\/v2\/product"}],"about":[{"href":"https:\/\/stasadesign.com\/hr\/wp-json\/wp\/v2\/types\/product"}],"wp:featuredmedia":[{"embeddable":true,"href":"https:\/\/stasadesign.com\/hr\/wp-json\/wp\/v2\/media\/2894"}],"wp:attachment":[{"href":"https:\/\/stasadesign.com\/hr\/wp-json\/wp\/v2\/media?parent=2893"}],"wp:term":[{"taxonomy":"product_brand","embeddable":true,"href":"https:\/\/stasadesign.com\/hr\/wp-json\/wp\/v2\/product_brand?post=2893"},{"taxonomy":"product_cat","embeddable":true,"href":"https:\/\/stasadesign.com\/hr\/wp-json\/wp\/v2\/product_cat?post=2893"},{"taxonomy":"product_tag","embeddable":true,"href":"https:\/\/stasadesign.com\/hr\/wp-json\/wp\/v2\/product_tag?post=2893"}],"curies":[{"name":"wp","href":"https:\/\/api.w.org\/{rel}","templated":true}]}}