{"id":2886,"date":"2025-10-23T07:23:24","date_gmt":"2025-10-23T07:23:24","guid":{"rendered":"https:\/\/stasadesign.com\/product\/mini-haljina\/"},"modified":"2026-04-01T15:42:52","modified_gmt":"2026-04-01T15:42:52","slug":"mini-haljina","status":"publish","type":"product","link":"https:\/\/stasadesign.com\/hr\/proizvod\/mini-haljina\/","title":{"rendered":"MINI HALJINA"},"content":{"rendered":"<p><strong>MINI HALJINA<\/strong><\/p>\n<p data-start=\"170\" data-end=\"192\"> <strong>Opis:<\/strong> Elegantna crna mini haljina izra\u0111ena od mekane mje\u0161avine poli-viskoze, s dugim rukavima s nje\u017enim naborima na ramenima, uskim gornjim dijelom, skrivenim patentnim zatvara\u010dem straga i prakti\u010dnim d\u017eepovima sa strane. Bez napora \u0161ik za dan i no\u0107.<\/p>\n<p data-start=\"170\" data-end=\"192\"> <strong>Materijal:<\/strong> Izra\u0111eno od 73% poliestera, 23% viskoze, 4% elastina. Svi na\u0161i odjevni predmeti izra\u0111eni su isklju\u010divo od materijala certificiranih od strane <strong data-start=\"66\" data-end=\"107\"><span class=\"text-token-text-primary font-semibold\">OEKO-TEX<\/span><\/strong> klase 2, \u0161to osigurava da su sigurni i nje\u017eni za izravan kontakt s ko\u017eom.<\/p>\n<p data-start=\"1017\" data-end=\"1033\"> <strong>Boja:<\/strong> Crna<\/p>\n<p data-start=\"1249\" data-end=\"1277\"> <strong>Upute za njegu:<\/strong> Prati na 30* (hladno pranje), gla\u010dati na niskoj temperaturi ili na pari.<\/p>\n<p data-start=\"411\" data-end=\"434\"> <strong>Klju\u010dne zna\u010dajke:<\/strong><\/p>\n<p data-start=\"482\" data-end=\"519\"> Mini duljina za modernu siluetu<\/p>\n<p data-start=\"522\" data-end=\"557\"> Nabori na ramenima za suptilan volumen<\/p>\n<p data-start=\"560\" data-end=\"598\"> Uski steznik za laskavu figuru<\/p>\n<p data-start=\"601\" data-end=\"624\"> Skriveni patentni zatvara\u010d na stra\u017enjoj strani<\/p>\n<p data-start=\"627\" data-end=\"663\"> Bo\u010dni d\u017eepovi za prakti\u010dnost<\/p>\n<p data-start=\"657\" data-end=\"674\"> <strong>Dizajn:<\/strong> Elegantan i minimalisti\u010dki s krojenim detaljima koji podi\u017eu klasi\u010dnu mini haljinu na vi\u0161u razinu.<\/p>\n<p data-start=\"657\" data-end=\"674\"> <strong>Prilago\u0111eno:<\/strong><\/p>\n<p data-start=\"657\" data-end=\"674\"> Uklopljen kroz gornji dio s \u010distim, strukturiranim izgledom.<\/p>\n<p data-start=\"990\" data-end=\"1015\"> Model nosi veli\u010dinu S<\/p>\n","protected":false},"excerpt":{"rendered":"<p>MINI HALJINA Opis: Elegantna crna mini haljina izra\u0111ena od mekane mje\u0161avine poli-viskoze, s dugim rukavima s nje\u017enim naborima na ramenima, uskim gornjim dijelom, skrivenim patentnim zatvara\u010dem straga i prakti\u010dnim d\u017eepovima sa strane. Bez napora \u0161ik za dan i no\u0107. Materijal: Izra\u0111eno od 73% poliestera, 23% viskoze, 4% elastina. Svi na\u0161i odjevni predmeti izra\u0111eni su isklju\u010divo [&hellip;]<\/p>\n","protected":false},"featured_media":2887,"template":"","meta":{"_acf_changed":false},"product_brand":[],"product_cat":[90],"product_tag":[],"class_list":{"0":"post-2886","1":"product","2":"type-product","3":"status-publish","4":"has-post-thumbnail","6":"product_cat-aw-25-26","7":"pa_size-l","8":"pa_size-m","9":"pa_size-s","11":"first","12":"instock","13":"sale","14":"shipping-taxable","15":"purchasable","16":"product-type-variable"},"acf":[],"_links":{"self":[{"href":"https:\/\/stasadesign.com\/hr\/wp-json\/wp\/v2\/product\/2886","targetHints":{"allow":["GET"]}}],"collection":[{"href":"https:\/\/stasadesign.com\/hr\/wp-json\/wp\/v2\/product"}],"about":[{"href":"https:\/\/stasadesign.com\/hr\/wp-json\/wp\/v2\/types\/product"}],"wp:featuredmedia":[{"embeddable":true,"href":"https:\/\/stasadesign.com\/hr\/wp-json\/wp\/v2\/media\/2887"}],"wp:attachment":[{"href":"https:\/\/stasadesign.com\/hr\/wp-json\/wp\/v2\/media?parent=2886"}],"wp:term":[{"taxonomy":"product_brand","embeddable":true,"href":"https:\/\/stasadesign.com\/hr\/wp-json\/wp\/v2\/product_brand?post=2886"},{"taxonomy":"product_cat","embeddable":true,"href":"https:\/\/stasadesign.com\/hr\/wp-json\/wp\/v2\/product_cat?post=2886"},{"taxonomy":"product_tag","embeddable":true,"href":"https:\/\/stasadesign.com\/hr\/wp-json\/wp\/v2\/product_tag?post=2886"}],"curies":[{"name":"wp","href":"https:\/\/api.w.org\/{rel}","templated":true}]}}