{"id":2879,"date":"2025-10-23T08:19:09","date_gmt":"2025-10-23T08:19:09","guid":{"rendered":"https:\/\/stasadesign.com\/product\/bukle-kaput\/"},"modified":"2026-04-01T15:42:42","modified_gmt":"2026-04-01T15:42:42","slug":"bukle-kaput","status":"publish","type":"product","link":"https:\/\/stasadesign.com\/hr\/proizvod\/bukle-kaput\/","title":{"rendered":"Bukle kaput"},"content":{"rendered":"<p><strong>KAPUT S BUKLOM<\/strong><\/p>\n<p data-start=\"170\" data-end=\"192\"> <strong>Opis:<\/strong> Bezvremenski \u010deli\u010dno plavi kaput izra\u0111en od mekog 100% vunenog buklea, s prednjim kop\u010danjem na gumbe, raglan izrezom na ramenima, dugim rukavima i klasi\u010dnim ruskim ovratnikom. Jedinstveni nabori na stra\u017enjoj strani stvaraju elegantnu, strukturiranu siluetu. Potpuno podstavljen za toplinu i udobnost, s prednjim d\u017eepovima i opu\u0161tenim krojem koji prati tijelo.<\/p>\n<p data-start=\"170\" data-end=\"192\"> <strong>Materijal:<\/strong> Izra\u0111eno od 100% vune, Podstava: 50% viskoza, 50% poliester. Svi na\u0161i odjevni predmeti izra\u0111eni su isklju\u010divo od materijala certificiranih od strane <strong data-start=\"66\" data-end=\"107\"><span class=\"text-token-text-primary font-semibold\">OEKO-TEX<\/span><\/strong> klase 2, \u0161to osigurava da su sigurni i nje\u017eni za izravan kontakt s ko\u017eom.<\/p>\n<p data-start=\"1017\" data-end=\"1033\"> <strong>Boja:<\/strong> \u010celi\u010dno plava<\/p>\n<p data-start=\"1249\" data-end=\"1277\"> <strong>Upute za njegu:<\/strong> Samo kemijsko \u010di\u0161\u0107enje.<\/p>\n<p data-start=\"411\" data-end=\"434\"> <strong>Klju\u010dne zna\u010dajke:<\/strong><\/p>\n<p data-start=\"761\" data-end=\"789\"> Jedinstveni dizajn plisiranih le\u0111a<\/p>\n<p data-start=\"792\" data-end=\"829\"> Raglan ramena i ruski ovratnik<\/p>\n<p data-start=\"832\" data-end=\"854\"> Zatvaranje sprijeda gumbima<\/p>\n<p data-start=\"857\" data-end=\"882\"> Potpuna podstava za udobnost<\/p>\n<p data-start=\"885\" data-end=\"907\"> Mekana vunena bukle tkanina<\/p>\n<p data-start=\"657\" data-end=\"674\"> <strong>Dizajn:<\/strong> Klasi\u010dan i profinjen s prepoznatljivim naborima koji kaputu daju skulpturalni oblik.<\/p>\n<p data-start=\"887\" data-end=\"901\"> <strong>Prilago\u0111eno:<\/strong><\/p>\n<p data-start=\"990\" data-end=\"1015\"> Opu\u0161teni kroj koji prati liniju tijela.<\/p>\n<p data-start=\"990\" data-end=\"1015\"> Model nosi veli\u010dinu S\/M.<\/p>\n","protected":false},"excerpt":{"rendered":"<p>KAPUT S BUKLOM Opis: Bezvremenski \u010deli\u010dno plavi kaput izra\u0111en od mekog 100% vunenog buklea, s prednjim kop\u010danjem na gumbe, raglan izrezom na ramenima, dugim rukavima i klasi\u010dnim ruskim ovratnikom. Jedinstveni nabori na stra\u017enjoj strani stvaraju elegantnu, strukturiranu siluetu. Potpuno podstavljen za toplinu i udobnost, s prednjim d\u017eepovima i opu\u0161tenim krojem koji prati tijelo. Materijal: Izra\u0111eno [&hellip;]<\/p>\n","protected":false},"featured_media":2880,"template":"","meta":{"_acf_changed":false},"product_brand":[],"product_cat":[90],"product_tag":[],"class_list":{"0":"post-2879","1":"product","2":"type-product","3":"status-publish","4":"has-post-thumbnail","6":"product_cat-aw-25-26","8":"first","9":"instock","10":"sale","11":"shipping-taxable","12":"purchasable","13":"product-type-variable"},"acf":[],"_links":{"self":[{"href":"https:\/\/stasadesign.com\/hr\/wp-json\/wp\/v2\/product\/2879","targetHints":{"allow":["GET"]}}],"collection":[{"href":"https:\/\/stasadesign.com\/hr\/wp-json\/wp\/v2\/product"}],"about":[{"href":"https:\/\/stasadesign.com\/hr\/wp-json\/wp\/v2\/types\/product"}],"wp:featuredmedia":[{"embeddable":true,"href":"https:\/\/stasadesign.com\/hr\/wp-json\/wp\/v2\/media\/2880"}],"wp:attachment":[{"href":"https:\/\/stasadesign.com\/hr\/wp-json\/wp\/v2\/media?parent=2879"}],"wp:term":[{"taxonomy":"product_brand","embeddable":true,"href":"https:\/\/stasadesign.com\/hr\/wp-json\/wp\/v2\/product_brand?post=2879"},{"taxonomy":"product_cat","embeddable":true,"href":"https:\/\/stasadesign.com\/hr\/wp-json\/wp\/v2\/product_cat?post=2879"},{"taxonomy":"product_tag","embeddable":true,"href":"https:\/\/stasadesign.com\/hr\/wp-json\/wp\/v2\/product_tag?post=2879"}],"curies":[{"name":"wp","href":"https:\/\/api.w.org\/{rel}","templated":true}]}}