{"id":2865,"date":"2025-10-24T09:39:16","date_gmt":"2025-10-24T09:39:16","guid":{"rendered":"https:\/\/stasadesign.com\/product\/sakop-aw-25-26\/"},"modified":"2026-04-01T15:42:36","modified_gmt":"2026-04-01T15:42:36","slug":"sakop-aw-25-26","status":"publish","type":"product","link":"https:\/\/stasadesign.com\/hr\/proizvod\/sakop-aw-25-26\/","title":{"rendered":"SAKOP AW 25\/26"},"content":{"rendered":"<p><strong>SAKOP AW 25\/26<\/strong><\/p>\n<p data-start=\"170\" data-end=\"192\"> <strong>Opis:<\/strong> Bezvremenski sako izra\u0111en od mekane mje\u0161avine viskoze, dizajniran s opu\u0161tenim krojem i strukturiranim ramenima. Ima duge rukave, suptilne prednje nabore i opu\u0161teni ovratnik, kombiniraju\u0107i klasi\u010dni kroj s modernom lako\u0107om.<\/p>\n<p data-start=\"170\" data-end=\"192\"> <strong>Materijal:<\/strong> Izra\u0111eno od 73% poliestera, 23% viskoze, 4% elastina. Podstava 50% viskoza, 50% poliester. Svi na\u0161i odjevni predmeti izra\u0111eni su isklju\u010divo od materijala certificiranih od strane <strong data-start=\"66\" data-end=\"107\"><span class=\"text-token-text-primary font-semibold\">OEKO-TEX<\/span><\/strong> klase 2, \u0161to osigurava da su sigurni i nje\u017eni za izravan kontakt s ko\u017eom.<\/p>\n<p data-start=\"1017\" data-end=\"1033\"> <b>Boja<\/b> <strong>:<\/strong> Siva i crna<\/p>\n<p data-start=\"1249\" data-end=\"1277\"> <strong>Upute za njegu:<\/strong> Prati na 30* (hladno pranje), gla\u010dati na niskoj temperaturi ili na pari.<\/p>\n<p data-start=\"411\" data-end=\"434\"> <strong>Klju\u010dne zna\u010dajke:<\/strong><\/p>\n<p data-start=\"723\" data-end=\"769\"> Opu\u0161teni kroj sa strukturiranim podstavljenim ramenima<\/p>\n<p data-start=\"772\" data-end=\"813\"> Prednji nabori za mekan, prilagoden oblik<\/p>\n<p data-start=\"816\" data-end=\"849\"> Opu\u0161teni ovratnik i dugi rukavi<\/p>\n<p data-start=\"852\" data-end=\"875\"> Potpuno podstavljeno za udobnost<\/p>\n<p data-start=\"657\" data-end=\"674\"> <strong>Dizajn:<\/strong> Klasi\u010dni kroj s mekom strukturom, idealan za le\u017eeran i formalni stil.<\/p>\n<p data-start=\"657\" data-end=\"674\"> <strong>Prilago\u0111eno:<\/strong><\/p>\n<p data-start=\"657\" data-end=\"674\"> Opu\u0161teni kroj s definiranim ramenima i drapiranim linijama.<\/p>\n<p data-start=\"990\" data-end=\"1015\"> Model nosi veli\u010dinu S.<\/p>\n","protected":false},"excerpt":{"rendered":"<p>SAKOP AW 25\/26 Opis: Bezvremenski sako izra\u0111en od mekane mje\u0161avine viskoze, dizajniran s opu\u0161tenim krojem i strukturiranim ramenima. Ima duge rukave, suptilne prednje nabore i opu\u0161teni ovratnik, kombiniraju\u0107i klasi\u010dni kroj s modernom lako\u0107om. Materijal: Izra\u0111eno od 73% poliestera, 23% viskoze, 4% elastina. Podstava 50% viskoza, 50% poliester. Svi na\u0161i odjevni predmeti izra\u0111eni su isklju\u010divo od [&hellip;]<\/p>\n","protected":false},"featured_media":2866,"template":"","meta":{"_acf_changed":false},"product_brand":[],"product_cat":[90],"product_tag":[],"class_list":{"0":"post-2865","1":"product","2":"type-product","3":"status-publish","4":"has-post-thumbnail","6":"product_cat-aw-25-26","7":"pa_size-l","8":"pa_size-m","9":"pa_size-s","11":"first","12":"instock","13":"sale","14":"shipping-taxable","15":"purchasable","16":"product-type-variable"},"acf":[],"_links":{"self":[{"href":"https:\/\/stasadesign.com\/hr\/wp-json\/wp\/v2\/product\/2865","targetHints":{"allow":["GET"]}}],"collection":[{"href":"https:\/\/stasadesign.com\/hr\/wp-json\/wp\/v2\/product"}],"about":[{"href":"https:\/\/stasadesign.com\/hr\/wp-json\/wp\/v2\/types\/product"}],"wp:featuredmedia":[{"embeddable":true,"href":"https:\/\/stasadesign.com\/hr\/wp-json\/wp\/v2\/media\/2866"}],"wp:attachment":[{"href":"https:\/\/stasadesign.com\/hr\/wp-json\/wp\/v2\/media?parent=2865"}],"wp:term":[{"taxonomy":"product_brand","embeddable":true,"href":"https:\/\/stasadesign.com\/hr\/wp-json\/wp\/v2\/product_brand?post=2865"},{"taxonomy":"product_cat","embeddable":true,"href":"https:\/\/stasadesign.com\/hr\/wp-json\/wp\/v2\/product_cat?post=2865"},{"taxonomy":"product_tag","embeddable":true,"href":"https:\/\/stasadesign.com\/hr\/wp-json\/wp\/v2\/product_tag?post=2865"}],"curies":[{"name":"wp","href":"https:\/\/api.w.org\/{rel}","templated":true}]}}