{"id":2858,"date":"2025-10-24T09:55:02","date_gmt":"2025-10-24T09:55:02","guid":{"rendered":"https:\/\/stasadesign.com\/product\/pia-haljina\/"},"modified":"2026-04-01T15:42:25","modified_gmt":"2026-04-01T15:42:25","slug":"pia-haljina","status":"publish","type":"product","link":"https:\/\/stasadesign.com\/hr\/proizvod\/pia-haljina\/","title":{"rendered":"PIA HALJINA"},"content":{"rendered":"<p><strong>PIA HALJINA<\/strong><\/p>\n<p data-start=\"170\" data-end=\"192\"> <strong>Opis:<\/strong> Prekrasna bordo maxi haljina izra\u0111ena od mekane, rastezljive tkanine koja je prekrasna na dodir. Ima duge rukave s prorezima na man\u017eetama, bo\u010dne d\u017eepove, duboka otvorena le\u0111a u obliku slova V i skriveni patentni zatvara\u010d. Fluidni pad i elegantna silueta \u010dine je savr\u0161enom za dnevno i ve\u010dernje no\u0161enje.<\/p>\n<p data-start=\"170\" data-end=\"192\"> <strong>Materijal:<\/strong> Izra\u0111eno od 65% viskoze, 30% poliamida, 5% elastina. Svi na\u0161i odjevni predmeti izra\u0111eni su isklju\u010divo od materijala certificiranih od strane <strong data-start=\"66\" data-end=\"107\"><span class=\"text-token-text-primary font-semibold\">OEKO-TEX<\/span><\/strong> klase 2, \u0161to osigurava da su sigurni i nje\u017eni za izravan kontakt s ko\u017eom.<\/p>\n<p data-start=\"1017\" data-end=\"1033\"> <strong>Boja:<\/strong> Bordo<\/p>\n<p data-start=\"1249\" data-end=\"1277\"> <strong>Upute za njegu:<\/strong> Prati na 30* (hladno pranje), gla\u010dati na niskoj temperaturi ili na pari.<\/p>\n<p data-start=\"411\" data-end=\"434\"> <strong>Klju\u010dne zna\u010dajke:<\/strong><\/p>\n<p data-start=\"765\" data-end=\"806\"> Super mekana, rastezljiva tkanina za udobnost<\/p>\n<p data-start=\"809\" data-end=\"839\"> Dugi rukavi s prorezima na man\u017eetama<\/p>\n<p data-start=\"842\" data-end=\"865\"> Skriveni patentni zatvara\u010d na stra\u017enjoj strani<\/p>\n<p data-start=\"868\" data-end=\"889\"> Elegantni V-otvoreni le\u0111ima<\/p>\n<p data-start=\"892\" data-end=\"909\"> Bo\u010dni d\u017eepovi<\/p>\n<p data-start=\"482\" data-end=\"519\"> <strong>Dizajn:<\/strong> Minimalan i profinjen s mekim drapiranjem i upe\u010datljivim otvorenim le\u0111ima.<\/p>\n<p data-start=\"482\" data-end=\"519\"> <strong>Prilago\u0111eno:<\/strong><\/p>\n<p data-start=\"627\" data-end=\"663\"> Uska silueta s lepr\u0161avom suknjom maksi duljine.<\/p>\n<p data-start=\"990\" data-end=\"1015\"> Model nosi veli\u010dinu S<\/p>\n","protected":false},"excerpt":{"rendered":"<p>PIA HALJINA Opis: Prekrasna bordo maxi haljina izra\u0111ena od mekane, rastezljive tkanine koja je prekrasna na dodir. Ima duge rukave s prorezima na man\u017eetama, bo\u010dne d\u017eepove, duboka otvorena le\u0111a u obliku slova V i skriveni patentni zatvara\u010d. Fluidni pad i elegantna silueta \u010dine je savr\u0161enom za dnevno i ve\u010dernje no\u0161enje. Materijal: Izra\u0111eno od 65% viskoze, [&hellip;]<\/p>\n","protected":false},"featured_media":2859,"template":"","meta":{"_acf_changed":false},"product_brand":[],"product_cat":[90],"product_tag":[],"class_list":{"0":"post-2858","1":"product","2":"type-product","3":"status-publish","4":"has-post-thumbnail","6":"product_cat-aw-25-26","7":"pa_size-l","8":"pa_size-m","9":"pa_size-s","11":"first","12":"outofstock","13":"sale","14":"featured","15":"shipping-taxable","16":"purchasable","17":"product-type-variable"},"acf":[],"_links":{"self":[{"href":"https:\/\/stasadesign.com\/hr\/wp-json\/wp\/v2\/product\/2858","targetHints":{"allow":["GET"]}}],"collection":[{"href":"https:\/\/stasadesign.com\/hr\/wp-json\/wp\/v2\/product"}],"about":[{"href":"https:\/\/stasadesign.com\/hr\/wp-json\/wp\/v2\/types\/product"}],"wp:featuredmedia":[{"embeddable":true,"href":"https:\/\/stasadesign.com\/hr\/wp-json\/wp\/v2\/media\/2859"}],"wp:attachment":[{"href":"https:\/\/stasadesign.com\/hr\/wp-json\/wp\/v2\/media?parent=2858"}],"wp:term":[{"taxonomy":"product_brand","embeddable":true,"href":"https:\/\/stasadesign.com\/hr\/wp-json\/wp\/v2\/product_brand?post=2858"},{"taxonomy":"product_cat","embeddable":true,"href":"https:\/\/stasadesign.com\/hr\/wp-json\/wp\/v2\/product_cat?post=2858"},{"taxonomy":"product_tag","embeddable":true,"href":"https:\/\/stasadesign.com\/hr\/wp-json\/wp\/v2\/product_tag?post=2858"}],"curies":[{"name":"wp","href":"https:\/\/api.w.org\/{rel}","templated":true}]}}