{"id":2838,"date":"2025-10-24T10:08:49","date_gmt":"2025-10-24T10:08:49","guid":{"rendered":"https:\/\/stasadesign.com\/product\/sivi-kaput\/"},"modified":"2025-10-24T10:08:49","modified_gmt":"2025-10-24T10:08:49","slug":"sivi-kaput","status":"publish","type":"product","link":"https:\/\/stasadesign.com\/hr\/proizvod\/sivi-kaput\/","title":{"rendered":"SIVI KAPUT"},"content":{"rendered":"<p><strong>SIVI KAPUT<\/strong><\/p>\n<p data-start=\"170\" data-end=\"192\"> <strong>Opis:<\/strong> Prekrasno izra\u0111en kaput od mje\u0161avine vune u bezvremenskoj sivoj nijansi, dizajniran s predimenzioniranim krojem i rukavima u stilu kimona. Ima prednje dijagonalno kop\u010danje na gumbe, preklopljene man\u017eete, prostrane prednje d\u017eepove i prakti\u010dnu kapulja\u010du, nude\u0107i udobnost i modernu eleganciju.<\/p>\n<p data-start=\"170\" data-end=\"192\"> <strong>Materijal:<\/strong> Izra\u0111eno od 60% vune, 40% poliestera, Podstava: 50% viskoza, 50% poliester.<\/p>\n<p data-start=\"1017\" data-end=\"1033\"> <strong>Boja:<\/strong> Siva<\/p>\n<p data-start=\"1249\" data-end=\"1277\"> <strong>Upute za njegu:<\/strong> Samo kemijsko \u010di\u0161\u0107enje<\/p>\n<p data-start=\"411\" data-end=\"434\"> <strong>Klju\u010dne zna\u010dajke:<\/strong><\/p>\n<p data-start=\"507\" data-end=\"556\"> Predimenzionirana silueta za opu\u0161ten, moderan izgled<\/p>\n<p data-start=\"559\" data-end=\"597\"> Rukavi u obliku kimona s preklopljenim man\u017eetama<\/p>\n<p data-start=\"600\" data-end=\"625\"> Dijagonalno zatvaranje na gumbe<\/p>\n<p data-start=\"628\" data-end=\"651\"> Kapulja\u010da za dodatnu toplinu<\/p>\n<p data-start=\"654\" data-end=\"676\"> Prostrani prednji d\u017eepovi<\/p>\n<p data-start=\"657\" data-end=\"674\"> <strong>Dizajn:<\/strong> Bez napora \u0161ik s mekom strukturom i prakti\u010dnim detaljima.<\/p>\n<p data-start=\"657\" data-end=\"674\"> <strong>Prilago\u0111eno:<\/strong><\/p>\n<p data-start=\"973\" data-end=\"987\"> Predimenzionirani kroj za udobnost i jednostavno obla\u010denje u slojevima.<\/p>\n<p data-start=\"990\" data-end=\"1015\"> Model nosi veli\u010dinu S\/M.<\/p>\n","protected":false},"excerpt":{"rendered":"<p>SIVI KAPUT Opis: Prekrasno izra\u0111en kaput od mje\u0161avine vune u bezvremenskoj sivoj nijansi, dizajniran s predimenzioniranim krojem i rukavima u stilu kimona. Ima prednje dijagonalno kop\u010danje na gumbe, preklopljene man\u017eete, prostrane prednje d\u017eepove i prakti\u010dnu kapulja\u010du, nude\u0107i udobnost i modernu eleganciju. Materijal: Izra\u0111eno od 60% vune, 40% poliestera, Podstava: 50% viskoza, 50% poliester. Boja: Siva [&hellip;]<\/p>\n","protected":false},"featured_media":2839,"template":"","meta":{"_acf_changed":false},"product_brand":[],"product_cat":[90],"product_tag":[],"class_list":{"0":"post-2838","1":"product","2":"type-product","3":"status-publish","4":"has-post-thumbnail","6":"product_cat-aw-25-26","8":"first","9":"outofstock","10":"sale","11":"featured","12":"shipping-taxable","13":"purchasable","14":"product-type-variable"},"acf":[],"_links":{"self":[{"href":"https:\/\/stasadesign.com\/hr\/wp-json\/wp\/v2\/product\/2838","targetHints":{"allow":["GET"]}}],"collection":[{"href":"https:\/\/stasadesign.com\/hr\/wp-json\/wp\/v2\/product"}],"about":[{"href":"https:\/\/stasadesign.com\/hr\/wp-json\/wp\/v2\/types\/product"}],"wp:featuredmedia":[{"embeddable":true,"href":"https:\/\/stasadesign.com\/hr\/wp-json\/wp\/v2\/media\/2839"}],"wp:attachment":[{"href":"https:\/\/stasadesign.com\/hr\/wp-json\/wp\/v2\/media?parent=2838"}],"wp:term":[{"taxonomy":"product_brand","embeddable":true,"href":"https:\/\/stasadesign.com\/hr\/wp-json\/wp\/v2\/product_brand?post=2838"},{"taxonomy":"product_cat","embeddable":true,"href":"https:\/\/stasadesign.com\/hr\/wp-json\/wp\/v2\/product_cat?post=2838"},{"taxonomy":"product_tag","embeddable":true,"href":"https:\/\/stasadesign.com\/hr\/wp-json\/wp\/v2\/product_tag?post=2838"}],"curies":[{"name":"wp","href":"https:\/\/api.w.org\/{rel}","templated":true}]}}