{"id":2830,"date":"2025-10-24T10:17:08","date_gmt":"2025-10-24T10:17:08","guid":{"rendered":"https:\/\/stasadesign.com\/product\/kratki-rov\/"},"modified":"2025-10-24T10:17:08","modified_gmt":"2025-10-24T10:17:08","slug":"kratki-rov","status":"publish","type":"product","link":"https:\/\/stasadesign.com\/hr\/proizvod\/kratki-rov\/","title":{"rendered":"KRATKI ROV"},"content":{"rendered":"<p><strong>KRATKI ROV<\/strong><\/p>\n<p data-start=\"170\" data-end=\"192\"> <strong>Opis:<\/strong> Moderni kratki trench kaput izra\u0111en od 100% pamuka s mekom podstavom, idealan za slojevito no\u0161enje usred sezone. Ima duge rukave s naramenicama, remen u struku, nabore na le\u0111ima za dodatni oblik, prednje d\u017eepove i skra\u0107eni gornji sloj sprijeda i straga za klasi\u010dan izgled inspiriran trench kaputima.<\/p>\n<p data-start=\"170\" data-end=\"192\"> <strong>Materijal:<\/strong> Izra\u0111eno od 100% pamuka, Podstava: 50% viskoza, 50% poliester. Svi na\u0161i odjevni predmeti izra\u0111eni su isklju\u010divo od materijala certificiranih od strane <strong data-start=\"568\" data-end=\"609\"><span class=\"text-token-text-primary font-semibold\">OEKO-TEX<\/span><\/strong> klase 2, \u0161to osigurava da su sigurni i nje\u017eni za izravan kontakt s ko\u017eom.<\/p>\n<p data-start=\"1017\" data-end=\"1033\"> <strong>Boja:<\/strong> Crna<\/p>\n<p data-start=\"1249\" data-end=\"1277\"> <strong>Upute za njegu:<\/strong> Prati hladnom vodom na 30 \u00b0C, gla\u010dati na niskoj temperaturi ili na pari.<\/p>\n<p data-start=\"411\" data-end=\"434\"> <strong>Klju\u010dne zna\u010dajke:<\/strong><\/p>\n<p data-start=\"759\" data-end=\"805\"> Dizajn skra\u0107enog rova \u200b\u200bsa slojevitim detaljima<\/p>\n<p data-start=\"808\" data-end=\"850\"> Remen u struku za laskavu siluetu<\/p>\n<p data-start=\"853\" data-end=\"883\"> Naramenice za rukave i nabori na le\u0111ima<\/p>\n<p data-start=\"886\" data-end=\"910\"> Funkcionalni prednji d\u017eepovi<\/p>\n<p data-start=\"657\" data-end=\"674\"> <strong>Dizajn:<\/strong> Bez napora elegantan s modernim prizvukom na bezvremenskoj silueti tren\u010da.<\/p>\n<p data-start=\"887\" data-end=\"901\"> <strong>Prilago\u0111eno:<br data-start=\"1066\" data-end=\"1069\" \/><\/strong><\/p>\n<p data-start=\"887\" data-end=\"901\"> Opu\u0161teni kroj s podesivim pojasom za definiranje.<\/p>\n<p data-start=\"990\" data-end=\"1015\"> Model nosi veli\u010dinu S\/M.<\/p>\n","protected":false},"excerpt":{"rendered":"<p>KRATKI ROV Opis: Moderni kratki trench kaput izra\u0111en od 100% pamuka s mekom podstavom, idealan za slojevito no\u0161enje usred sezone. Ima duge rukave s naramenicama, remen u struku, nabore na le\u0111ima za dodatni oblik, prednje d\u017eepove i skra\u0107eni gornji sloj sprijeda i straga za klasi\u010dan izgled inspiriran trench kaputima. Materijal: Izra\u0111eno od 100% pamuka, Podstava: [&hellip;]<\/p>\n","protected":false},"featured_media":2831,"template":"","meta":{"_acf_changed":false},"product_brand":[],"product_cat":[90],"product_tag":[],"class_list":{"0":"post-2830","1":"product","2":"type-product","3":"status-publish","4":"has-post-thumbnail","6":"product_cat-aw-25-26","8":"first","9":"instock","10":"shipping-taxable","11":"purchasable","12":"product-type-variable"},"acf":[],"_links":{"self":[{"href":"https:\/\/stasadesign.com\/hr\/wp-json\/wp\/v2\/product\/2830","targetHints":{"allow":["GET"]}}],"collection":[{"href":"https:\/\/stasadesign.com\/hr\/wp-json\/wp\/v2\/product"}],"about":[{"href":"https:\/\/stasadesign.com\/hr\/wp-json\/wp\/v2\/types\/product"}],"wp:featuredmedia":[{"embeddable":true,"href":"https:\/\/stasadesign.com\/hr\/wp-json\/wp\/v2\/media\/2831"}],"wp:attachment":[{"href":"https:\/\/stasadesign.com\/hr\/wp-json\/wp\/v2\/media?parent=2830"}],"wp:term":[{"taxonomy":"product_brand","embeddable":true,"href":"https:\/\/stasadesign.com\/hr\/wp-json\/wp\/v2\/product_brand?post=2830"},{"taxonomy":"product_cat","embeddable":true,"href":"https:\/\/stasadesign.com\/hr\/wp-json\/wp\/v2\/product_cat?post=2830"},{"taxonomy":"product_tag","embeddable":true,"href":"https:\/\/stasadesign.com\/hr\/wp-json\/wp\/v2\/product_tag?post=2830"}],"curies":[{"name":"wp","href":"https:\/\/api.w.org\/{rel}","templated":true}]}}