{"id":2819,"date":"2025-10-24T10:47:45","date_gmt":"2025-10-24T10:47:45","guid":{"rendered":"https:\/\/stasadesign.com\/product\/bluza-s-v-izrezom\/"},"modified":"2025-10-24T10:47:45","modified_gmt":"2025-10-24T10:47:45","slug":"bluza-s-v-izrezom","status":"publish","type":"product","link":"https:\/\/stasadesign.com\/hr\/proizvod\/bluza-s-v-izrezom\/","title":{"rendered":"BLUZA S V IZREZOM"},"content":{"rendered":"<p><strong>BLUZA S V IZREZOM<\/strong><\/p>\n<p data-start=\"170\" data-end=\"192\"> <strong>Opis:<\/strong> Bezvremenska bluza s V-izrezom i nje\u017enim vezanjem oko vrata za sofisticirani dodir. Dizajnirana sa \u0161irokim napuhanim rukavima u stilu kimona, prednjim \u0161avovima koji prate tijelo i elegantnim detaljima man\u017eeta. Njen predimenzionirani kroj \u010dini je svestranom i za le\u017eeran i za profinjen izgled.<\/p>\n<p data-start=\"170\" data-end=\"192\"> <strong>Materijal:<\/strong> Izra\u0111eno od 97% pamuka, 3% elastina. Svi na\u0161i odjevni predmeti izra\u0111eni su isklju\u010divo od materijala certificiranih od strane <strong data-start=\"66\" data-end=\"107\"><span class=\"text-token-text-primary font-semibold\">OEKO-TEX<\/span><\/strong> klase 2, \u0161to osigurava da su sigurni i nje\u017eni za izravan kontakt s ko\u017eom.<\/p>\n<p data-start=\"1017\" data-end=\"1033\"> <b>Boja<\/b> <strong>:<\/strong> Crna i bijela<\/p>\n<p data-start=\"1249\" data-end=\"1277\"> <strong>Upute za njegu:<\/strong> Prati na 30* (hladno pranje), gla\u010dati na niskoj temperaturi ili na pari.<\/p>\n<p data-start=\"411\" data-end=\"434\"> <strong>Klju\u010dne zna\u010dajke:<\/strong><\/p>\n<p data-start=\"721\" data-end=\"751\"> Elegantni V-izrez s kravatom<\/p>\n<p data-start=\"754\" data-end=\"784\"> \u0160iroki puf rukavi s man\u017eetama<\/p>\n<p data-start=\"787\" data-end=\"815\"> Silueta inspirirana kimonom<\/p>\n<p data-start=\"818\" data-end=\"852\"> Prednji \u0161av za oblik i strukturu<\/p>\n<p data-start=\"657\" data-end=\"674\"> <strong>Dizajn:<\/strong> Klasi\u010dan s nje\u017enim \u017eenstvenim dodirom, idealan za slojevito kombiniranje ili samostalno no\u0161enje.<\/p>\n<p data-start=\"657\" data-end=\"674\"> <strong>Prilago\u0111eno:<\/strong><\/p>\n<p data-start=\"657\" data-end=\"674\"> Predimenzionirani kroj s fluidnim drapiranjem i napuhancima.<\/p>\n<p data-start=\"990\" data-end=\"1015\"> Model nosi veli\u010dinu S.<\/p>\n","protected":false},"excerpt":{"rendered":"<p>BLUZA S V IZREZOM Opis: Bezvremenska bluza s V-izrezom i nje\u017enim vezanjem oko vrata za sofisticirani dodir. Dizajnirana sa \u0161irokim napuhanim rukavima u stilu kimona, prednjim \u0161avovima koji prate tijelo i elegantnim detaljima man\u017eeta. Njen predimenzionirani kroj \u010dini je svestranom i za le\u017eeran i za profinjen izgled. Materijal: Izra\u0111eno od 97% pamuka, 3% elastina. Svi [&hellip;]<\/p>\n","protected":false},"featured_media":2818,"template":"","meta":{"_acf_changed":false},"product_brand":[],"product_cat":[90],"product_tag":[],"class_list":{"0":"post-2819","1":"product","2":"type-product","3":"status-publish","4":"has-post-thumbnail","6":"product_cat-aw-25-26","7":"pa_size-l","8":"pa_size-m","9":"pa_size-s","11":"first","12":"instock","13":"sale","14":"shipping-taxable","15":"purchasable","16":"product-type-variable"},"acf":[],"_links":{"self":[{"href":"https:\/\/stasadesign.com\/hr\/wp-json\/wp\/v2\/product\/2819","targetHints":{"allow":["GET"]}}],"collection":[{"href":"https:\/\/stasadesign.com\/hr\/wp-json\/wp\/v2\/product"}],"about":[{"href":"https:\/\/stasadesign.com\/hr\/wp-json\/wp\/v2\/types\/product"}],"wp:featuredmedia":[{"embeddable":true,"href":"https:\/\/stasadesign.com\/hr\/wp-json\/wp\/v2\/media\/2818"}],"wp:attachment":[{"href":"https:\/\/stasadesign.com\/hr\/wp-json\/wp\/v2\/media?parent=2819"}],"wp:term":[{"taxonomy":"product_brand","embeddable":true,"href":"https:\/\/stasadesign.com\/hr\/wp-json\/wp\/v2\/product_brand?post=2819"},{"taxonomy":"product_cat","embeddable":true,"href":"https:\/\/stasadesign.com\/hr\/wp-json\/wp\/v2\/product_cat?post=2819"},{"taxonomy":"product_tag","embeddable":true,"href":"https:\/\/stasadesign.com\/hr\/wp-json\/wp\/v2\/product_tag?post=2819"}],"curies":[{"name":"wp","href":"https:\/\/api.w.org\/{rel}","templated":true}]}}