{"id":2812,"date":"2025-10-24T10:57:19","date_gmt":"2025-10-24T10:57:19","guid":{"rendered":"https:\/\/stasadesign.com\/product\/asimetricne-hlace\/"},"modified":"2025-10-24T10:57:19","modified_gmt":"2025-10-24T10:57:19","slug":"asimetricne-hlace","status":"publish","type":"product","link":"https:\/\/stasadesign.com\/hr\/proizvod\/asimetricne-hlace\/","title":{"rendered":"ASIMETRI\u010cNE HLA\u010cE"},"content":{"rendered":"<p><strong>ASIMETRI\u010cNE HLA\u010cE<\/strong><\/p>\n<p data-start=\"170\" data-end=\"192\"> <strong>Opis:<\/strong> Elegantne krojene hla\u010de s jedinstvenim asimetri\u010dnim preklopljenim prednjim naborima, asimetri\u010dnim pojasom u struku i kop\u010danjem na gumbe, dizajnirane s prednjim naborima, bo\u010dnim d\u017eepovima i strukturiranim pojasom za \u010distu i modernu siluetu.<\/p>\n<p data-start=\"170\" data-end=\"192\"> <strong>Materijal:<\/strong> Izra\u0111eno od 73% poliestera, 23% viskoze, 4% elastina. Svi na\u0161i odjevni predmeti izra\u0111eni su isklju\u010divo od materijala certificiranih od strane <strong data-start=\"66\" data-end=\"107\"><span class=\"text-token-text-primary font-semibold\">OEKO-TEX<\/span><\/strong> klase 2, \u0161to osigurava da su sigurni i nje\u017eni za izravan kontakt s ko\u017eom.<\/p>\n<p data-start=\"1017\" data-end=\"1033\"> <strong>Boja:<\/strong> Crna<\/p>\n<p data-start=\"1249\" data-end=\"1277\"> <strong>Upute za njegu:<\/strong> Prati na 30* (hladno pranje), gla\u010dati na niskoj temperaturi ili na pari.<\/p>\n<p data-start=\"411\" data-end=\"434\"> <strong>Klju\u010dne zna\u010dajke:<\/strong><\/p>\n<p data-start=\"675\" data-end=\"710\"> Upe\u010datljiv detalj asimetri\u010dnih nabora<\/p>\n<p data-start=\"713\" data-end=\"749\"> Prednji nabori i d\u017eepovi sa bo\u010dnim \u0161avovima<\/p>\n<p data-start=\"752\" data-end=\"792\"> Krojeni pojas s kop\u010danjem na gumbe<\/p>\n<p data-start=\"795\" data-end=\"823\"> Elegantna, strukturirana silueta<\/p>\n<p data-start=\"657\" data-end=\"674\"> <strong>Dizajn:<\/strong> Moderno krojenje s decentnim uzorkom i krojem.<\/p>\n<p data-start=\"657\" data-end=\"674\"> <strong>Prilago\u0111eno:<\/strong><\/p>\n<p data-start=\"990\" data-end=\"1015\"> Opu\u0161ten kroj, vrlo udoban.<\/p>\n<p data-start=\"990\" data-end=\"1015\"> Model nosi veli\u010dinu S<\/p>\n","protected":false},"excerpt":{"rendered":"<p>ASIMETRI\u010cNE HLA\u010cE Opis: Elegantne krojene hla\u010de s jedinstvenim asimetri\u010dnim preklopljenim prednjim naborima, asimetri\u010dnim pojasom u struku i kop\u010danjem na gumbe, dizajnirane s prednjim naborima, bo\u010dnim d\u017eepovima i strukturiranim pojasom za \u010distu i modernu siluetu. Materijal: Izra\u0111eno od 73% poliestera, 23% viskoze, 4% elastina. Svi na\u0161i odjevni predmeti izra\u0111eni su isklju\u010divo od materijala certificiranih od strane [&hellip;]<\/p>\n","protected":false},"featured_media":2814,"template":"","meta":{"_acf_changed":false},"product_brand":[],"product_cat":[90],"product_tag":[],"class_list":{"0":"post-2812","1":"product","2":"type-product","3":"status-publish","4":"has-post-thumbnail","6":"product_cat-aw-25-26","7":"pa_size-l","8":"pa_size-m","9":"pa_size-s","11":"first","12":"instock","13":"sale","14":"shipping-taxable","15":"purchasable","16":"product-type-variable"},"acf":[],"_links":{"self":[{"href":"https:\/\/stasadesign.com\/hr\/wp-json\/wp\/v2\/product\/2812","targetHints":{"allow":["GET"]}}],"collection":[{"href":"https:\/\/stasadesign.com\/hr\/wp-json\/wp\/v2\/product"}],"about":[{"href":"https:\/\/stasadesign.com\/hr\/wp-json\/wp\/v2\/types\/product"}],"wp:featuredmedia":[{"embeddable":true,"href":"https:\/\/stasadesign.com\/hr\/wp-json\/wp\/v2\/media\/2814"}],"wp:attachment":[{"href":"https:\/\/stasadesign.com\/hr\/wp-json\/wp\/v2\/media?parent=2812"}],"wp:term":[{"taxonomy":"product_brand","embeddable":true,"href":"https:\/\/stasadesign.com\/hr\/wp-json\/wp\/v2\/product_brand?post=2812"},{"taxonomy":"product_cat","embeddable":true,"href":"https:\/\/stasadesign.com\/hr\/wp-json\/wp\/v2\/product_cat?post=2812"},{"taxonomy":"product_tag","embeddable":true,"href":"https:\/\/stasadesign.com\/hr\/wp-json\/wp\/v2\/product_tag?post=2812"}],"curies":[{"name":"wp","href":"https:\/\/api.w.org\/{rel}","templated":true}]}}