{"id":2786,"date":"2025-10-25T11:37:09","date_gmt":"2025-10-25T11:37:09","guid":{"rendered":"https:\/\/stasadesign.com\/product\/pulover-aw-25-26\/"},"modified":"2025-10-25T11:37:09","modified_gmt":"2025-10-25T11:37:09","slug":"pulover-aw-25-26","status":"publish","type":"product","link":"https:\/\/stasadesign.com\/hr\/proizvod\/pulover-aw-25-26\/","title":{"rendered":"PULOVER AW 25\/26"},"content":{"rendered":"<p><strong>PULOVER AW 25\/26<\/strong><\/p>\n<p data-start=\"170\" data-end=\"192\"> <strong>Opis:<\/strong> Minimalisti\u010dki crni pulover s mekim visokim ovratnikom i opu\u0161tenom siluetom. Dizajniran za lako slojevito no\u0161enje, kombinira udobnost s \u010distim, modernim linijama &#8211; savr\u0161en za hladnija godi\u0161nja doba.<\/p>\n<p data-start=\"170\" data-end=\"192\"> <strong>Materijal:<\/strong> Izra\u0111eno od 76% viskoze, 20% poliamida, 4% elastina. Svi na\u0161i odjevni predmeti izra\u0111eni su isklju\u010divo od materijala certificiranih od strane <strong data-start=\"66\" data-end=\"107\"><span class=\"text-token-text-primary font-semibold\">OEKO-TEX<\/span><\/strong> klase 2, \u0161to osigurava da su sigurni i nje\u017eni za izravan kontakt s ko\u017eom.<\/p>\n<p data-start=\"1017\" data-end=\"1033\"> <strong>Boja:<\/strong> Crna<\/p>\n<p data-start=\"1249\" data-end=\"1277\"> <strong>Upute za njegu:<\/strong> Prati na 30* (hladno pranje), gla\u010dati na niskoj temperaturi ili na pari.<\/p>\n<p data-start=\"411\" data-end=\"434\"> <strong>Klju\u010dne zna\u010dajke:<\/strong><\/p>\n<p data-start=\"648\" data-end=\"666\"> Mekani visoki ovratnik<\/p>\n<p data-start=\"669\" data-end=\"703\"> Opu\u0161teni kroj za lako\u0107u kretanja<\/p>\n<p data-start=\"728\" data-end=\"750\"> Lagano i ugodno<\/p>\n<p data-start=\"657\" data-end=\"674\"> <strong>Dizajn:<\/strong> \u010cist, suvremen dizajn s izra\u017eenom jednostavno\u0161\u0107u.<\/p>\n<p data-start=\"657\" data-end=\"674\"> <strong>Prilago\u0111eno:<\/strong><\/p>\n<p data-start=\"990\" data-end=\"1015\"> Opu\u0161tena silueta sa suptilnom strukturom.<\/p>\n<p data-start=\"990\" data-end=\"1015\"> Model nosi veli\u010dinu S<\/p>\n","protected":false},"excerpt":{"rendered":"<p>PULOVER AW 25\/26 Opis: Minimalisti\u010dki crni pulover s mekim visokim ovratnikom i opu\u0161tenom siluetom. Dizajniran za lako slojevito no\u0161enje, kombinira udobnost s \u010distim, modernim linijama &#8211; savr\u0161en za hladnija godi\u0161nja doba. Materijal: Izra\u0111eno od 76% viskoze, 20% poliamida, 4% elastina. Svi na\u0161i odjevni predmeti izra\u0111eni su isklju\u010divo od materijala certificiranih od strane OEKO-TEX klase 2, [&hellip;]<\/p>\n","protected":false},"featured_media":2787,"template":"","meta":{"_acf_changed":false},"product_brand":[],"product_cat":[90],"product_tag":[],"class_list":{"0":"post-2786","1":"product","2":"type-product","3":"status-publish","4":"has-post-thumbnail","6":"product_cat-aw-25-26","7":"pa_size-l","8":"pa_size-m","9":"pa_size-s","11":"first","12":"instock","13":"sale","14":"shipping-taxable","15":"purchasable","16":"product-type-variable"},"acf":[],"_links":{"self":[{"href":"https:\/\/stasadesign.com\/hr\/wp-json\/wp\/v2\/product\/2786","targetHints":{"allow":["GET"]}}],"collection":[{"href":"https:\/\/stasadesign.com\/hr\/wp-json\/wp\/v2\/product"}],"about":[{"href":"https:\/\/stasadesign.com\/hr\/wp-json\/wp\/v2\/types\/product"}],"wp:featuredmedia":[{"embeddable":true,"href":"https:\/\/stasadesign.com\/hr\/wp-json\/wp\/v2\/media\/2787"}],"wp:attachment":[{"href":"https:\/\/stasadesign.com\/hr\/wp-json\/wp\/v2\/media?parent=2786"}],"wp:term":[{"taxonomy":"product_brand","embeddable":true,"href":"https:\/\/stasadesign.com\/hr\/wp-json\/wp\/v2\/product_brand?post=2786"},{"taxonomy":"product_cat","embeddable":true,"href":"https:\/\/stasadesign.com\/hr\/wp-json\/wp\/v2\/product_cat?post=2786"},{"taxonomy":"product_tag","embeddable":true,"href":"https:\/\/stasadesign.com\/hr\/wp-json\/wp\/v2\/product_tag?post=2786"}],"curies":[{"name":"wp","href":"https:\/\/api.w.org\/{rel}","templated":true}]}}