{"id":2777,"date":"2026-02-01T16:58:37","date_gmt":"2026-02-01T16:58:37","guid":{"rendered":"https:\/\/stasadesign.com\/pravila-o-privatnosti\/"},"modified":"2026-04-01T14:10:25","modified_gmt":"2026-04-01T14:10:25","slug":"pravila-o-privatnosti","status":"publish","type":"page","link":"https:\/\/stasadesign.com\/hr\/pravila-o-privatnosti\/","title":{"rendered":"Pravila o privatnosti"},"content":{"rendered":"\t\t<div data-elementor-type=\"wp-page\" data-elementor-id=\"2777\" class=\"elementor elementor-2777 elementor-3\" data-elementor-post-type=\"page\">\n\t\t\t\t\t\t<section class=\"has_ae_slider elementor-section elementor-top-section elementor-element elementor-element-08abdf2 elementor-section-full_width elementor-section-height-default elementor-section-height-default ae-bg-gallery-type-default\" data-id=\"08abdf2\" data-element_type=\"section\" data-e-type=\"section\">\n\t\t\t\t\t\t<div class=\"elementor-container elementor-column-gap-default\">\n\t\t\t\t\t<div class=\"has_ae_slider elementor-column elementor-col-100 elementor-top-column elementor-element elementor-element-3f3b113 ae-bg-gallery-type-default\" data-id=\"3f3b113\" data-element_type=\"column\" data-e-type=\"column\">\n\t\t\t<div class=\"elementor-widget-wrap elementor-element-populated\">\n\t\t\t\t\t\t<div class=\"elementor-element elementor-element-e807b7a elementor-widget elementor-widget-heading\" data-id=\"e807b7a\" data-element_type=\"widget\" data-e-type=\"widget\" data-widget_type=\"heading.default\">\n\t\t\t\t\t<h1 class=\"elementor-heading-title elementor-size-default\">Pravila o privatnosti<\/h1>\t\t\t\t<\/div>\n\t\t\t\t\t<\/div>\n\t\t<\/div>\n\t\t\t\t\t<\/div>\n\t\t<\/section>\n\t\t\t\t<section class=\"has_ae_slider elementor-section elementor-top-section elementor-element elementor-element-63cf46b elementor-section-boxed elementor-section-height-default elementor-section-height-default ae-bg-gallery-type-default\" data-id=\"63cf46b\" data-element_type=\"section\" data-e-type=\"section\">\n\t\t\t\t\t\t<div class=\"elementor-container elementor-column-gap-default\">\n\t\t\t\t\t<div class=\"has_ae_slider elementor-column elementor-col-100 elementor-top-column elementor-element elementor-element-929db27 ae-bg-gallery-type-default\" data-id=\"929db27\" data-element_type=\"column\" data-e-type=\"column\">\n\t\t\t<div class=\"elementor-widget-wrap elementor-element-populated\">\n\t\t\t\t\t\t<div class=\"elementor-element elementor-element-1711721 elementor-widget elementor-widget-text-editor\" data-id=\"1711721\" data-element_type=\"widget\" data-e-type=\"widget\" data-widget_type=\"text-editor.default\">\n\t\t\t\t\t\t\t\t\t<div class=\"legal-content\">\r\n<h3><span style=\"text-decoration: underline;\">Pravila o privatnosti<\/span><\/h3>\r\nOva Pravila privatnosti obja\u0161njavaju kako STA\u0160A DESIGN, obrt za modni dizajn, vl. Sta\u0161a Randall, Pula, Kolhi\u0111anska ulica 5, Kolhi\u0111anska ulica 5, PULA, 52100, Pula, Hrvatska, OIB 07094459232 (u daljnjem tekstu: \u201eVoditelj obrade\u201c, \u201emi\u201c, \u201enas\u201c) prikuplja, koristi, pohranjuje i \u0161titi osobne podatke.\r\n\r\nZa sve zahtjeve vezane uz privatnost, molimo kontaktirajte nas na <span style=\"color: #3366ff;\">info@stasadesign.com<\/span> .\r\n<h3>1. Podaci koje prikupljamo<\/h3>\r\n<h5>1.1 Podaci prikupljeni prilikom posjeta web stranici<\/h5>\r\nKada pregledavate na\u0161u web stranicu, tehni\u010dki podaci mogu se automatski prikupljati, kao \u0161to su IP adresa, vrsta i verzija preglednika, informacije o ure\u0111aju i operativnom sustavu, posje\u0107ene stranice, vrijeme pristupa i izvor preporuke.\r\n<h5>1.2 Kola\u010di\u0107i i sli\u010dne tehnologije<\/h5>\r\nMo\u017eemo koristiti kola\u010di\u0107e i sli\u010dne tehnologije kako bismo omogu\u0107ili funkcionalnost web stranice, pobolj\u0161ali korisni\u010dko iskustvo i analizirali performanse web stranice. Postavke kola\u010di\u0107a mo\u017eete kontrolirati putem postavki preglednika i opcija bannera kola\u010di\u0107a gdje su dostupne.\r\n<h5>1.3 Podaci koji se daju prilikom narud\u017ebe<\/h5>\r\nKada naru\u010dite, mo\u017eemo prikupljati: ime i prezime, adresu za dostavu, podatke za naplatu, adresu e-po\u0161te, broj telefona, naru\u010dene artikle, status pla\u0107anja i komunikaciju vezanu uz dostavu, povrate ili reklamacije.\r\n<h5>1.4 Podaci koje dajete prilikom kontaktiranja<\/h5>\r\nAko nas kontaktirate putem e-po\u0161te ili drugih kanala, obra\u0111ujemo kontaktne podatke i sadr\u017eaj poruke potrebne za odgovor na va\u0161 zahtjev.\r\n<h5>1.5 Bilten i marketin\u0161ka komunikacija<\/h5>\r\nAko se pretplatite na marketin\u0161ke komunikacije, obra\u0111ujemo va\u0161u adresu e-po\u0161te na temelju va\u0161eg pristanka. Mo\u017eete se odjaviti u bilo kojem trenutku.\r\n<h3>2. Svrhe i pravne osnove obrade<\/h3>\r\n<strong>2.1 Ispunjenje ugovora:<\/strong> obrada potrebna za obradu narud\u017ebi, isporuku proizvoda i pru\u017eanje korisni\u010dke podr\u0161ke (GDPR \u010dlanak 6(1)(b)).\r\n\r\n<strong>2.2 Pravne obveze:<\/strong> obrada potrebna za ra\u010dunovodstvene, porezne i druge pravne obveze (GDPR \u010dlanak 6(1)(c)).\r\n\r\n<strong>2.3 Legitimni interesi:<\/strong> sigurnost web stranice, sprje\u010davanje prijevara, interna analitika i pobolj\u0161anje usluga (GDPR \u010dlanak 6(1)(f)).\r\n\r\n<strong>2.4 Privola:<\/strong> gdje je to potrebno (npr. newsletter), podaci se obra\u0111uju na temelju va\u0161e privole, koju mo\u017eete povu\u0107i u bilo kojem trenutku (GDPR \u010dlanak 6(1)(a)).\r\n<h3>3. Dijeljenje osobnih podataka<\/h3>\r\nOsobne podatke mo\u017eemo dijeliti samo kada je to potrebno i zakonito, uklju\u010duju\u0107i sa:\r\n\r\n&#8211; pru\u017eatelji usluga dostave;\r\n&#8211; pru\u017eatelji usluga pla\u0107anja;\r\n&#8211; pru\u017eatelji IT usluga, hostinga i odr\u017eavanja;\r\n&#8211; stru\u010dni savjetnici i nadle\u017ena tijela kada je to zakonom propisano.\r\n\r\nSvi obra\u0111iva\u010di anga\u017eirani su prema odgovaraju\u0107im ugovornim za\u0161titnim mjerama i smiju obra\u0111ivati \u200b\u200bpodatke samo u skladu s na\u0161im uputama.\r\n<h3>4. Me\u0111unarodni prijenosi podataka<\/h3>\r\nAko se osobni podaci prenose izvan EGP-a, osiguravamo odgovaraju\u0107e za\u0161titne mjere u skladu s GDPR-om (npr. odluke o adekvatnosti ili standardne ugovorne klauzule), gdje je to primjenjivo.\r\n<h3>5. \u010cuvanje podataka<\/h3>\r\nOsobne podatke \u010duvamo samo onoliko dugo koliko je potrebno za svrhu za koju su prikupljeni i u skladu sa zakonskim obvezama \u010duvanja. Razdoblja \u010duvanja mogu varirati ovisno o zakonskim, ra\u010dunovodstvenim i ugovornim zahtjevima.\r\n<h3>6. Prava ispitanika<\/h3>\r\nPrema GDPR-u, mo\u017eete imati pravo na:\r\n\r\n&#8211; pristupiti va\u0161im osobnim podacima;\r\n&#8211; ispraviti neto\u010dne podatke;\r\n&#8211; izbrisati podatke (\u201epravo na zaborav\u201c) gdje je to primjenjivo;\r\n&#8211; ograni\u010diti obradu;\r\n&#8211; prigovorite obradi na temelju legitimnog interesa;\r\n&#8211; prenosivost podataka;\r\n&#8211; povu\u0107i privolu u bilo kojem trenutku (kada se obrada temelji na privoli);\r\n&#8211; podnijeti pritu\u017ebu nadle\u017enom nadzornom tijelu.\r\n\r\nSvoja prava mo\u017eete ostvariti kontaktiranjem nas na <span style=\"color: #3366ff;\">info@stasadesign.com<\/span> .\r\n<h3>7. Sigurnosne mjere<\/h3>\r\nProvodimo odgovaraju\u0107e tehni\u010dke i organizacijske mjere za za\u0161titu osobnih podataka od neovla\u0161tenog pristupa, izmjene, otkrivanja ili uni\u0161tavanja.\r\n<h3>8. Usluge i poveznice tre\u0107ih strana<\/h3>\r\nNa\u0161a web stranica mo\u017ee sadr\u017eavati poveznice na web stranice tre\u0107ih strana ili koristiti usluge tre\u0107ih strana (npr. alate za pla\u0107anje ili analitiku). Njihova obrada podataka podlije\u017ee njihovim vlastitim pravilima o privatnosti.\r\n<h3>9. A\u017euriranja pravila<\/h3>\r\nOvu Politiku privatnosti mo\u017eemo s vremena na vrijeme a\u017eurirati. Najnovija verzija objavljena je na ovoj stranici.\r\n\r\nZadnje a\u017euriranje: 5. o\u017eujka 2026.\r\n\r\n<\/div><br><style>\r\n\/* STA\u0160A DESIGN legal pages layout *\/\r\n.legal-content {\r\n    max-width: 980px;\r\n    margin: 0 auto;\r\n    padding: 0;\r\n    font-size: 16px;\r\n    line-height: 1.75;\r\n    color: #1f2937;\r\n    word-break: break-word;\r\n}\r\n\r\n.legal-content h3 {\r\n    margin: 2rem 0 0.9rem;\r\n    font-size: clamp(1.25rem, 2.1vw, 1.9rem);\r\n    line-height: 1.25;\r\n}\r\n\r\n.legal-content h5 {\r\n    margin: 1.25rem 0 0.5rem;\r\n    font-size: clamp(1rem, 1.4vw, 1.2rem);\r\n    line-height: 1.35;\r\n}\r\n\r\n.legal-content p {\r\n    margin: 0.7rem 0;\r\n}\r\n\r\n.legal-content a {\r\n    color: #2563eb;\r\n    text-underline-offset: 2px;\r\n}\r\n\r\n.legal-content br {\r\n    line-height: 1.6;\r\n}\r\n\r\n@media (max-width: 1024px) {\r\n    .legal-content {\r\n        max-width: 860px;\r\n        padding: 0;\r\n        font-size: 15.5px;\r\n    }\r\n}\r\n\r\n@media (max-width: 768px) {\r\n    .legal-content {\r\n        max-width: 100%;\r\n        padding: 0;\r\n        font-size: 15px;\r\n        line-height: 1.7;\r\n    }\r\n\r\n    .legal-content h3 {\r\n        margin-top: 1.55rem;\r\n    }\r\n}\r\n\r\n@media (max-width: 480px) {\r\n    .legal-content {\r\n        padding: 0;\r\n        font-size: 12px;\r\n        line-height: 1.65;\r\n    }\r\n\r\n    .legal-content h3 {\r\n        font-size: 1.2rem;\r\n    }\r\n\r\n    .legal-content h5 {\r\n        font-size: 1rem;\r\n    }\r\n}\r\n<\/style>\t\t\t\t\t\t\t\t<\/div>\n\t\t\t\t\t<\/div>\n\t\t<\/div>\n\t\t\t\t\t<\/div>\n\t\t<\/section>\n\t\t\t\t<\/div>\n\t\t","protected":false},"excerpt":{"rendered":"<p>Pravila o privatnosti Pravila o privatnosti Ova Pravila privatnosti obja\u0161njavaju kako STA\u0160A DESIGN, obrt za modni dizajn, vl. Sta\u0161a Randall, Pula, Kolhi\u0111anska ulica 5, Kolhi\u0111anska ulica 5, PULA, 52100, Pula, Hrvatska, OIB 07094459232 (u daljnjem tekstu: \u201eVoditelj obrade\u201c, \u201emi\u201c, \u201enas\u201c) prikuplja, koristi, pohranjuje i \u0161titi osobne podatke. Za sve zahtjeve vezane uz privatnost, molimo kontaktirajte [&hellip;]<\/p>\n","protected":false},"author":1,"featured_media":0,"parent":0,"menu_order":0,"comment_status":"closed","ping_status":"closed","template":"","meta":{"_acf_changed":false,"footnotes":""},"class_list":["post-2777","page","type-page","status-publish","hentry"],"acf":[],"_links":{"self":[{"href":"https:\/\/stasadesign.com\/hr\/wp-json\/wp\/v2\/pages\/2777","targetHints":{"allow":["GET"]}}],"collection":[{"href":"https:\/\/stasadesign.com\/hr\/wp-json\/wp\/v2\/pages"}],"about":[{"href":"https:\/\/stasadesign.com\/hr\/wp-json\/wp\/v2\/types\/page"}],"author":[{"embeddable":true,"href":"https:\/\/stasadesign.com\/hr\/wp-json\/wp\/v2\/users\/1"}],"replies":[{"embeddable":true,"href":"https:\/\/stasadesign.com\/hr\/wp-json\/wp\/v2\/comments?post=2777"}],"version-history":[{"count":1,"href":"https:\/\/stasadesign.com\/hr\/wp-json\/wp\/v2\/pages\/2777\/revisions"}],"predecessor-version":[{"id":2778,"href":"https:\/\/stasadesign.com\/hr\/wp-json\/wp\/v2\/pages\/2777\/revisions\/2778"}],"wp:attachment":[{"href":"https:\/\/stasadesign.com\/hr\/wp-json\/wp\/v2\/media?parent=2777"}],"curies":[{"name":"wp","href":"https:\/\/api.w.org\/{rel}","templated":true}]}}