{"id":2767,"date":"2026-03-10T10:20:42","date_gmt":"2026-03-10T10:20:42","guid":{"rendered":"https:\/\/stasadesign.com\/transparentnost-robne-marke\/"},"modified":"2026-04-01T14:09:30","modified_gmt":"2026-04-01T14:09:30","slug":"transparentnost-robne-marke","status":"publish","type":"page","link":"https:\/\/stasadesign.com\/hr\/transparentnost-robne-marke\/","title":{"rendered":"Transparentnost robne marke"},"content":{"rendered":"\t\t<div data-elementor-type=\"wp-page\" data-elementor-id=\"2767\" class=\"elementor elementor-2767 elementor-920\" data-elementor-post-type=\"page\">\n\t\t\t\t\t\t<section class=\"has_ae_slider elementor-section elementor-top-section elementor-element elementor-element-aa81789 elementor-section-full_width elementor-section-height-default elementor-section-height-default ae-bg-gallery-type-default\" data-id=\"aa81789\" data-element_type=\"section\" data-e-type=\"section\">\n\t\t\t\t\t\t<div class=\"elementor-container elementor-column-gap-default\">\n\t\t\t\t\t<div class=\"has_ae_slider elementor-column elementor-col-100 elementor-top-column elementor-element elementor-element-64d0689 ae-bg-gallery-type-default\" data-id=\"64d0689\" data-element_type=\"column\" data-e-type=\"column\">\n\t\t\t<div class=\"elementor-widget-wrap elementor-element-populated\">\n\t\t\t\t\t\t<div class=\"elementor-element elementor-element-c7c61c5 elementor-widget elementor-widget-heading\" data-id=\"c7c61c5\" data-element_type=\"widget\" data-e-type=\"widget\" data-widget_type=\"heading.default\">\n\t\t\t\t\t<h1 class=\"elementor-heading-title elementor-size-default\">Transparentnost robne marke<\/h1>\t\t\t\t<\/div>\n\t\t\t\t\t<\/div>\n\t\t<\/div>\n\t\t\t\t\t<\/div>\n\t\t<\/section>\n\t\t\t\t<section class=\"has_ae_slider elementor-section elementor-top-section elementor-element elementor-element-f8883e2 elementor-section-boxed elementor-section-height-default elementor-section-height-default ae-bg-gallery-type-default\" data-id=\"f8883e2\" data-element_type=\"section\" data-e-type=\"section\">\n\t\t\t\t\t\t<div class=\"elementor-container elementor-column-gap-default\">\n\t\t\t\t\t<div class=\"has_ae_slider elementor-column elementor-col-100 elementor-top-column elementor-element elementor-element-217d554 ae-bg-gallery-type-default\" data-id=\"217d554\" data-element_type=\"column\" data-e-type=\"column\">\n\t\t\t<div class=\"elementor-widget-wrap elementor-element-populated\">\n\t\t\t\t\t\t<div class=\"elementor-element elementor-element-fcd8e36 text elementor-widget elementor-widget-text-editor\" data-id=\"fcd8e36\" data-element_type=\"widget\" data-e-type=\"widget\" data-widget_type=\"text-editor.default\">\n\t\t\t\t\t\t\t\t\t<p>STA\u0160A, suvremeni brend \u017eenske odje\u0107e utemeljen na principima minimalizma, kvalitete i odr\u017eivosti, osnovan je 2015. godine od strane hrvatske dizajnerice Sta\u0161e Randall. Sa sjedi\u0161tem u obalnom gradu Puli u Hrvatskoj, brend je brzo postao poznat po svojim \u010distim, geometrijskim krojevima i predanosti formi i funkciji.<\/p>\n<p>Svaki komad odra\u017eava filozofiju dizajna koja spaja jednostavnost sa sofisticirano\u0161\u0107u, crpe\u0107i inspiraciju iz moderne arhitekture, azijske mode i duboke veze s globalnim kulturama.<\/p>\n\t\t\t\t\t\t\t\t<\/div>\n\t\t\t\t\t<\/div>\n\t\t<\/div>\n\t\t\t\t\t<\/div>\n\t\t<\/section>\n\t\t\t\t<section class=\"has_ae_slider elementor-section elementor-top-section elementor-element elementor-element-95c45e0 elementor-section-full_width elementor-section-content-middle elementor-section-height-default elementor-section-height-default ae-bg-gallery-type-default\" data-id=\"95c45e0\" data-element_type=\"section\" data-e-type=\"section\">\n\t\t\t\t\t\t<div class=\"elementor-container elementor-column-gap-default\">\n\t\t\t\t\t<div class=\"has_ae_slider elementor-column elementor-col-50 elementor-top-column elementor-element elementor-element-6ff4931 ae-bg-gallery-type-default\" data-id=\"6ff4931\" data-element_type=\"column\" data-e-type=\"column\">\n\t\t\t<div class=\"elementor-widget-wrap elementor-element-populated\">\n\t\t\t\t\t\t<div class=\"elementor-element elementor-element-7bfd2cb ar32 elementor-widget elementor-widget-image\" data-id=\"7bfd2cb\" data-element_type=\"widget\" data-e-type=\"widget\" data-widget_type=\"image.default\">\n\t\t\t\t\t\t\t\t\t\t\t\t\t\t\t<img fetchpriority=\"high\" decoding=\"async\" width=\"800\" height=\"534\" src=\"https:\/\/stasadesign.com\/wp-content\/uploads\/2026\/03\/stasa-kolekcija-1-1024x684.jpg\" class=\"attachment-large size-large wp-image-3164\" alt=\"Kvalitetne komade od lana i pamuka prona\u0161li smo u novoj Sta\u0161a kolekciji\" srcset=\"https:\/\/stasadesign.com\/wp-content\/uploads\/2026\/03\/stasa-kolekcija-1-1024x684.jpg 1024w, https:\/\/stasadesign.com\/wp-content\/uploads\/2026\/03\/stasa-kolekcija-1-300x200.jpg 300w, https:\/\/stasadesign.com\/wp-content\/uploads\/2026\/03\/stasa-kolekcija-1-768x513.jpg 768w, https:\/\/stasadesign.com\/wp-content\/uploads\/2026\/03\/stasa-kolekcija-1-600x401.jpg 600w, https:\/\/stasadesign.com\/wp-content\/uploads\/2026\/03\/stasa-kolekcija-1.jpg 1192w\" sizes=\"(max-width: 800px) 100vw, 800px\" \/>\t\t\t\t\t\t\t\t\t\t\t\t\t\t\t<\/div>\n\t\t\t\t\t<\/div>\n\t\t<\/div>\n\t\t\t\t<div class=\"has_ae_slider elementor-column elementor-col-50 elementor-top-column elementor-element elementor-element-5dac6f5 ae-bg-gallery-type-default\" data-id=\"5dac6f5\" data-element_type=\"column\" data-e-type=\"column\">\n\t\t\t<div class=\"elementor-widget-wrap elementor-element-populated\">\n\t\t\t\t\t\t<div class=\"elementor-element elementor-element-d770341 elementor-widget elementor-widget-heading\" data-id=\"d770341\" data-element_type=\"widget\" data-e-type=\"widget\" data-widget_type=\"heading.default\">\n\t\t\t\t\t<h2 class=\"elementor-heading-title elementor-size-default\">Obveza odr\u017eivosti<\/h2>\t\t\t\t<\/div>\n\t\t\t\t<div class=\"elementor-element elementor-element-2586792 text elementor-widget elementor-widget-text-editor\" data-id=\"2586792\" data-element_type=\"widget\" data-e-type=\"widget\" data-widget_type=\"text-editor.default\">\n\t\t\t\t\t\t\t\t\t<p>U sr\u017ei STA\u0160E je sna\u017ena predanost odr\u017eivosti. Vjerujemo da moda ne bi trebala dolaziti na \u0161tetu okoli\u0161a te se trudimo donositi svjesne odluke kroz na\u0161e procese dizajna i proizvodnje.<\/p>\n\t\t\t\t\t\t\t\t<\/div>\n\t\t\t\t\t<\/div>\n\t\t<\/div>\n\t\t\t\t\t<\/div>\n\t\t<\/section>\n\t\t\t\t<section class=\"has_ae_slider elementor-section elementor-top-section elementor-element elementor-element-9f81d3c elementor-section-full_width elementor-section-content-middle elementor-reverse-mobile elementor-section-height-default elementor-section-height-default ae-bg-gallery-type-default\" data-id=\"9f81d3c\" data-element_type=\"section\" data-e-type=\"section\">\n\t\t\t\t\t\t<div class=\"elementor-container elementor-column-gap-default\">\n\t\t\t\t\t<div class=\"has_ae_slider elementor-column elementor-col-50 elementor-top-column elementor-element elementor-element-c95402d ae-bg-gallery-type-default\" data-id=\"c95402d\" data-element_type=\"column\" data-e-type=\"column\">\n\t\t\t<div class=\"elementor-widget-wrap elementor-element-populated\">\n\t\t\t\t\t\t<div class=\"elementor-element elementor-element-2ba55bb elementor-widget elementor-widget-heading\" data-id=\"2ba55bb\" data-element_type=\"widget\" data-e-type=\"widget\" data-widget_type=\"heading.default\">\n\t\t\t\t\t<h2 class=\"elementor-heading-title elementor-size-default\">Ekolo\u0161ki prihvatljivi tekstil<\/h2>\t\t\t\t<\/div>\n\t\t\t\t<div class=\"elementor-element elementor-element-0efd3d5 text elementor-widget elementor-widget-text-editor\" data-id=\"0efd3d5\" data-element_type=\"widget\" data-e-type=\"widget\" data-widget_type=\"text-editor.default\">\n\t\t\t\t\t\t\t\t\t<p>Pa\u017eljivo biramo tkanine, daju\u0107i prednost materijalima koji su odr\u017eivi, \u200b\u200borganski i ekolo\u0161ki prihvatljivi. To uklju\u010duje upotrebu certificiranog organskog pamuka, recikliranih materijala i inovativnih tekstila koji smanjuju utjecaj na okoli\u0161. Na\u0161 fokus na visokokvalitetne tkanine ne samo da osigurava dugotrajnost, ve\u0107 i smanjuje otpad, poti\u010du\u0107i na\u0161e kupce da ula\u017eu u komade koji \u0107e trajati.<\/p>\n\t\t\t\t\t\t\t\t<\/div>\n\t\t\t\t\t<\/div>\n\t\t<\/div>\n\t\t\t\t<div class=\"has_ae_slider elementor-column elementor-col-50 elementor-top-column elementor-element elementor-element-b95276a ae-bg-gallery-type-default\" data-id=\"b95276a\" data-element_type=\"column\" data-e-type=\"column\">\n\t\t\t<div class=\"elementor-widget-wrap elementor-element-populated\">\n\t\t\t\t\t\t<div class=\"elementor-element elementor-element-fc28903 ar32 elementor-widget elementor-widget-image\" data-id=\"fc28903\" data-element_type=\"widget\" data-e-type=\"widget\" data-widget_type=\"image.default\">\n\t\t\t\t\t\t\t\t\t\t\t\t\t\t\t<img decoding=\"async\" width=\"800\" height=\"1000\" src=\"https:\/\/stasadesign.com\/wp-content\/uploads\/2026\/02\/BF_00058-scaled-1-819x1024.jpg\" class=\"attachment-large size-large wp-image-2966\" alt=\"Alternativni tekst\" srcset=\"https:\/\/stasadesign.com\/wp-content\/uploads\/2026\/02\/BF_00058-scaled-1-819x1024.jpg 819w, https:\/\/stasadesign.com\/wp-content\/uploads\/2026\/02\/BF_00058-scaled-1-240x300.jpg 240w, https:\/\/stasadesign.com\/wp-content\/uploads\/2026\/02\/BF_00058-scaled-1-768x960.jpg 768w, https:\/\/stasadesign.com\/wp-content\/uploads\/2026\/02\/BF_00058-scaled-1-1229x1536.jpg 1229w, https:\/\/stasadesign.com\/wp-content\/uploads\/2026\/02\/BF_00058-scaled-1-1638x2048.jpg 1638w, https:\/\/stasadesign.com\/wp-content\/uploads\/2026\/02\/BF_00058-scaled-1-600x750.jpg 600w, https:\/\/stasadesign.com\/wp-content\/uploads\/2026\/02\/BF_00058-scaled-1.jpg 2048w\" sizes=\"(max-width: 800px) 100vw, 800px\" \/>\t\t\t\t\t\t\t\t\t\t\t\t\t\t\t<\/div>\n\t\t\t\t\t<\/div>\n\t\t<\/div>\n\t\t\t\t\t<\/div>\n\t\t<\/section>\n\t\t\t\t<section class=\"has_ae_slider elementor-section elementor-top-section elementor-element elementor-element-d688dbd elementor-section-full_width elementor-section-content-middle elementor-section-height-default elementor-section-height-default ae-bg-gallery-type-default\" data-id=\"d688dbd\" data-element_type=\"section\" data-e-type=\"section\">\n\t\t\t\t\t\t<div class=\"elementor-container elementor-column-gap-default\">\n\t\t\t\t\t<div class=\"has_ae_slider elementor-column elementor-col-50 elementor-top-column elementor-element elementor-element-9b9b5fc ae-bg-gallery-type-default\" data-id=\"9b9b5fc\" data-element_type=\"column\" data-e-type=\"column\">\n\t\t\t<div class=\"elementor-widget-wrap elementor-element-populated\">\n\t\t\t\t\t\t<div class=\"elementor-element elementor-element-fc7a8de ar32 elementor-widget elementor-widget-image\" data-id=\"fc7a8de\" data-element_type=\"widget\" data-e-type=\"widget\" data-widget_type=\"image.default\">\n\t\t\t\t\t\t\t\t\t\t\t\t\t\t\t<img decoding=\"async\" width=\"800\" height=\"800\" src=\"https:\/\/stasadesign.com\/wp-content\/uploads\/2026\/03\/DSC_7487-scaled-1.webp\" class=\"attachment-large size-large wp-image-3190\" alt=\"Stasa Design new collection\" srcset=\"https:\/\/stasadesign.com\/wp-content\/uploads\/2026\/03\/DSC_7487-scaled-1.webp 800w, https:\/\/stasadesign.com\/wp-content\/uploads\/2026\/03\/DSC_7487-scaled-1-300x300.webp 300w, https:\/\/stasadesign.com\/wp-content\/uploads\/2026\/03\/DSC_7487-scaled-1-150x150.webp 150w, https:\/\/stasadesign.com\/wp-content\/uploads\/2026\/03\/DSC_7487-scaled-1-768x768.webp 768w, https:\/\/stasadesign.com\/wp-content\/uploads\/2026\/03\/DSC_7487-scaled-1-600x600.webp 600w, https:\/\/stasadesign.com\/wp-content\/uploads\/2026\/03\/DSC_7487-scaled-1-100x100.webp 100w\" sizes=\"(max-width: 800px) 100vw, 800px\" \/>\t\t\t\t\t\t\t\t\t\t\t\t\t\t\t<\/div>\n\t\t\t\t\t<\/div>\n\t\t<\/div>\n\t\t\t\t<div class=\"has_ae_slider elementor-column elementor-col-50 elementor-top-column elementor-element elementor-element-7e5e062 ae-bg-gallery-type-default\" data-id=\"7e5e062\" data-element_type=\"column\" data-e-type=\"column\">\n\t\t\t<div class=\"elementor-widget-wrap elementor-element-populated\">\n\t\t\t\t\t\t<div class=\"elementor-element elementor-element-7b2e625 elementor-widget elementor-widget-heading\" data-id=\"7b2e625\" data-element_type=\"widget\" data-e-type=\"widget\" data-widget_type=\"heading.default\">\n\t\t\t\t\t<h2 class=\"elementor-heading-title elementor-size-default\">Lokalna proizvodnja<\/h2>\t\t\t\t<\/div>\n\t\t\t\t<div class=\"elementor-element elementor-element-b391e16 text elementor-widget elementor-widget-text-editor\" data-id=\"b391e16\" data-element_type=\"widget\" data-e-type=\"widget\" data-widget_type=\"text-editor.default\">\n\t\t\t\t\t\t\t\t\t<p>Svaki STA\u0160A komad izra\u0111en je s pa\u017enjom i ljubavlju u Hrvatskoj. Odr\u017eavanjem lokalne proizvodnje smanjujemo uglji\u010dni otisak i podr\u017eavamo lokalno gospodarstvo. Na\u0161 tim vje\u0161tih obrtnika i kroja\u010da radi pod po\u0161tenim uvjetima, osiguravaju\u0107i da je svaki odjevni predmet izra\u0111en s najve\u0107om pa\u017enjom posve\u0107enom detaljima i izradi.<\/p>\n\t\t\t\t\t\t\t\t<\/div>\n\t\t\t\t\t<\/div>\n\t\t<\/div>\n\t\t\t\t\t<\/div>\n\t\t<\/section>\n\t\t\t\t<section class=\"has_ae_slider elementor-section elementor-top-section elementor-element elementor-element-62e1212 elementor-section-full_width elementor-section-content-middle elementor-reverse-mobile elementor-section-height-default elementor-section-height-default ae-bg-gallery-type-default\" data-id=\"62e1212\" data-element_type=\"section\" data-e-type=\"section\">\n\t\t\t\t\t\t<div class=\"elementor-container elementor-column-gap-default\">\n\t\t\t\t\t<div class=\"has_ae_slider elementor-column elementor-col-50 elementor-top-column elementor-element elementor-element-4374c3f ae-bg-gallery-type-default\" data-id=\"4374c3f\" data-element_type=\"column\" data-e-type=\"column\">\n\t\t\t<div class=\"elementor-widget-wrap elementor-element-populated\">\n\t\t\t\t\t\t<div class=\"elementor-element elementor-element-5e3da10 elementor-widget elementor-widget-heading\" data-id=\"5e3da10\" data-element_type=\"widget\" data-e-type=\"widget\" data-widget_type=\"heading.default\">\n\t\t\t\t\t<h2 class=\"elementor-heading-title elementor-size-default\">Filozofija dizajna<\/h2>\t\t\t\t<\/div>\n\t\t\t\t<div class=\"elementor-element elementor-element-f109c2d text elementor-widget elementor-widget-text-editor\" data-id=\"f109c2d\" data-element_type=\"widget\" data-e-type=\"widget\" data-widget_type=\"text-editor.default\">\n\t\t\t\t\t\t\t\t\t<p>Filozofija dizajna STA\u0160A usredoto\u010dena je na jednostavnost i funkcionalnost, s naglaskom na stvaranju bezvremenskih komada koji nadilaze sezonske trendove. Vjerujemo u mantru &#8220;Neka bude jednostavno&#8221;, izra\u0111uju\u0107i odjevne predmete koji su svestrani, jednostavni za no\u0161enje i dizajnirani da nadopunjuju na\u010din \u017eivota moderne \u017eene. Na\u0161e kolekcije sadr\u017ee minimalisti\u010dke siluete s \u010distim linijama, geometrijskim oblicima i profinjenom estetikom koja govori i o suvremenom i o klasi\u010dnom stilu.<\/p>\n\t\t\t\t\t\t\t\t<\/div>\n\t\t\t\t\t<\/div>\n\t\t<\/div>\n\t\t\t\t<div class=\"has_ae_slider elementor-column elementor-col-50 elementor-top-column elementor-element elementor-element-dfd617a ae-bg-gallery-type-default\" data-id=\"dfd617a\" data-element_type=\"column\" data-e-type=\"column\">\n\t\t\t<div class=\"elementor-widget-wrap elementor-element-populated\">\n\t\t\t\t\t\t<div class=\"elementor-element elementor-element-3a6c52d ar32 elementor-widget elementor-widget-image\" data-id=\"3a6c52d\" data-element_type=\"widget\" data-e-type=\"widget\" data-widget_type=\"image.default\">\n\t\t\t\t\t\t\t\t\t\t\t\t\t\t\t<img loading=\"lazy\" decoding=\"async\" width=\"800\" height=\"534\" src=\"https:\/\/stasadesign.com\/wp-content\/uploads\/2026\/03\/IMG_8277-scaled.jpg-1024x683.jpeg\" class=\"attachment-large size-large wp-image-4696\" alt=\"\" srcset=\"https:\/\/stasadesign.com\/wp-content\/uploads\/2026\/03\/IMG_8277-scaled.jpg-1024x683.jpeg 1024w, https:\/\/stasadesign.com\/wp-content\/uploads\/2026\/03\/IMG_8277-scaled.jpg-300x200.jpeg 300w, https:\/\/stasadesign.com\/wp-content\/uploads\/2026\/03\/IMG_8277-scaled.jpg-768x512.jpeg 768w, https:\/\/stasadesign.com\/wp-content\/uploads\/2026\/03\/IMG_8277-scaled.jpg-1536x1024.jpeg 1536w, https:\/\/stasadesign.com\/wp-content\/uploads\/2026\/03\/IMG_8277-scaled.jpg-2048x1366.jpeg 2048w, https:\/\/stasadesign.com\/wp-content\/uploads\/2026\/03\/IMG_8277-scaled.jpg-600x400.jpeg 600w\" sizes=\"(max-width: 800px) 100vw, 800px\" \/>\t\t\t\t\t\t\t\t\t\t\t\t\t\t\t<\/div>\n\t\t\t\t\t<\/div>\n\t\t<\/div>\n\t\t\t\t\t<\/div>\n\t\t<\/section>\n\t\t\t\t<section class=\"has_ae_slider elementor-section elementor-top-section elementor-element elementor-element-2d91a6a elementor-section-full_width elementor-section-content-middle elementor-section-height-default elementor-section-height-default ae-bg-gallery-type-default\" data-id=\"2d91a6a\" data-element_type=\"section\" data-e-type=\"section\">\n\t\t\t\t\t\t<div class=\"elementor-container elementor-column-gap-default\">\n\t\t\t\t\t<div class=\"has_ae_slider elementor-column elementor-col-50 elementor-top-column elementor-element elementor-element-6508866 ae-bg-gallery-type-default\" data-id=\"6508866\" data-element_type=\"column\" data-e-type=\"column\">\n\t\t\t<div class=\"elementor-widget-wrap elementor-element-populated\">\n\t\t\t\t\t\t<div class=\"elementor-element elementor-element-15bd0c3 ar32 elementor-widget elementor-widget-image\" data-id=\"15bd0c3\" data-element_type=\"widget\" data-e-type=\"widget\" data-widget_type=\"image.default\">\n\t\t\t\t\t\t\t\t\t\t\t\t\t\t\t<img loading=\"lazy\" decoding=\"async\" width=\"800\" height=\"1000\" src=\"https:\/\/stasadesign.com\/wp-content\/uploads\/2026\/02\/BF_00400-scaled-1-819x1024.jpg\" class=\"attachment-large size-large wp-image-2831\" alt=\"Alternativni tekst\" srcset=\"https:\/\/stasadesign.com\/wp-content\/uploads\/2026\/02\/BF_00400-scaled-1-819x1024.jpg 819w, https:\/\/stasadesign.com\/wp-content\/uploads\/2026\/02\/BF_00400-scaled-1-240x300.jpg 240w, https:\/\/stasadesign.com\/wp-content\/uploads\/2026\/02\/BF_00400-scaled-1-768x960.jpg 768w, https:\/\/stasadesign.com\/wp-content\/uploads\/2026\/02\/BF_00400-scaled-1-1229x1536.jpg 1229w, https:\/\/stasadesign.com\/wp-content\/uploads\/2026\/02\/BF_00400-scaled-1-1638x2048.jpg 1638w, https:\/\/stasadesign.com\/wp-content\/uploads\/2026\/02\/BF_00400-scaled-1-600x750.jpg 600w, https:\/\/stasadesign.com\/wp-content\/uploads\/2026\/02\/BF_00400-scaled-1.jpg 2048w\" sizes=\"(max-width: 800px) 100vw, 800px\" \/>\t\t\t\t\t\t\t\t\t\t\t\t\t\t\t<\/div>\n\t\t\t\t\t<\/div>\n\t\t<\/div>\n\t\t\t\t<div class=\"has_ae_slider elementor-column elementor-col-50 elementor-top-column elementor-element elementor-element-f5a8b0c ae-bg-gallery-type-default\" data-id=\"f5a8b0c\" data-element_type=\"column\" data-e-type=\"column\">\n\t\t\t<div class=\"elementor-widget-wrap elementor-element-populated\">\n\t\t\t\t\t\t<div class=\"elementor-element elementor-element-f0c593e elementor-widget elementor-widget-heading\" data-id=\"f0c593e\" data-element_type=\"widget\" data-e-type=\"widget\" data-widget_type=\"heading.default\">\n\t\t\t\t\t<h2 class=\"elementor-heading-title elementor-size-default\">Transparentnost i odgovornost<\/h2>\t\t\t\t<\/div>\n\t\t\t\t<div class=\"elementor-element elementor-element-6e8b7d1 text elementor-widget elementor-widget-text-editor\" data-id=\"6e8b7d1\" data-element_type=\"widget\" data-e-type=\"widget\" data-widget_type=\"text-editor.default\">\n\t\t\t\t\t\t\t\t\t<p>Vjerujemo da je transparentnost klju\u010dna za izgradnju povjerenja s na\u0161im kupcima. STA\u0160A je posve\u0107ena otvorenosti u vezi s na\u0161im praksama, od nabave i proizvodnje do na\u0161ih ekolo\u0161kih i eti\u010dkih standarda. Redovito obavje\u0161tavamo na\u0161u zajednicu o na\u0161im naporima, izazovima i napretku u podru\u010dju odr\u017eivosti, osiguravaju\u0107i da su na\u0161i kupci informirani i uklju\u010deni u na\u0161e putovanje prema odr\u017eivijoj budu\u0107nosti.<\/p>\n\t\t\t\t\t\t\t\t<\/div>\n\t\t\t\t\t<\/div>\n\t\t<\/div>\n\t\t\t\t\t<\/div>\n\t\t<\/section>\n\t\t\t\t<section class=\"has_ae_slider elementor-section elementor-top-section elementor-element elementor-element-8c4485c elementor-section-full_width elementor-section-content-middle elementor-reverse-mobile elementor-section-height-default elementor-section-height-default ae-bg-gallery-type-default\" data-id=\"8c4485c\" data-element_type=\"section\" data-e-type=\"section\">\n\t\t\t\t\t\t<div class=\"elementor-container elementor-column-gap-default\">\n\t\t\t\t\t<div class=\"has_ae_slider elementor-column elementor-col-50 elementor-top-column elementor-element elementor-element-016fe1b ae-bg-gallery-type-default\" data-id=\"016fe1b\" data-element_type=\"column\" data-e-type=\"column\">\n\t\t\t<div class=\"elementor-widget-wrap elementor-element-populated\">\n\t\t\t\t\t\t<div class=\"elementor-element elementor-element-cb79795 elementor-widget elementor-widget-heading\" data-id=\"cb79795\" data-element_type=\"widget\" data-e-type=\"widget\" data-widget_type=\"heading.default\">\n\t\t\t\t\t<h2 class=\"elementor-heading-title elementor-size-default\">Pogled unaprijed<\/h2>\t\t\t\t<\/div>\n\t\t\t\t<div class=\"elementor-element elementor-element-7cce0ba text elementor-widget elementor-widget-text-editor\" data-id=\"7cce0ba\" data-element_type=\"widget\" data-e-type=\"widget\" data-widget_type=\"text-editor.default\">\n\t\t\t\t\t\t\t\t\t<p>Dok nastavljamo rasti, STA\u0160A ostaje posve\u0107ena pomicanju granica odr\u017eive mode. Neprestano istra\u017eujemo nove na\u010dine za smanjenje utjecaja na okoli\u0161, inoviramo s ekolo\u0161ki prihvatljivim materijalima i stvaramo dizajne koji odra\u017eavaju na\u0161e vrijednosti. Na\u0161 je cilj predvoditi primjerom, inspiriraju\u0107i i na\u0161e kupce i \u0161iru modnu industriju da prihvate odr\u017eivost, kvalitetu i eti\u010dke prakse.<\/p>\n\t\t\t\t\t\t\t\t<\/div>\n\t\t\t\t\t<\/div>\n\t\t<\/div>\n\t\t\t\t<div class=\"has_ae_slider elementor-column elementor-col-50 elementor-top-column elementor-element elementor-element-0770b5a ae-bg-gallery-type-default\" data-id=\"0770b5a\" data-element_type=\"column\" data-e-type=\"column\">\n\t\t\t<div class=\"elementor-widget-wrap elementor-element-populated\">\n\t\t\t\t\t\t<div class=\"elementor-element elementor-element-c95a3f7 ar32 elementor-widget elementor-widget-image\" data-id=\"c95a3f7\" data-element_type=\"widget\" data-e-type=\"widget\" data-widget_type=\"image.default\">\n\t\t\t\t\t\t\t\t\t\t\t\t\t\t\t<img loading=\"lazy\" decoding=\"async\" width=\"800\" height=\"1000\" src=\"https:\/\/stasadesign.com\/wp-content\/uploads\/2026\/02\/IMG_3004-scaled-1-819x1024.jpg\" class=\"attachment-large size-large wp-image-2999\" alt=\"Alternativni tekst\" srcset=\"https:\/\/stasadesign.com\/wp-content\/uploads\/2026\/02\/IMG_3004-scaled-1-819x1024.jpg 819w, https:\/\/stasadesign.com\/wp-content\/uploads\/2026\/02\/IMG_3004-scaled-1-240x300.jpg 240w, https:\/\/stasadesign.com\/wp-content\/uploads\/2026\/02\/IMG_3004-scaled-1-768x960.jpg 768w, https:\/\/stasadesign.com\/wp-content\/uploads\/2026\/02\/IMG_3004-scaled-1-1229x1536.jpg 1229w, https:\/\/stasadesign.com\/wp-content\/uploads\/2026\/02\/IMG_3004-scaled-1-1638x2048.jpg 1638w, https:\/\/stasadesign.com\/wp-content\/uploads\/2026\/02\/IMG_3004-scaled-1-600x750.jpg 600w, https:\/\/stasadesign.com\/wp-content\/uploads\/2026\/02\/IMG_3004-scaled-1.jpg 2048w\" sizes=\"(max-width: 800px) 100vw, 800px\" \/>\t\t\t\t\t\t\t\t\t\t\t\t\t\t\t<\/div>\n\t\t\t\t\t<\/div>\n\t\t<\/div>\n\t\t\t\t\t<\/div>\n\t\t<\/section>\n\t\t\t\t<\/div>\n\t\t","protected":false},"excerpt":{"rendered":"<p>Transparentnost robne marke STA\u0160A, suvremeni brend \u017eenske odje\u0107e utemeljen na principima minimalizma, kvalitete i odr\u017eivosti, osnovan je 2015. godine od strane hrvatske dizajnerice Sta\u0161e Randall. Sa sjedi\u0161tem u obalnom gradu Puli u Hrvatskoj, brend je brzo postao poznat po svojim \u010distim, geometrijskim krojevima i predanosti formi i funkciji. Svaki komad odra\u017eava filozofiju dizajna koja spaja [&hellip;]<\/p>\n","protected":false},"author":1,"featured_media":0,"parent":0,"menu_order":0,"comment_status":"closed","ping_status":"closed","template":"","meta":{"_acf_changed":false,"footnotes":""},"class_list":["post-2767","page","type-page","status-publish","hentry"],"acf":[],"_links":{"self":[{"href":"https:\/\/stasadesign.com\/hr\/wp-json\/wp\/v2\/pages\/2767","targetHints":{"allow":["GET"]}}],"collection":[{"href":"https:\/\/stasadesign.com\/hr\/wp-json\/wp\/v2\/pages"}],"about":[{"href":"https:\/\/stasadesign.com\/hr\/wp-json\/wp\/v2\/types\/page"}],"author":[{"embeddable":true,"href":"https:\/\/stasadesign.com\/hr\/wp-json\/wp\/v2\/users\/1"}],"replies":[{"embeddable":true,"href":"https:\/\/stasadesign.com\/hr\/wp-json\/wp\/v2\/comments?post=2767"}],"version-history":[{"count":1,"href":"https:\/\/stasadesign.com\/hr\/wp-json\/wp\/v2\/pages\/2767\/revisions"}],"predecessor-version":[{"id":2768,"href":"https:\/\/stasadesign.com\/hr\/wp-json\/wp\/v2\/pages\/2767\/revisions\/2768"}],"wp:attachment":[{"href":"https:\/\/stasadesign.com\/hr\/wp-json\/wp\/v2\/media?parent=2767"}],"curies":[{"name":"wp","href":"https:\/\/api.w.org\/{rel}","templated":true}]}}