{"id":2761,"date":"2026-02-19T12:24:33","date_gmt":"2026-02-19T12:24:33","guid":{"rendered":"https:\/\/stasadesign.com\/o-stasi\/"},"modified":"2026-04-01T14:07:19","modified_gmt":"2026-04-01T14:07:19","slug":"o-stasi","status":"publish","type":"page","link":"https:\/\/stasadesign.com\/hr\/o-stasi\/","title":{"rendered":"O Sta\u0161i"},"content":{"rendered":"\t\t<div data-elementor-type=\"wp-page\" data-elementor-id=\"2761\" class=\"elementor elementor-2761 elementor-478\" data-elementor-post-type=\"page\">\n\t\t\t\t\t\t<section class=\"has_ae_slider elementor-section elementor-top-section elementor-element elementor-element-b4e4c5f elementor-section-full_width elementor-section-height-default elementor-section-height-default ae-bg-gallery-type-default\" data-id=\"b4e4c5f\" data-element_type=\"section\" data-e-type=\"section\">\n\t\t\t\t\t\t<div class=\"elementor-container elementor-column-gap-default\">\n\t\t\t\t\t<div class=\"has_ae_slider elementor-column elementor-col-100 elementor-top-column elementor-element elementor-element-d02d0d6 ae-bg-gallery-type-default\" data-id=\"d02d0d6\" data-element_type=\"column\" data-e-type=\"column\">\n\t\t\t<div class=\"elementor-widget-wrap elementor-element-populated\">\n\t\t\t\t\t\t<div class=\"elementor-element elementor-element-7a9ce0c elementor-widget elementor-widget-heading\" data-id=\"7a9ce0c\" data-element_type=\"widget\" data-e-type=\"widget\" data-widget_type=\"heading.default\">\n\t\t\t\t\t<h1 class=\"elementor-heading-title elementor-size-default\">O Sta\u0161i<\/h1>\t\t\t\t<\/div>\n\t\t\t\t\t<\/div>\n\t\t<\/div>\n\t\t\t\t\t<\/div>\n\t\t<\/section>\n\t\t\t\t<section class=\"has_ae_slider elementor-section elementor-top-section elementor-element elementor-element-3249dcd elementor-section-full_width elementor-section-height-default elementor-section-height-default ae-bg-gallery-type-default\" data-id=\"3249dcd\" data-element_type=\"section\" data-e-type=\"section\">\n\t\t\t\t\t\t<div class=\"elementor-container elementor-column-gap-default\">\n\t\t\t\t\t<div class=\"has_ae_slider elementor-column elementor-col-50 elementor-top-column elementor-element elementor-element-d6082fa ae-bg-gallery-type-default\" data-id=\"d6082fa\" data-element_type=\"column\" data-e-type=\"column\">\n\t\t\t<div class=\"elementor-widget-wrap elementor-element-populated\">\n\t\t\t\t\t\t<section class=\"has_ae_slider elementor-section elementor-inner-section elementor-element elementor-element-8ef9e83 elementor-section-boxed elementor-section-height-default elementor-section-height-default ae-bg-gallery-type-default\" data-id=\"8ef9e83\" data-element_type=\"section\" data-e-type=\"section\" data-settings=\"{&quot;sticky&quot;:&quot;top&quot;,&quot;sticky_on&quot;:[&quot;desktop&quot;,&quot;laptop&quot;],&quot;sticky_offset&quot;:80,&quot;sticky_effects_offset&quot;:1,&quot;sticky_parent&quot;:&quot;yes&quot;,&quot;sticky_anchor_link_offset&quot;:0}\">\n\t\t\t\t\t\t<div class=\"elementor-container elementor-column-gap-default\">\n\t\t\t\t\t<div class=\"has_ae_slider elementor-column elementor-col-100 elementor-inner-column elementor-element elementor-element-f27f950 ae-bg-gallery-type-default\" data-id=\"f27f950\" data-element_type=\"column\" data-e-type=\"column\">\n\t\t\t<div class=\"elementor-widget-wrap elementor-element-populated\">\n\t\t\t\t\t\t<div class=\"elementor-element elementor-element-82259c1 elementor-widget elementor-widget-image\" data-id=\"82259c1\" data-element_type=\"widget\" data-e-type=\"widget\" data-widget_type=\"image.default\">\n\t\t\t\t\t\t\t\t\t\t\t\t\t\t\t<img fetchpriority=\"high\" decoding=\"async\" width=\"640\" height=\"820\" src=\"https:\/\/stasadesign.com\/wp-content\/uploads\/2026\/02\/stasa-about.jpg\" class=\"attachment-large size-large wp-image-2757\" alt=\"\" srcset=\"https:\/\/stasadesign.com\/wp-content\/uploads\/2026\/02\/stasa-about.jpg 640w, https:\/\/stasadesign.com\/wp-content\/uploads\/2026\/02\/stasa-about-234x300.jpg 234w, https:\/\/stasadesign.com\/wp-content\/uploads\/2026\/02\/stasa-about-600x769.jpg 600w\" sizes=\"(max-width: 640px) 100vw, 640px\" \/>\t\t\t\t\t\t\t\t\t\t\t\t\t\t\t<\/div>\n\t\t\t\t<div class=\"elementor-element elementor-element-0f3f2b6 elementor-widget elementor-widget-text-editor\" data-id=\"0f3f2b6\" data-element_type=\"widget\" data-e-type=\"widget\" data-widget_type=\"text-editor.default\">\n\t\t\t\t\t\t\t\t\t<p><strong>Sta\u0161a Doblanovi\u0107 Randall<\/strong><\/p>\n<p><em>Modni dizajner i stilist tekstila<\/em><\/p>\n\t\t\t\t\t\t\t\t<\/div>\n\t\t\t\t\t<\/div>\n\t\t<\/div>\n\t\t\t\t\t<\/div>\n\t\t<\/section>\n\t\t\t\t\t<\/div>\n\t\t<\/div>\n\t\t\t\t<div class=\"has_ae_slider elementor-column elementor-col-50 elementor-top-column elementor-element elementor-element-8a83971 ae-bg-gallery-type-default\" data-id=\"8a83971\" data-element_type=\"column\" data-e-type=\"column\">\n\t\t\t<div class=\"elementor-widget-wrap elementor-element-populated\">\n\t\t\t\t\t\t<div class=\"elementor-element elementor-element-9c6153b elementor-widget elementor-widget-heading\" data-id=\"9c6153b\" data-element_type=\"widget\" data-e-type=\"widget\" data-widget_type=\"heading.default\">\n\t\t\t\t\t<h2 class=\"elementor-heading-title elementor-size-default\">Rani \u017eivot i pozadina<\/h2>\t\t\t\t<\/div>\n\t\t\t\t<div class=\"elementor-element elementor-element-329cd0b text elementor-widget elementor-widget-text-editor\" data-id=\"329cd0b\" data-element_type=\"widget\" data-e-type=\"widget\" data-widget_type=\"text-editor.default\">\n\t\t\t\t\t\t\t\t\t<p>Sta\u0161a Randall ro\u0111ena je u slikovitom obalnom gradu Puli u Hrvatskoj, gdje je od malih nogu njegovala svoju strast prema dizajnu. Odrastaju\u0107i u obitelji duboko ukorijenjenoj u umjetnosti, bilo je sasvim prirodno da Sta\u0161a prona\u0111e svoj put u svijetu mode i dizajna. Sa samo \u010detiri godine Sta\u0161a je po\u010dela \u0161ivati \u200b\u200bpod vodstvom svoje majke, kostimografkinje za balet i kazali\u0161te. Ovo rano upoznavanje sa svijetom tkanina, uzoraka i principa dizajna postavilo je temelje za njezinu budu\u0107u karijeru.<\/p>\n<p>Na Sta\u0161ino kreativno putovanje dodatno je utjecala njezina teta Vi\u0161nja, istaknuta kreativna direktorica u jednoj od najve\u0107ih hrvatskih modnih tvrtki. Usko sura\u0111uju\u0107i s tetom, Sta\u0161a je usavr\u0161ila svoje vje\u0161tine krojenja krojeva, razli\u010ditih tehnika \u0161ivanja i stekla duboko razumijevanje poslovnih aspekata modne industrije. Ovo mentorstvo pru\u017eilo joj je sveobuhvatan uvid u svijet mode, spajaju\u0107i kreativnost s komercijalnom o\u0161troumno\u0161\u0107u.<\/p>\n<p>Sta\u0161ina kreativna filozofija je duboko osobna, kako \u010desto ka\u017ee: \u201eSve \u0161to stvorim dio je mene.\u201c<\/p>\n\t\t\t\t\t\t\t\t<\/div>\n\t\t\t\t<div class=\"elementor-element elementor-element-322094b elementor-widget elementor-widget-heading\" data-id=\"322094b\" data-element_type=\"widget\" data-e-type=\"widget\" data-widget_type=\"heading.default\">\n\t\t\t\t\t<h2 class=\"elementor-heading-title elementor-size-default\">Obrazovanje<\/h2>\t\t\t\t<\/div>\n\t\t\t\t<div class=\"elementor-element elementor-element-6f08775 text elementor-widget elementor-widget-text-editor\" data-id=\"6f08775\" data-element_type=\"widget\" data-e-type=\"widget\" data-widget_type=\"text-editor.default\">\n\t\t\t\t\t\t\t\t\t<p>Sta\u0161ino formalno obrazovanje u modnom i tekstilnom dizajnu jednako je impresivno kao i njezino prakti\u010dno iskustvo:<\/p>\n<ul>\n<li><strong>Srednja \u0161kola likovnih umjetnosti<\/strong> \u2013 Odjel za dizajn tekstila i mode, Hrvatska<\/li>\n<li><strong>Prvostupnik umjetnosti u dizajnu tekstila<\/strong> \u2013 Tekstilno-tehnolo\u0161ki fakultet, Sveu\u010dili\u0161te u Zagrebu, Hrvatska<\/li>\n<li><strong>Magistar umjetnosti u modnom dizajnu<\/strong> \u2013 Tekstilno-tehnolo\u0161ki fakultet, Sveu\u010dili\u0161te u Zagrebu, Hrvatska<\/li>\n<li><strong>Erasmus program razmjene<\/strong> \u2013 MA Modni biznis, ENSAIT Nacionalna poslijediplomska \u0161kola tekstilnog in\u017eenjerstva, Roubaix, Francuska<\/li>\n<\/ul>\n<p>Ova obrazovna postignu\u0107a pru\u017eila su Sta\u0161i sna\u017enu akademsku osnovu, nadopunjuju\u0107i njezino prakti\u010dno iskustvo u industriji.<\/p>\n\t\t\t\t\t\t\t\t<\/div>\n\t\t\t\t<div class=\"elementor-element elementor-element-20dc177 elementor-widget elementor-widget-heading\" data-id=\"20dc177\" data-element_type=\"widget\" data-e-type=\"widget\" data-widget_type=\"heading.default\">\n\t\t\t\t\t<h2 class=\"elementor-heading-title elementor-size-default\">Profesionalno iskustvo<\/h2>\t\t\t\t<\/div>\n\t\t\t\t<div class=\"elementor-element elementor-element-f844b7c text elementor-widget elementor-widget-text-editor\" data-id=\"f844b7c\" data-element_type=\"widget\" data-e-type=\"widget\" data-widget_type=\"text-editor.default\">\n\t\t\t\t\t\t\t\t\t<p>Sta\u0161a Randall stekla je zna\u010dajno iskustvo u modnoj industriji, rade\u0107i s poznatim dizajnerima i brendovima. Njezino putovanje uklju\u010duje:<\/p>\n<ul>\n<li><strong>Gan Gan London<\/strong> \u2013 Pomo\u0107na dizajnerica \u017eenske odje\u0107e, 2015.<\/li>\n<li><strong>Mehle London<\/strong> \u2013 Pomo\u0107na dizajnerica \u017eenske odje\u0107e, 2016.<\/li>\n<li><strong>Roland Mouret<\/strong> \u2013 Pomo\u0107ni dizajner \u017eenske odje\u0107e, 2017.<\/li>\n<li><strong>Amicor Green Resort by Valamar, Hvar<\/strong> \u2013 Godine 2022. Sta\u0161a je dobila narud\u017ebu za dizajniranje uniformi za osoblje hotela, projekt koji je zavr\u0161ila pod svojom markom <strong>STA\u0160A DESIGN<\/strong> .<\/li>\n<\/ul>\n<p>Ove uloge omogu\u0107ile su Sta\u0161i da usavr\u0161i svoje dizajnerske vje\u0161tine i razumije slo\u017eenu dinamiku globalne modne industrije.<\/p>\n\t\t\t\t\t\t\t\t<\/div>\n\t\t\t\t<div class=\"elementor-element elementor-element-9750e2b elementor-widget elementor-widget-heading\" data-id=\"9750e2b\" data-element_type=\"widget\" data-e-type=\"widget\" data-widget_type=\"heading.default\">\n\t\t\t\t\t<h2 class=\"elementor-heading-title elementor-size-default\">Priznanja i postignu\u0107a<\/h2>\t\t\t\t<\/div>\n\t\t\t\t<div class=\"elementor-element elementor-element-c125387 text elementor-widget elementor-widget-text-editor\" data-id=\"c125387\" data-element_type=\"widget\" data-e-type=\"widget\" data-widget_type=\"text-editor.default\">\n\t\t\t\t\t\t\t\t\t<p>Sta\u0161in talent prepoznat je kroz razne nagrade i izlo\u017ebe:<\/p>\n<ul>\n<li><strong>Prva izlo\u017eba (2011.)<\/strong> \u2013 Odr\u017eana u Zagrebu u Galeriji \u201eVladimir Horvat\u201c, s fokusom na temu \u201ePet elemenata\u201c.<\/li>\n<li><strong>Dreft Fashion Week, Zagreb (2014.)<\/strong> \u2013 Osigurala je mjesto me\u0111u prva tri mjesta, \u0161to ju je ozna\u010dilo kao jedan od mladih talenata u regiji.<\/li>\n<li><strong>Kolekcija \u201eTriangle\u201c (2015.)<\/strong> \u2013 Uvr\u0161tena me\u0111u 30 najboljih mladih balkanskih dizajnera, \u0161to je zna\u010dajno priznanje na regionalnoj modnoj sceni.<\/li>\n<li><strong>Kolekcija \u201e4sqm of Pure\u201c (2017.)<\/strong> \u2013 Odabrana za Tjedan mode u Londonu, velja\u010da 2017., \u010dime je dodatno u\u010dvrstila svoju me\u0111unarodnu prisutnost.<\/li>\n<li><strong>Kolekcija \u201eEquality\u201c<\/strong> \u2013 predstavljena u pop-up trgovini na Tjednu mode u Londonu od strane modne platforme N7FUK u rujnu 2018. i velja\u010di 2019.<\/li>\n<li><strong>60. izlo\u017eba Castrum Vallis (2024.)<\/strong> \u2013 Sta\u0161ina tekstilna umjetni\u010dka djela izlo\u017eena su u Balama u Hrvatskoj, pokazuju\u0107i njezinu svestranost kao tekstilne umjetnice.<\/li>\n<\/ul>\n\t\t\t\t\t\t\t\t<\/div>\n\t\t\t\t<div class=\"elementor-element elementor-element-24e8ce2 elementor-widget elementor-widget-heading\" data-id=\"24e8ce2\" data-element_type=\"widget\" data-e-type=\"widget\" data-widget_type=\"heading.default\">\n\t\t\t\t\t<h2 class=\"elementor-heading-title elementor-size-default\">Filozofija dizajna<\/h2>\t\t\t\t<\/div>\n\t\t\t\t<div class=\"elementor-element elementor-element-1c9bd94 text elementor-widget elementor-widget-text-editor\" data-id=\"1c9bd94\" data-element_type=\"widget\" data-e-type=\"widget\" data-widget_type=\"text-editor.default\">\n\t\t\t\t\t\t\t\t\t<p>Sta\u0161in rad karakterizira duboka osobna povezanost sa svakim komadom koji stvori. Njezini dizajni \u010desto istra\u017euju teme identiteta, jednakosti i ljudskog iskustva, \u010dine\u0107i njezin rad ne samo vizualno upe\u010datljivim ve\u0107 i bogatim zna\u010denjem. Njezine kolekcije poznate su po inovativnoj upotrebi tekstila, pedantnoj izradi i jedinstvenoj mje\u0161avini tradicionalnih i suvremenih dizajnerskih elemenata.<\/p>\n<p>Sta\u0161a Randall nastavlja se razvijati kao dizajnerica, spajaju\u0107i svoje bogato naslje\u0111e, opse\u017eno obrazovanje i raznoliko iskustvo u industriji. Njezin rad ne samo da odra\u017eava njezino osobno putovanje, ve\u0107 i doprinosi \u0161iroj narativu suvremene mode i tekstilne umjetnosti. Sta\u0161a ostaje istaknuta osoba u modnoj industriji, prepoznata po svojoj kreativnosti, vje\u0161tini i predanosti svom zanatu.<\/p>\n\t\t\t\t\t\t\t\t<\/div>\n\t\t\t\t\t<\/div>\n\t\t<\/div>\n\t\t\t\t\t<\/div>\n\t\t<\/section>\n\t\t\t\t<\/div>\n\t\t","protected":false},"excerpt":{"rendered":"<p>O Sta\u0161i Sta\u0161a Doblanovi\u0107 Randall Modni dizajner i stilist tekstila Rani \u017eivot i pozadina Sta\u0161a Randall ro\u0111ena je u slikovitom obalnom gradu Puli u Hrvatskoj, gdje je od malih nogu njegovala svoju strast prema dizajnu. Odrastaju\u0107i u obitelji duboko ukorijenjenoj u umjetnosti, bilo je sasvim prirodno da Sta\u0161a prona\u0111e svoj put u svijetu mode i [&hellip;]<\/p>\n","protected":false},"author":1,"featured_media":0,"parent":0,"menu_order":0,"comment_status":"closed","ping_status":"closed","template":"","meta":{"_acf_changed":false,"footnotes":""},"class_list":["post-2761","page","type-page","status-publish","hentry"],"acf":[],"_links":{"self":[{"href":"https:\/\/stasadesign.com\/hr\/wp-json\/wp\/v2\/pages\/2761","targetHints":{"allow":["GET"]}}],"collection":[{"href":"https:\/\/stasadesign.com\/hr\/wp-json\/wp\/v2\/pages"}],"about":[{"href":"https:\/\/stasadesign.com\/hr\/wp-json\/wp\/v2\/types\/page"}],"author":[{"embeddable":true,"href":"https:\/\/stasadesign.com\/hr\/wp-json\/wp\/v2\/users\/1"}],"replies":[{"embeddable":true,"href":"https:\/\/stasadesign.com\/hr\/wp-json\/wp\/v2\/comments?post=2761"}],"version-history":[{"count":1,"href":"https:\/\/stasadesign.com\/hr\/wp-json\/wp\/v2\/pages\/2761\/revisions"}],"predecessor-version":[{"id":2762,"href":"https:\/\/stasadesign.com\/hr\/wp-json\/wp\/v2\/pages\/2761\/revisions\/2762"}],"wp:attachment":[{"href":"https:\/\/stasadesign.com\/hr\/wp-json\/wp\/v2\/media?parent=2761"}],"curies":[{"name":"wp","href":"https:\/\/api.w.org\/{rel}","templated":true}]}}